{"id":813,"date":"2026-04-02T15:19:42","date_gmt":"2026-04-02T15:19:42","guid":{"rendered":"https:\/\/elainapupikkutassut.fi\/?page_id=813"},"modified":"2026-04-02T16:12:31","modified_gmt":"2026-04-02T16:12:31","slug":"elainten-kotihoitopalvelu","status":"publish","type":"page","link":"https:\/\/elainapupikkutassut.fi\/?page_id=813","title":{"rendered":"El\u00e4inten kotihoitopalvelu"},"content":{"rendered":"\n<p class=\"has-text-align-center\">Suunnitteletko lomareissua vai tarvitsetko luotettavaa hoitajaa el\u00e4inyst\u00e4v\u00e4llesi esimerkiksi pitkien ty\u00f6p\u00e4ivien ajaksi?<\/p>\n\n\n\n<p class=\"has-text-align-center\" id=\"block-e286fe9d-2145-4e50-8d1d-8a19d2fef516\">Meilt\u00e4 saat ammattitaitoista ja luotettavaa el\u00e4inten kotihoitopalvelua Someron alueella! Tarjoamme kotihoitopalvelua p\u00e4\u00e4s\u00e4\u00e4nt\u00f6isesti kissoille, kaneille sek\u00e4 pienille jyrsij\u00f6ille. Jos tarvitset hoitoapua muiden el\u00e4inten kanssa, voit ottaa meihin rohkeasti yhteytt\u00e4 &#8211; katsotaan yhdess\u00e4, miten voimme olla avuksi!<\/p>\n\n\n\n<p class=\"has-text-align-center\" id=\"block-137198ad-05fe-4c7b-b33b-40b7b631c259\">Tutustu kotihoitopalveluun lis\u00e4\u00e4 alta!<\/p>\n\n\n<div class=\"wp-block-image\">\n<figure class=\"aligncenter size-large is-resized\"><img loading=\"lazy\" decoding=\"async\" width=\"576\" height=\"1024\" src=\"https:\/\/elainapupikkutassut.fi\/wp-content\/uploads\/2026\/03\/20250713_150846-576x1024.jpg\" alt=\"\" class=\"wp-image-721\" style=\"width:292px;height:auto\" srcset=\"https:\/\/elainapupikkutassut.fi\/wp-content\/uploads\/2026\/03\/20250713_150846-576x1024.jpg 576w, https:\/\/elainapupikkutassut.fi\/wp-content\/uploads\/2026\/03\/20250713_150846-169x300.jpg 169w, https:\/\/elainapupikkutassut.fi\/wp-content\/uploads\/2026\/03\/20250713_150846-768x1365.jpg 768w, https:\/\/elainapupikkutassut.fi\/wp-content\/uploads\/2026\/03\/20250713_150846-864x1536.jpg 864w, https:\/\/elainapupikkutassut.fi\/wp-content\/uploads\/2026\/03\/20250713_150846-1153x2048.jpg 1153w, https:\/\/elainapupikkutassut.fi\/wp-content\/uploads\/2026\/03\/20250713_150846-scaled.jpg 1441w\" sizes=\"auto, (max-width: 576px) 100vw, 576px\" \/><\/figure>\n<\/div>\n\n\n<p><\/p>\n\n\n\n<h2 class=\"wp-block-heading\" id=\"block-0504fba0-fd19-4554-b497-9bf65be24b10\">Miksi kotihoitopalvelu?<\/h2>\n\n\n\n<p id=\"block-6cae7a5d-0943-41dd-95b2-854ac789f103\">Monille el\u00e4imille matkustaminen voi olla j\u00e4nnitt\u00e4v\u00e4\u00e4 ja stressaavaa. Esimerkiksi kissat ja kanit ovat hyvin herkki\u00e4 ymp\u00e4rist\u00f6n muutoksille ja saattavat j\u00e4nnitt\u00e4\u00e4 kovasti vieraaseen ymp\u00e4rist\u00f6\u00f6n matkustamista. My\u00f6s pienet jyrsij\u00e4t saattavat kokea matkustamisen hyvin j\u00e4nnitt\u00e4v\u00e4n\u00e4 asiana. Aina lemmikin mukaan ottaminen esimerkiksi lomareissulle ei my\u00f6sk\u00e4\u00e4n v\u00e4ltt\u00e4m\u00e4tt\u00e4 ole mahdollista, ja moni el\u00e4in voi kokea my\u00f6s hoitolaan menemisen stressaavana asiana.<\/p>\n\n\n\n<p id=\"block-b4147133-02f0-4e7a-8ebb-973365c331e9\"><strong>Kotihoitopalvelu <\/strong>onkin mainio ratkaisu tilanteisiin, joissa el\u00e4int\u00e4 ei voida syyst\u00e4 taikka toisesta ottaa reissuun mukaan. Se on erinomainen vaihtoehto my\u00f6s niille el\u00e4imille, jotka j\u00e4nnitt\u00e4v\u00e4t esimerkiksi hoitolaan tai muuhun vieraaseen ymp\u00e4rist\u00f6\u00f6n joutumista.<\/p>\n\n\n\n<p class=\"has-black-color has-text-color has-link-color wp-elements-c15975ddfc2150f6518c99b6d992f220\" id=\"block-b8f1c652-298c-4aec-bbb2-86041fa03e37\">Meilt\u00e4 saat ammattimaista ja el\u00e4inl\u00e4ht\u00f6ist\u00e4 kotihoitopalvelua el\u00e4inyst\u00e4v\u00e4llesi! Kotihoitopalvelun ajantasaiseen hinnastoon p\u00e4\u00e4set tutustumaan <a href=\"https:\/\/elainapupikkutassut.fi\/?page_id=380\" data-type=\"page\" data-id=\"380\">t\u00e4\u00e4lt\u00e4.<\/a><\/p>\n\n\n<div class=\"wp-block-image\">\n<figure class=\"aligncenter size-large is-resized\"><img loading=\"lazy\" decoding=\"async\" width=\"576\" height=\"1024\" src=\"https:\/\/elainapupikkutassut.fi\/wp-content\/uploads\/2026\/03\/Rumpali-3-1-576x1024.jpg\" alt=\"\" class=\"wp-image-751\" style=\"width:302px;height:auto\" srcset=\"https:\/\/elainapupikkutassut.fi\/wp-content\/uploads\/2026\/03\/Rumpali-3-1-576x1024.jpg 576w, https:\/\/elainapupikkutassut.fi\/wp-content\/uploads\/2026\/03\/Rumpali-3-1-169x300.jpg 169w, https:\/\/elainapupikkutassut.fi\/wp-content\/uploads\/2026\/03\/Rumpali-3-1-768x1365.jpg 768w, https:\/\/elainapupikkutassut.fi\/wp-content\/uploads\/2026\/03\/Rumpali-3-1-864x1536.jpg 864w, https:\/\/elainapupikkutassut.fi\/wp-content\/uploads\/2026\/03\/Rumpali-3-1-1153x2048.jpg 1153w, https:\/\/elainapupikkutassut.fi\/wp-content\/uploads\/2026\/03\/Rumpali-3-1-scaled.jpg 1441w\" sizes=\"auto, (max-width: 576px) 100vw, 576px\" \/><\/figure>\n<\/div>\n\n\n<p><\/p>\n\n\n\n<h2 class=\"wp-block-heading\" id=\"block-53ba23ea-d0fd-4a7f-ba7d-18f85fb48aef\">Miten kotihoitopalvelu k\u00e4yt\u00e4nn\u00f6ss\u00e4 toimii?<\/h2>\n\n\n\n<p id=\"block-6c2e88ba-ef45-48b5-aa96-50dec401f31a\">El\u00e4imen kotihoitopalvelu tapahtuu asiakkaan kotona, el\u00e4imelle tutussa ja turvallisessa ymp\u00e4rist\u00f6ss\u00e4. Hoidettavan el\u00e4imen luona k\u00e4yd\u00e4\u00e4n 1-2 kertaa p\u00e4iv\u00e4ss\u00e4 &#8211; suosittelemme aina 2 k\u00e4yntikertaa p\u00e4iv\u00e4ss\u00e4, mutta omistajan niin halutessaan el\u00e4imen luona voidaan k\u00e4yd\u00e4 my\u00f6s kerran p\u00e4iv\u00e4ss\u00e4. Kotik\u00e4ynnin aikana huolehdimme el\u00e4imen hoidosta ja pid\u00e4mme huolta siit\u00e4, ett\u00e4 el\u00e4imell\u00e4 on kaikki kunnossa. El\u00e4imen hoito toteutetaan el\u00e4imen omistajan antamien ohjeiden ja toiveiden mukaisesti. El\u00e4imen hoidossa huomioimme el\u00e4imet aina yksil\u00f6in\u00e4 ja toteutamme el\u00e4imen hoidon lempe\u00e4sti, el\u00e4int\u00e4 kuunnellen.<\/p>\n\n\n\n<p id=\"block-1866b9f2-8a0e-4daf-9022-d0ffde74f1f5\">Ensimm\u00e4ist\u00e4 kotihoitojaksoaikaa sovittaessa sovimme aina tapaamisen el\u00e4imen omistajan kotona (t\u00e4m\u00e4 sis\u00e4ltyy palvelun hintaan). Ensimm\u00e4isell\u00e4 tapaamisella keskustelemme el\u00e4imen hoidosta ja kaikista siihen liittyvist\u00e4 k\u00e4yt\u00e4nn\u00f6n asioista. Samalla teemme el\u00e4imen kotihoitojaksosta kirjallisen hoitosopimuksen. Tarjoamme el\u00e4inten kotihoitopalvelua Somerolla.<\/p>\n\n\n\n<p id=\"block-1dc77aff-58fb-41fa-8697-f4b7361824b8\"><strong>El\u00e4inten p\u00e4ivitt\u00e4inen kotihoitopalvelu sis\u00e4lt\u00e4\u00e4:<\/strong><\/p>\n\n\n\n<ul id=\"block-8be53eb2-17ee-4b89-8e53-bb720440d7dd\" class=\"wp-block-list\">\n<li>El\u00e4imen luona k\u00e4ynti 1-2 kertaa p\u00e4iv\u00e4ss\u00e4 (jos tarvetta useammalle k\u00e4ynnille, sovitaan n\u00e4m\u00e4 erikseen)<\/li>\n\n\n\n<li>El\u00e4imen voinnin ja yleiskunnon huolellinen seuranta kotik\u00e4yntien aikana<\/li>\n\n\n\n<li>El\u00e4imen ruokinta omistajan ohjeiden mukaisesti<\/li>\n\n\n\n<li>El\u00e4imen asuintilan \/ vessa-alueen siivoukset omistajan ohjeiden mukaisesti<\/li>\n\n\n\n<li>El\u00e4imen virikkeist\u00e4minen &amp; aktivointi (esim. ruokavirikkett\u00e4, mielek\u00e4st\u00e4 aivojumppaa..)<\/li>\n\n\n\n<li>El\u00e4imen mahdollisten l\u00e4\u00e4kkeiden antaminen omistajan ohjeiden mukaisesti<\/li>\n\n\n\n<li>El\u00e4imen kuulumisten kertominen &amp; yhteydenpito el\u00e4imen omistajaan (WhatsApp \/ tekstari)<\/li>\n\n\n\n<li>El\u00e4imen mahdolliset lenkitykset \/ ulkoilutukset kotik\u00e4yntien yhteydess\u00e4<\/li>\n<\/ul>\n\n\n\n<h2 class=\"wp-block-heading\" id=\"block-984c19db-9fa0-4ec7-a949-cba90940665e\">Kotihoitopalvelu kiinnostaa &#8211; miten toimin?<\/h2>\n\n\n\n<p id=\"block-20dde7a0-80a9-4da6-8ee9-ffe28121b24c\">Jos olet kiinnostunut kotihoitopalvelusta, ota meihin rohkeasti yhteytt\u00e4 joko s\u00e4hk\u00f6postitse (riina@elainapupikkutassut.fi) tai puhelimitse \/ viestitse numeroon 045-78301168 (ma-pe klo:11-19, la klo: 11-16).<\/p>\n\n\n<div class=\"wp-block-image\">\n<figure class=\"aligncenter size-large is-resized\"><img loading=\"lazy\" decoding=\"async\" width=\"1024\" height=\"576\" src=\"https:\/\/elainapupikkutassut.fi\/wp-content\/uploads\/2026\/03\/Vanu-9-1024x576.jpg\" alt=\"\" class=\"wp-image-754\" style=\"width:568px;height:auto\" srcset=\"https:\/\/elainapupikkutassut.fi\/wp-content\/uploads\/2026\/03\/Vanu-9-1024x576.jpg 1024w, https:\/\/elainapupikkutassut.fi\/wp-content\/uploads\/2026\/03\/Vanu-9-300x169.jpg 300w, https:\/\/elainapupikkutassut.fi\/wp-content\/uploads\/2026\/03\/Vanu-9-768x432.jpg 768w, https:\/\/elainapupikkutassut.fi\/wp-content\/uploads\/2026\/03\/Vanu-9-1536x864.jpg 1536w, https:\/\/elainapupikkutassut.fi\/wp-content\/uploads\/2026\/03\/Vanu-9-2048x1153.jpg 2048w\" sizes=\"auto, (max-width: 1024px) 100vw, 1024px\" \/><\/figure>\n<\/div>\n\n\n<p><\/p>\n","protected":false},"excerpt":{"rendered":"<p>Suunnitteletko lomareissua vai tarvitsetko luotettavaa hoitajaa el\u00e4inyst\u00e4v\u00e4llesi esimerkiksi pitkien ty\u00f6p\u00e4ivien ajaksi? Meilt\u00e4 saat ammattitaitoista ja luotettavaa el\u00e4inten kotihoitopalvelua Someron alueella! Tarjoamme kotihoitopalvelua p\u00e4\u00e4s\u00e4\u00e4nt\u00f6isesti kissoille, kaneille sek\u00e4 pienille jyrsij\u00f6ille. Jos tarvitset hoitoapua muiden el\u00e4inten kanssa, voit ottaa meihin rohkeasti yhteytt\u00e4 &#8211; katsotaan yhdess\u00e4, miten voimme olla avuksi! Tutustu kotihoitopalveluun lis\u00e4\u00e4 alta! Miksi kotihoitopalvelu? Monille el\u00e4imille matkustaminen &hellip; <\/p>\n","protected":false},"author":1,"featured_media":0,"parent":0,"menu_order":0,"comment_status":"closed","ping_status":"closed","template":"","meta":{"footnotes":""},"class_list":["post-813","page","type-page","status-publish","hentry"],"_links":{"self":[{"href":"https:\/\/elainapupikkutassut.fi\/index.php?rest_route=\/wp\/v2\/pages\/813","targetHints":{"allow":["GET"]}}],"collection":[{"href":"https:\/\/elainapupikkutassut.fi\/index.php?rest_route=\/wp\/v2\/pages"}],"about":[{"href":"https:\/\/elainapupikkutassut.fi\/index.php?rest_route=\/wp\/v2\/types\/page"}],"author":[{"embeddable":true,"href":"https:\/\/elainapupikkutassut.fi\/index.php?rest_route=\/wp\/v2\/users\/1"}],"replies":[{"embeddable":true,"href":"https:\/\/elainapupikkutassut.fi\/index.php?rest_route=%2Fwp%2Fv2%2Fcomments&post=813"}],"version-history":[{"count":6,"href":"https:\/\/elainapupikkutassut.fi\/index.php?rest_route=\/wp\/v2\/pages\/813\/revisions"}],"predecessor-version":[{"id":825,"href":"https:\/\/elainapupikkutassut.fi\/index.php?rest_route=\/wp\/v2\/pages\/813\/revisions\/825"}],"wp:attachment":[{"href":"https:\/\/elainapupikkutassut.fi\/index.php?rest_route=%2Fwp%2Fv2%2Fmedia&parent=813"}],"curies":[{"name":"wp","href":"https:\/\/api.w.org\/{rel}","templated":true}]}}