{"id":788,"date":"2026-03-30T17:29:35","date_gmt":"2026-03-30T17:29:35","guid":{"rendered":"https:\/\/elainapupikkutassut.fi\/?page_id=788"},"modified":"2026-03-31T13:54:24","modified_gmt":"2026-03-31T13:54:24","slug":"huonosti-kayttaytyvat-kanit-webinaari","status":"publish","type":"page","link":"https:\/\/elainapupikkutassut.fi\/?page_id=788","title":{"rendered":"Huonosti k\u00e4ytt\u00e4ytyv\u00e4t kanit- webinaari"},"content":{"rendered":"<div class=\"wp-block-image\">\n<figure class=\"aligncenter size-large is-resized\"><img loading=\"lazy\" decoding=\"async\" width=\"1024\" height=\"576\" src=\"https:\/\/elainapupikkutassut.fi\/wp-content\/uploads\/2026\/03\/photo_2026-03-30_20-16-23-1024x576.jpg\" alt=\"\" class=\"wp-image-789\" style=\"width:724px;height:auto\" srcset=\"https:\/\/elainapupikkutassut.fi\/wp-content\/uploads\/2026\/03\/photo_2026-03-30_20-16-23-1024x576.jpg 1024w, https:\/\/elainapupikkutassut.fi\/wp-content\/uploads\/2026\/03\/photo_2026-03-30_20-16-23-300x169.jpg 300w, https:\/\/elainapupikkutassut.fi\/wp-content\/uploads\/2026\/03\/photo_2026-03-30_20-16-23-768x432.jpg 768w, https:\/\/elainapupikkutassut.fi\/wp-content\/uploads\/2026\/03\/photo_2026-03-30_20-16-23.jpg 1280w\" sizes=\"auto, (max-width: 1024px) 100vw, 1024px\" \/><\/figure>\n<\/div>\n\n\n<p><\/p>\n\n\n\n<p class=\"has-text-align-center\">Miksi kani puree ja n\u00e4ykkii? Onko kanin hutipissailu mielenosoitus? Mit\u00e4 voi tehd\u00e4, jos kani j\u00e4rsii ja tuhoaa jatkuvasti kaikki huonekalut pilalle?<\/p>\n\n\n\n<p class=\"has-text-align-center\">Muun muassa n\u00e4ihin kysymyksiin saat vastauksia meid\u00e4n HUONOSTI K\u00c4YTT\u00c4YTYV\u00c4T KANIT- webinaarissa! Pohdimme luennolla sit\u00e4, mit\u00e4 kanin ns. &#8221;ongelmak\u00e4yt\u00f6s&#8221; on ja mist\u00e4 sellainen oikein kumpuaa. Tutustumme my\u00f6s tarkemmin kanien erilaisiin k\u00e4yt\u00f6shaasteisiin ja pohdimme sit\u00e4, miten erilaisia k\u00e4yt\u00f6shaasteita voidaan ennaltaehk\u00e4ist\u00e4.<\/p>\n\n\n\n<p class=\"has-text-align-center\">Luennoitsijana toimii Pikkutassujen kaneihin erikoistunut el\u00e4intenkouluttaja Riina Aapio.<\/p>\n\n\n\n<p class=\"has-text-align-center\">Webinaari j\u00e4rjestet\u00e4\u00e4n ti 12.5. klo:18 Teamsissa. Luennon kesto on noin 1,5 tuntia ja aikaa on varattu my\u00f6s osallistujien kysymyksille. Webinaariin osallistuville l\u00e4hetet\u00e4\u00e4n kutsulinkit Teamsiin s\u00e4hk\u00f6postitse muutama p\u00e4iv\u00e4 ennen webinaaria.<\/p>\n\n\n\n<p class=\"has-text-align-center\">Etk\u00f6 p\u00e4\u00e4se osallistumaan luennolle, mutta aihe kiinnostaisi? Ei h\u00e4t\u00e4\u00e4 &#8211; <strong>luento tallennetaan<\/strong> ja kaikki webinaariin ilmoittautuneet saavat tallenteen webinaarin j\u00e4lkeen katsottavaksi! P\u00e4\u00e4set siis katsomaan tallenteen j\u00e4lkik\u00e4teen, vaikka et p\u00e4\u00e4sisi mukaan liveluennolle!<\/p>\n\n\n\n<p class=\"has-text-align-center has-black-color has-text-color has-link-color wp-elements-0d17acc5d5db91445d516dcf2fda0227\">Ilmoittaudu mukaan s\u00e4hk\u00f6postitse (riina@elainapupikkutassut.fi) tai osta oma paikkasi webinaariin <a href=\"https:\/\/holvi.com\/shop\/elainapupikkutassut\/\" data-type=\"link\" data-id=\"https:\/\/holvi.com\/shop\/elainapupikkutassut\/\">verkkokaupasta<\/a> <strong>6.5. menness\u00e4<\/strong> niin p\u00e4\u00e4set mukaan edullisemmalla &#8221;EARLY BIRD&#8221;- hinnalla = 20\u20ac! (norm.hinta 25\u20ac)<\/p>\n\n\n\n<p class=\"has-text-align-center\"><strong>Ilmoittaudu mukaan VIIMEIST\u00c4\u00c4N 9.5.<\/strong><\/p>\n\n\n\n<blockquote class=\"wp-block-quote is-layout-flow wp-block-quote-is-layout-flow\">\n<p class=\"has-text-align-center has-medium-font-size\">&#8221;<em>Mielt\u00e4 avartava anti: ns. ongelmak\u00e4yt\u00f6s on ongelmallista vain meille ihmisille, mutta usein lajityypillist\u00e4 k\u00e4ytt\u00e4ytymist\u00e4 kaneille. Kanit ei m\u00f6k\u00f6t\u00e4, ei kosta, eik\u00e4 tee tahallaan! Eritt\u00e4in t\u00e4rke\u00e4 aihe, voi auttaa jopa ennaltaest\u00e4m\u00e4\u00e4n kaneista luopumista, jos k\u00e4rjistyneisiin ongelmak\u00e4yt\u00f6stilanteisiin l\u00f6ytyisi t\u00e4t\u00e4 kautta ratkaisu (eli ymm\u00e4rrett\u00e4isiin miksi kani k\u00e4ytt\u00e4ytyy tietyll\u00e4 tapaa ja miten tilanteeseen voidaan tarttua).<\/em>&#8221;<\/p>\n\n\n\n<p class=\"has-text-align-center has-small-font-size\"><em>Asiakaspalaute &#8221;Huonosti k\u00e4ytt\u00e4ytyv\u00e4t kanit&#8221;- webinaarista <\/em><\/p>\n<\/blockquote>\n","protected":false},"excerpt":{"rendered":"<p>Miksi kani puree ja n\u00e4ykkii? Onko kanin hutipissailu mielenosoitus? Mit\u00e4 voi tehd\u00e4, jos kani j\u00e4rsii ja tuhoaa jatkuvasti kaikki huonekalut pilalle? Muun muassa n\u00e4ihin kysymyksiin saat vastauksia meid\u00e4n HUONOSTI K\u00c4YTT\u00c4YTYV\u00c4T KANIT- webinaarissa! Pohdimme luennolla sit\u00e4, mit\u00e4 kanin ns. &#8221;ongelmak\u00e4yt\u00f6s&#8221; on ja mist\u00e4 sellainen oikein kumpuaa. Tutustumme my\u00f6s tarkemmin kanien erilaisiin k\u00e4yt\u00f6shaasteisiin ja pohdimme sit\u00e4, miten &hellip; <\/p>\n","protected":false},"author":1,"featured_media":0,"parent":0,"menu_order":0,"comment_status":"closed","ping_status":"closed","template":"","meta":{"footnotes":""},"class_list":["post-788","page","type-page","status-publish","hentry"],"_links":{"self":[{"href":"https:\/\/elainapupikkutassut.fi\/index.php?rest_route=\/wp\/v2\/pages\/788","targetHints":{"allow":["GET"]}}],"collection":[{"href":"https:\/\/elainapupikkutassut.fi\/index.php?rest_route=\/wp\/v2\/pages"}],"about":[{"href":"https:\/\/elainapupikkutassut.fi\/index.php?rest_route=\/wp\/v2\/types\/page"}],"author":[{"embeddable":true,"href":"https:\/\/elainapupikkutassut.fi\/index.php?rest_route=\/wp\/v2\/users\/1"}],"replies":[{"embeddable":true,"href":"https:\/\/elainapupikkutassut.fi\/index.php?rest_route=%2Fwp%2Fv2%2Fcomments&post=788"}],"version-history":[{"count":2,"href":"https:\/\/elainapupikkutassut.fi\/index.php?rest_route=\/wp\/v2\/pages\/788\/revisions"}],"predecessor-version":[{"id":805,"href":"https:\/\/elainapupikkutassut.fi\/index.php?rest_route=\/wp\/v2\/pages\/788\/revisions\/805"}],"wp:attachment":[{"href":"https:\/\/elainapupikkutassut.fi\/index.php?rest_route=%2Fwp%2Fv2%2Fmedia&parent=788"}],"curies":[{"name":"wp","href":"https:\/\/api.w.org\/{rel}","templated":true}]}}