{"id":785,"date":"2026-03-30T17:27:34","date_gmt":"2026-03-30T17:27:34","guid":{"rendered":"https:\/\/elainapupikkutassut.fi\/?page_id=785"},"modified":"2026-03-31T13:29:40","modified_gmt":"2026-03-31T13:29:40","slug":"kasittely-kanille-kivaksi-webinaari","status":"publish","type":"page","link":"https:\/\/elainapupikkutassut.fi\/?page_id=785","title":{"rendered":"K\u00e4sittely kanille kivaksi- webinaari"},"content":{"rendered":"<div class=\"wp-block-image\">\n<figure class=\"aligncenter size-large is-resized\"><img loading=\"lazy\" decoding=\"async\" width=\"1024\" height=\"682\" src=\"https:\/\/elainapupikkutassut.fi\/wp-content\/uploads\/2026\/03\/photo_2026-03-30_20-10-39-1024x682.jpg\" alt=\"\" class=\"wp-image-786\" style=\"aspect-ratio:1.501508211373031;width:624px;height:auto\" srcset=\"https:\/\/elainapupikkutassut.fi\/wp-content\/uploads\/2026\/03\/photo_2026-03-30_20-10-39-1024x682.jpg 1024w, https:\/\/elainapupikkutassut.fi\/wp-content\/uploads\/2026\/03\/photo_2026-03-30_20-10-39-300x200.jpg 300w, https:\/\/elainapupikkutassut.fi\/wp-content\/uploads\/2026\/03\/photo_2026-03-30_20-10-39-768x512.jpg 768w, https:\/\/elainapupikkutassut.fi\/wp-content\/uploads\/2026\/03\/photo_2026-03-30_20-10-39-450x300.jpg 450w, https:\/\/elainapupikkutassut.fi\/wp-content\/uploads\/2026\/03\/photo_2026-03-30_20-10-39.jpg 1280w\" sizes=\"auto, (max-width: 1024px) 100vw, 1024px\" \/><\/figure>\n<\/div>\n\n\n<p><\/p>\n\n\n\n<p class=\"has-text-align-center\">Onko kanin hoitotoimenpiteiden tekeminen sinulle ja kanillesi yht\u00e4 pakkopullaa? Toivoisitko, ett\u00e4 kanin k\u00e4sittelytilanteet sujuisivat rauhallisesti ja ett\u00e4 ne olisivat miellytt\u00e4v\u00e4mpi\u00e4 tilanteita my\u00f6s kanillesi?<\/p>\n\n\n\n<p class=\"has-text-align-center\">Tiesitk\u00f6, ett\u00e4 k\u00e4sittelyjuttujen ei tarvitse olla pakkopullaa &#8211; k\u00e4sittelyjuttuja voidaan my\u00f6s harjoitella ja tehd\u00e4 hoitotoimenpiteit\u00e4 yhteisty\u00f6ss\u00e4 kanin kanssa!<\/p>\n\n\n\n<p class=\"has-text-align-center\">K\u00c4SITTELY KANILLE KIVAKSI on uutuuswebinaarimme, jossa pohdimme sit\u00e4, miten k\u00e4sittelytilanteista voitaisiin saada kanille miellytt\u00e4v\u00e4mpi\u00e4 tilanteita. Saat ideoita siihen, miten hoitotoimenpiteiden tekemist\u00e4 voi l\u00e4hte\u00e4 harjoittelemaan ja miksi hoitotoimenpiteiden tekeminen kanil\u00e4ht\u00f6isesti kannattaa.<\/p>\n\n\n\n<p class=\"has-text-align-center\">Luennoitsijana toimii Pikkutassujen kaneihin erikoistunut el\u00e4intenkouluttaja Riina Aapio, joka on syventynyt el\u00e4inten osallistavaan ja stressitt\u00f6m\u00e4\u00e4n k\u00e4sittelyyn suorittamalla &#8221;Kiva K\u00e4sittelij\u00e4&#8221;- kouluttajakoulutuksen.<\/p>\n\n\n\n<p class=\"has-text-align-center\">Webinaari j\u00e4rjestet\u00e4\u00e4n ti 5.5. klo:18 Teamsissa. Luennon kesto on noin 1,5 tuntia ja aikaa on varattu my\u00f6s osallistujien kysymyksille. Webinaariin osallistuville l\u00e4hetet\u00e4\u00e4n kutsulinkit Teamsiin s\u00e4hk\u00f6postitse muutama p\u00e4iv\u00e4 ennen webinaaria.<\/p>\n\n\n\n<p class=\"has-text-align-center\">Etk\u00f6 p\u00e4\u00e4se osallistumaan luennolle, mutta aihe kiinnostaisi? Ei h\u00e4t\u00e4\u00e4 &#8211; <strong>luento tallennetaan<\/strong> ja kaikki webinaariin ilmoittautuneet saavat tallenteen webinaarin j\u00e4lkeen katsottavaksi! P\u00e4\u00e4set siis katsomaan tallenteen j\u00e4lkik\u00e4teen, vaikka et p\u00e4\u00e4sisi mukaan liveluennolle!<\/p>\n\n\n\n<p class=\"has-text-align-center has-black-color has-text-color has-link-color wp-elements-28ce43d4bcca57dfe943b69f726fe386\">Ilmoittaudu mukaan s\u00e4hk\u00f6postitse (riina@elainapupikkutassut.fi) tai osta oma paikkasi webinaariin <a href=\"https:\/\/holvi.com\/shop\/elainapupikkutassut\/\" data-type=\"link\" data-id=\"https:\/\/holvi.com\/shop\/elainapupikkutassut\/\">verkkokaupasta <\/a><strong>29.4. menness\u00e4<\/strong> niin p\u00e4\u00e4set mukaan edullisemmalla &#8221;EARLY BIRD&#8221;- hinnalla = 20\u20ac!  (norm.hinta 25\u20ac)<\/p>\n\n\n\n<p class=\"has-text-align-center\"><strong>Ilmoittaudu mukaan VIIMEIST\u00c4\u00c4N LA 2.5.<\/strong><\/p>\n\n\n\n<p><\/p>\n","protected":false},"excerpt":{"rendered":"<p>Onko kanin hoitotoimenpiteiden tekeminen sinulle ja kanillesi yht\u00e4 pakkopullaa? Toivoisitko, ett\u00e4 kanin k\u00e4sittelytilanteet sujuisivat rauhallisesti ja ett\u00e4 ne olisivat miellytt\u00e4v\u00e4mpi\u00e4 tilanteita my\u00f6s kanillesi? Tiesitk\u00f6, ett\u00e4 k\u00e4sittelyjuttujen ei tarvitse olla pakkopullaa &#8211; k\u00e4sittelyjuttuja voidaan my\u00f6s harjoitella ja tehd\u00e4 hoitotoimenpiteit\u00e4 yhteisty\u00f6ss\u00e4 kanin kanssa! K\u00c4SITTELY KANILLE KIVAKSI on uutuuswebinaarimme, jossa pohdimme sit\u00e4, miten k\u00e4sittelytilanteista voitaisiin saada kanille miellytt\u00e4v\u00e4mpi\u00e4 &hellip; <\/p>\n","protected":false},"author":1,"featured_media":0,"parent":0,"menu_order":0,"comment_status":"closed","ping_status":"closed","template":"","meta":{"footnotes":""},"class_list":["post-785","page","type-page","status-publish","hentry"],"_links":{"self":[{"href":"https:\/\/elainapupikkutassut.fi\/index.php?rest_route=\/wp\/v2\/pages\/785","targetHints":{"allow":["GET"]}}],"collection":[{"href":"https:\/\/elainapupikkutassut.fi\/index.php?rest_route=\/wp\/v2\/pages"}],"about":[{"href":"https:\/\/elainapupikkutassut.fi\/index.php?rest_route=\/wp\/v2\/types\/page"}],"author":[{"embeddable":true,"href":"https:\/\/elainapupikkutassut.fi\/index.php?rest_route=\/wp\/v2\/users\/1"}],"replies":[{"embeddable":true,"href":"https:\/\/elainapupikkutassut.fi\/index.php?rest_route=%2Fwp%2Fv2%2Fcomments&post=785"}],"version-history":[{"count":1,"href":"https:\/\/elainapupikkutassut.fi\/index.php?rest_route=\/wp\/v2\/pages\/785\/revisions"}],"predecessor-version":[{"id":787,"href":"https:\/\/elainapupikkutassut.fi\/index.php?rest_route=\/wp\/v2\/pages\/785\/revisions\/787"}],"wp:attachment":[{"href":"https:\/\/elainapupikkutassut.fi\/index.php?rest_route=%2Fwp%2Fv2%2Fmedia&parent=785"}],"curies":[{"name":"wp","href":"https:\/\/api.w.org\/{rel}","templated":true}]}}