{"id":782,"date":"2026-03-30T17:25:22","date_gmt":"2026-03-30T17:25:22","guid":{"rendered":"https:\/\/elainapupikkutassut.fi\/?page_id=782"},"modified":"2026-04-19T16:47:16","modified_gmt":"2026-04-19T16:47:16","slug":"kanin-koulutuksen-abc-webinaari","status":"publish","type":"page","link":"https:\/\/elainapupikkutassut.fi\/?page_id=782","title":{"rendered":"Kanin koulutuksen ABC- webinaari"},"content":{"rendered":"<div class=\"wp-block-image\">\n<figure class=\"aligncenter size-large is-resized\"><img loading=\"lazy\" decoding=\"async\" width=\"1024\" height=\"683\" src=\"https:\/\/elainapupikkutassut.fi\/wp-content\/uploads\/2026\/03\/photo_2026-03-30_19-57-56-1024x683.jpg\" alt=\"\" class=\"wp-image-783\" style=\"aspect-ratio:1.499330655957162;width:690px;height:auto\" srcset=\"https:\/\/elainapupikkutassut.fi\/wp-content\/uploads\/2026\/03\/photo_2026-03-30_19-57-56-1024x683.jpg 1024w, https:\/\/elainapupikkutassut.fi\/wp-content\/uploads\/2026\/03\/photo_2026-03-30_19-57-56-300x200.jpg 300w, https:\/\/elainapupikkutassut.fi\/wp-content\/uploads\/2026\/03\/photo_2026-03-30_19-57-56-768x512.jpg 768w, https:\/\/elainapupikkutassut.fi\/wp-content\/uploads\/2026\/03\/photo_2026-03-30_19-57-56-450x300.jpg 450w, https:\/\/elainapupikkutassut.fi\/wp-content\/uploads\/2026\/03\/photo_2026-03-30_19-57-56.jpg 1079w\" sizes=\"auto, (max-width: 1024px) 100vw, 1024px\" \/><\/figure>\n<\/div>\n\n\n<p><\/p>\n\n\n\n<p class=\"has-text-align-center\">Tiesitk\u00f6, ett\u00e4 kanejakin voidaan kouluttaa?<\/p>\n\n\n\n<p class=\"has-text-align-center\">Paljon kiitosta saanut KANIN KOULUTUKSEN ABC- webinaari tulee taas! Luvassa on reilu infopl\u00e4j\u00e4ys kanien kouluttamisen eritt\u00e4in kiehtovaan maailmaan!<\/p>\n\n\n\n<p class=\"has-text-align-center\">Luennolla k\u00e4ymme l\u00e4pi mm. miten kanin kouluttamisessa kannattaa l\u00e4hte\u00e4 liikkeelle, mit\u00e4 kaikkea kanille voidaan opettaa ja mit\u00e4 asioita on hyv\u00e4 ottaa huomioon kania kouluttaessa. K\u00e4ymme l\u00e4pi my\u00f6s kouluttamisen kompastuskivi\u00e4 sek\u00e4 sit\u00e4, miten kouluttamisesta saadaan oikeasti hauskaa yhteist\u00e4 tekemist\u00e4 &#8211; sek\u00e4 sinulle ett\u00e4 kanillesi!<\/p>\n\n\n\n<p class=\"has-text-align-center\">Luennoitsijana toimii Pikkutassujen kaneihin erikoistunut el\u00e4intenkouluttaja Riina Aapio.<\/p>\n\n\n\n<p class=\"has-text-align-center\">Webinaari j\u00e4rjestet\u00e4\u00e4n to 23.4. klo:18 Teamsissa. Luennon kesto on reilut 2 tuntia ja aikaa on varattu my\u00f6s osallistujien kysymyksille. Webinaariin osallistuville l\u00e4hetet\u00e4\u00e4n kutsulinkit Teamsiin s\u00e4hk\u00f6postitse muutama p\u00e4iv\u00e4 ennen webinaaria.<\/p>\n\n\n\n<p class=\"has-text-align-center\">Etk\u00f6 p\u00e4\u00e4se osallistumaan luennolle, mutta aihe kiinnostaisi? Ei h\u00e4t\u00e4\u00e4 &#8211; <strong>luento tallennetaan<\/strong> ja kaikki webinaariin ilmoittautuneet saavat tallenteen webinaarin j\u00e4lkeen katsottavaksi! P\u00e4\u00e4set siis katsomaan tallenteen j\u00e4lkik\u00e4teen, vaikka et p\u00e4\u00e4sisi mukaan liveluennolle!<\/p>\n\n\n\n<p class=\"has-text-align-center has-black-color has-text-color has-link-color wp-elements-5403da750d970bbfb785d6a876423ba8\">Hinta 29\u20ac. Ilmoittaudu mukaan s\u00e4hk\u00f6postitse (riina@elainapupikkutassut.fi) tai osta oma paikkasi webinaariin <a href=\"https:\/\/holvi.com\/shop\/elainapupikkutassut\/\" data-type=\"link\" data-id=\"https:\/\/holvi.com\/shop\/elainapupikkutassut\/\">verkkokaupasta<\/a>. <\/p>\n\n\n\n<p class=\"has-text-align-center\"><strong>Ilmoittaudu mukaan VIIMEIST\u00c4\u00c4N TO 23.4. KLO:12 MENNESS\u00c4. <\/strong><\/p>\n\n\n\n<blockquote class=\"wp-block-quote is-layout-flow wp-block-quote-is-layout-flow\">\n<p class=\"has-text-align-center has-medium-font-size\">&#8221;<em>Suurkiitos El\u00e4inapu Pikkutassuille &#8217;Kanin koulutuksen ABC&#8217; -webinaarista!&nbsp;Todella hyvin valmisteltu, selke\u00e4 ja asiantunteva esitys aiheesta, joka tuntuu olevan viel\u00e4 aika uusi. Siksi onkin erityisen hienoa ett\u00e4 t\u00e4llaista herkkua on nyt tarjolla! Tutkitun tiedon jakaminen kun on yleens\u00e4 se paras keino vied\u00e4 asioita eteenp\u00e4in v\u00e4h\u00e4n joka saralla, t\u00e4ss\u00e4 tapauksessa kanien hyvinvoinnin edist\u00e4miseksi.&nbsp;<\/em>&#8221;<\/p>\n\n\n\n<p class=\"has-text-align-center has-small-font-size\"><em>Asiakaspalaute &#8221;Kanin koulutuksen ABC&#8221;- webinaarista <\/em><\/p>\n<\/blockquote>\n","protected":false},"excerpt":{"rendered":"<p>Tiesitk\u00f6, ett\u00e4 kanejakin voidaan kouluttaa? Paljon kiitosta saanut KANIN KOULUTUKSEN ABC- webinaari tulee taas! Luvassa on reilu infopl\u00e4j\u00e4ys kanien kouluttamisen eritt\u00e4in kiehtovaan maailmaan! Luennolla k\u00e4ymme l\u00e4pi mm. miten kanin kouluttamisessa kannattaa l\u00e4hte\u00e4 liikkeelle, mit\u00e4 kaikkea kanille voidaan opettaa ja mit\u00e4 asioita on hyv\u00e4 ottaa huomioon kania kouluttaessa. K\u00e4ymme l\u00e4pi my\u00f6s kouluttamisen kompastuskivi\u00e4 sek\u00e4 sit\u00e4, miten &hellip; <\/p>\n","protected":false},"author":1,"featured_media":0,"parent":0,"menu_order":0,"comment_status":"closed","ping_status":"closed","template":"","meta":{"footnotes":""},"class_list":["post-782","page","type-page","status-publish","hentry"],"_links":{"self":[{"href":"https:\/\/elainapupikkutassut.fi\/index.php?rest_route=\/wp\/v2\/pages\/782","targetHints":{"allow":["GET"]}}],"collection":[{"href":"https:\/\/elainapupikkutassut.fi\/index.php?rest_route=\/wp\/v2\/pages"}],"about":[{"href":"https:\/\/elainapupikkutassut.fi\/index.php?rest_route=\/wp\/v2\/types\/page"}],"author":[{"embeddable":true,"href":"https:\/\/elainapupikkutassut.fi\/index.php?rest_route=\/wp\/v2\/users\/1"}],"replies":[{"embeddable":true,"href":"https:\/\/elainapupikkutassut.fi\/index.php?rest_route=%2Fwp%2Fv2%2Fcomments&post=782"}],"version-history":[{"count":4,"href":"https:\/\/elainapupikkutassut.fi\/index.php?rest_route=\/wp\/v2\/pages\/782\/revisions"}],"predecessor-version":[{"id":846,"href":"https:\/\/elainapupikkutassut.fi\/index.php?rest_route=\/wp\/v2\/pages\/782\/revisions\/846"}],"wp:attachment":[{"href":"https:\/\/elainapupikkutassut.fi\/index.php?rest_route=%2Fwp%2Fv2%2Fmedia&parent=782"}],"curies":[{"name":"wp","href":"https:\/\/api.w.org\/{rel}","templated":true}]}}