{"id":538,"date":"2026-03-04T16:02:44","date_gmt":"2026-03-04T16:02:44","guid":{"rendered":"https:\/\/elainapupikkutassut.fi\/?page_id=538"},"modified":"2026-03-06T13:18:50","modified_gmt":"2026-03-06T13:18:50","slug":"pikkutassujen-puoti","status":"publish","type":"page","link":"https:\/\/elainapupikkutassut.fi\/?page_id=538","title":{"rendered":"Pikkutassujen Puoti"},"content":{"rendered":"<div class=\"wp-block-image\">\n<figure class=\"aligncenter size-large is-resized\"><img loading=\"lazy\" decoding=\"async\" width=\"1024\" height=\"576\" src=\"https:\/\/elainapupikkutassut.fi\/wp-content\/uploads\/2026\/03\/photo_2025-12-05_13-51-14-1024x576.jpg\" alt=\"\" class=\"wp-image-555\" style=\"width:592px;height:auto\" srcset=\"https:\/\/elainapupikkutassut.fi\/wp-content\/uploads\/2026\/03\/photo_2025-12-05_13-51-14-1024x576.jpg 1024w, https:\/\/elainapupikkutassut.fi\/wp-content\/uploads\/2026\/03\/photo_2025-12-05_13-51-14-300x169.jpg 300w, https:\/\/elainapupikkutassut.fi\/wp-content\/uploads\/2026\/03\/photo_2025-12-05_13-51-14-768x432.jpg 768w, https:\/\/elainapupikkutassut.fi\/wp-content\/uploads\/2026\/03\/photo_2025-12-05_13-51-14.jpg 1280w\" sizes=\"auto, (max-width: 1024px) 100vw, 1024px\" \/><\/figure>\n<\/div>\n\n\n<p><\/p>\n\n\n\n<p class=\"has-text-align-center\"><strong>Pikkutassujen Puoti <\/strong>on meid\u00e4n ikioma pieni verkkokauppamme! <\/p>\n\n\n\n<p class=\"has-text-align-center\">Verkkokaupasta l\u00f6yd\u00e4t mm. digitaaliset lahjakortit sek\u00e4 <strong>Joka Pupun Virikeoppaan, <\/strong>joka toimitetaan PDF- tiedostona s\u00e4hk\u00f6postiin. Verkkokaupan kautta p\u00e4\u00e4set my\u00f6s ostamaan paikkasi tuleviin\/ajankohtaisiin luentoihin, webinaareihin, kursseihin ja muihin tapahtumiin! <\/p>\n\n\n\n<p class=\"has-text-align-center has-black-color has-text-color has-link-color wp-elements-07d046b3197eddccad5c18b028db7199\">Kurkista Puotiin <a href=\"https:\/\/holvi.com\/shop\/elainapupikkutassut\/\">t\u00e4st\u00e4!<\/a><\/p>\n\n\n<div class=\"wp-block-image\">\n<figure class=\"aligncenter size-large is-resized\"><img loading=\"lazy\" decoding=\"async\" width=\"785\" height=\"1024\" src=\"https:\/\/elainapupikkutassut.fi\/wp-content\/uploads\/2026\/03\/photo_2026-02-07_18-18-59-785x1024.jpg\" alt=\"\" class=\"wp-image-561\" style=\"width:283px;height:auto\" srcset=\"https:\/\/elainapupikkutassut.fi\/wp-content\/uploads\/2026\/03\/photo_2026-02-07_18-18-59-785x1024.jpg 785w, https:\/\/elainapupikkutassut.fi\/wp-content\/uploads\/2026\/03\/photo_2026-02-07_18-18-59-230x300.jpg 230w, https:\/\/elainapupikkutassut.fi\/wp-content\/uploads\/2026\/03\/photo_2026-02-07_18-18-59-768x1002.jpg 768w, https:\/\/elainapupikkutassut.fi\/wp-content\/uploads\/2026\/03\/photo_2026-02-07_18-18-59.jpg 981w\" sizes=\"auto, (max-width: 785px) 100vw, 785px\" \/><figcaption class=\"wp-element-caption\"><em>L\u00f6yd\u00e4t <strong>Joka Pupun Virikeoppaan <\/strong>Puodista! <\/em><\/figcaption><\/figure>\n<\/div>","protected":false},"excerpt":{"rendered":"<p>Pikkutassujen Puoti on meid\u00e4n ikioma pieni verkkokauppamme! Verkkokaupasta l\u00f6yd\u00e4t mm. digitaaliset lahjakortit sek\u00e4 Joka Pupun Virikeoppaan, joka toimitetaan PDF- tiedostona s\u00e4hk\u00f6postiin. Verkkokaupan kautta p\u00e4\u00e4set my\u00f6s ostamaan paikkasi tuleviin\/ajankohtaisiin luentoihin, webinaareihin, kursseihin ja muihin tapahtumiin! Kurkista Puotiin t\u00e4st\u00e4!<\/p>\n","protected":false},"author":1,"featured_media":0,"parent":0,"menu_order":0,"comment_status":"closed","ping_status":"closed","template":"","meta":{"footnotes":""},"class_list":["post-538","page","type-page","status-publish","hentry"],"_links":{"self":[{"href":"https:\/\/elainapupikkutassut.fi\/index.php?rest_route=\/wp\/v2\/pages\/538","targetHints":{"allow":["GET"]}}],"collection":[{"href":"https:\/\/elainapupikkutassut.fi\/index.php?rest_route=\/wp\/v2\/pages"}],"about":[{"href":"https:\/\/elainapupikkutassut.fi\/index.php?rest_route=\/wp\/v2\/types\/page"}],"author":[{"embeddable":true,"href":"https:\/\/elainapupikkutassut.fi\/index.php?rest_route=\/wp\/v2\/users\/1"}],"replies":[{"embeddable":true,"href":"https:\/\/elainapupikkutassut.fi\/index.php?rest_route=%2Fwp%2Fv2%2Fcomments&post=538"}],"version-history":[{"count":5,"href":"https:\/\/elainapupikkutassut.fi\/index.php?rest_route=\/wp\/v2\/pages\/538\/revisions"}],"predecessor-version":[{"id":562,"href":"https:\/\/elainapupikkutassut.fi\/index.php?rest_route=\/wp\/v2\/pages\/538\/revisions\/562"}],"wp:attachment":[{"href":"https:\/\/elainapupikkutassut.fi\/index.php?rest_route=%2Fwp%2Fv2%2Fmedia&parent=538"}],"curies":[{"name":"wp","href":"https:\/\/api.w.org\/{rel}","templated":true}]}}