{"id":417,"date":"2026-02-27T14:48:16","date_gmt":"2026-02-27T14:48:16","guid":{"rendered":"https:\/\/elainapupikkutassut.fi\/?page_id=417"},"modified":"2026-03-06T13:16:58","modified_gmt":"2026-03-06T13:16:58","slug":"luennot-webinaarit","status":"publish","type":"page","link":"https:\/\/elainapupikkutassut.fi\/?page_id=417","title":{"rendered":"Luennot &#038; Webinaarit"},"content":{"rendered":"\n<p class=\"has-black-color has-text-color has-link-color wp-elements-bfbbc75aa2794bdfb5d91c2b9ae631c7\">J\u00e4rjest\u00e4mme paljon webinaareja ja luentoja erilaisista kaniaiheista. Kaikki tulevat webinaarit ja luennot l\u00f6yd\u00e4t <a href=\"https:\/\/elainapupikkutassut.fi\/?page_id=240\" data-type=\"page\" data-id=\"240\">t\u00e4\u00e4lt\u00e4.<\/a><\/p>\n\n\n\n<p>Onko sinulla mieless\u00e4si jokin pupuaihe, josta toivoisit luentoa tai webinaaria? Otamme eritt\u00e4in mielell\u00e4mme vastaan toiveita ja ideoita webinaarien\/luentojen aiheista, joten laita rohkeasti omat ideasi ja ajatuksesi tulemaan meille! <\/p>\n\n\n\n<figure class=\"wp-block-image size-large is-resized\"><img loading=\"lazy\" decoding=\"async\" width=\"1024\" height=\"683\" src=\"https:\/\/elainapupikkutassut.fi\/wp-content\/uploads\/2026\/02\/DSCF9527-1-1024x683.jpg\" alt=\"\" class=\"wp-image-111\" style=\"aspect-ratio:1.499330655957162;width:796px;height:auto\" srcset=\"https:\/\/elainapupikkutassut.fi\/wp-content\/uploads\/2026\/02\/DSCF9527-1-1024x683.jpg 1024w, https:\/\/elainapupikkutassut.fi\/wp-content\/uploads\/2026\/02\/DSCF9527-1-300x200.jpg 300w, https:\/\/elainapupikkutassut.fi\/wp-content\/uploads\/2026\/02\/DSCF9527-1-768x512.jpg 768w, https:\/\/elainapupikkutassut.fi\/wp-content\/uploads\/2026\/02\/DSCF9527-1-1536x1024.jpg 1536w, https:\/\/elainapupikkutassut.fi\/wp-content\/uploads\/2026\/02\/DSCF9527-1-2048x1365.jpg 2048w\" sizes=\"auto, (max-width: 1024px) 100vw, 1024px\" \/><\/figure>\n","protected":false},"excerpt":{"rendered":"<p>J\u00e4rjest\u00e4mme paljon webinaareja ja luentoja erilaisista kaniaiheista. Kaikki tulevat webinaarit ja luennot l\u00f6yd\u00e4t t\u00e4\u00e4lt\u00e4. Onko sinulla mieless\u00e4si jokin pupuaihe, josta toivoisit luentoa tai webinaaria? Otamme eritt\u00e4in mielell\u00e4mme vastaan toiveita ja ideoita webinaarien\/luentojen aiheista, joten laita rohkeasti omat ideasi ja ajatuksesi tulemaan meille!<\/p>\n","protected":false},"author":1,"featured_media":0,"parent":0,"menu_order":0,"comment_status":"closed","ping_status":"closed","template":"","meta":{"footnotes":""},"class_list":["post-417","page","type-page","status-publish","hentry"],"_links":{"self":[{"href":"https:\/\/elainapupikkutassut.fi\/index.php?rest_route=\/wp\/v2\/pages\/417","targetHints":{"allow":["GET"]}}],"collection":[{"href":"https:\/\/elainapupikkutassut.fi\/index.php?rest_route=\/wp\/v2\/pages"}],"about":[{"href":"https:\/\/elainapupikkutassut.fi\/index.php?rest_route=\/wp\/v2\/types\/page"}],"author":[{"embeddable":true,"href":"https:\/\/elainapupikkutassut.fi\/index.php?rest_route=\/wp\/v2\/users\/1"}],"replies":[{"embeddable":true,"href":"https:\/\/elainapupikkutassut.fi\/index.php?rest_route=%2Fwp%2Fv2%2Fcomments&post=417"}],"version-history":[{"count":1,"href":"https:\/\/elainapupikkutassut.fi\/index.php?rest_route=\/wp\/v2\/pages\/417\/revisions"}],"predecessor-version":[{"id":427,"href":"https:\/\/elainapupikkutassut.fi\/index.php?rest_route=\/wp\/v2\/pages\/417\/revisions\/427"}],"wp:attachment":[{"href":"https:\/\/elainapupikkutassut.fi\/index.php?rest_route=%2Fwp%2Fv2%2Fmedia&parent=417"}],"curies":[{"name":"wp","href":"https:\/\/api.w.org\/{rel}","templated":true}]}}