{"id":380,"date":"2026-02-27T12:50:59","date_gmt":"2026-02-27T12:50:59","guid":{"rendered":"https:\/\/elainapupikkutassut.fi\/?page_id=380"},"modified":"2026-04-07T09:45:04","modified_gmt":"2026-04-07T09:45:04","slug":"hinnasto","status":"publish","type":"page","link":"https:\/\/elainapupikkutassut.fi\/?page_id=380","title":{"rendered":"Hinnasto"},"content":{"rendered":"\n<h2 class=\"wp-block-heading has-text-align-center\">Kanien koulutus- ja konsultointipalveluiden hinnasto  <\/h2>\n\n\n\n<p class=\"has-text-align-center\">Alta n\u00e4et t\u00e4m\u00e4nhetkisen hinnastomme kaneille suunnatuista koulutus- ja konsultointipalveluista. <\/p>\n\n\n\n<p class=\"has-text-align-center\">Autamme kanien lis\u00e4ksi mielell\u00e4mme my\u00f6s muita el\u00e4imi\u00e4! Mik\u00e4li tarvitset apua jonkin muun el\u00e4imen kuin kanin kanssa, ota meihin rohkeasti yhteytt\u00e4 ja pyyd\u00e4 tarjous! <\/p>\n\n\n\n<p class=\"has-text-align-center has-black-color has-text-color has-link-color wp-elements-924bed31546bc7f2479ca76515c53df4\">Kaneille suunnattujen palveluiden tarkemmat kuvaukset l\u00f6yd\u00e4t <a href=\"https:\/\/elainapupikkutassut.fi\/?page_id=266\" data-type=\"page\" data-id=\"266\">t\u00e4\u00e4lt\u00e4.<\/a> <\/p>\n\n\n\n<p class=\"has-text-align-center has-black-color has-text-color has-link-color wp-elements-419cfb93962bb5ebf089ad80c0cbb3d3\">Webinaarien, luentojen ja kurssien hinnat l\u00f6yd\u00e4t kunkin palvelun esittelyst\u00e4, kurkista ajankohtaiset tapahtumat <a href=\"https:\/\/elainapupikkutassut.fi\/?page_id=240\" data-type=\"page\" data-id=\"240\">t\u00e4\u00e4lt\u00e4.<\/a> <\/p>\n\n\n<div class=\"wp-block-image\">\n<figure class=\"aligncenter size-large is-resized\"><img loading=\"lazy\" decoding=\"async\" width=\"819\" height=\"1024\" src=\"https:\/\/elainapupikkutassut.fi\/wp-content\/uploads\/2026\/02\/photo_2026-02-27_16-50-45-819x1024.jpg\" alt=\"\" class=\"wp-image-429\" style=\"width:635px;height:auto\" srcset=\"https:\/\/elainapupikkutassut.fi\/wp-content\/uploads\/2026\/02\/photo_2026-02-27_16-50-45-819x1024.jpg 819w, https:\/\/elainapupikkutassut.fi\/wp-content\/uploads\/2026\/02\/photo_2026-02-27_16-50-45-240x300.jpg 240w, https:\/\/elainapupikkutassut.fi\/wp-content\/uploads\/2026\/02\/photo_2026-02-27_16-50-45-768x960.jpg 768w, https:\/\/elainapupikkutassut.fi\/wp-content\/uploads\/2026\/02\/photo_2026-02-27_16-50-45.jpg 1024w\" sizes=\"auto, (max-width: 819px) 100vw, 819px\" \/><\/figure>\n<\/div>\n\n\n<p><\/p>\n\n\n\n<h2 class=\"wp-block-heading has-text-align-center\">Kotihoitopalvelun hinnasto <\/h2>\n\n\n\n<p class=\"has-text-align-center\">Alta n\u00e4et kanien, kissojen ja pienten jyrsij\u00f6iden kotihoitopalvelun hinnaston. Mik\u00e4li tarvitset el\u00e4imellesi hoitajaa pidemm\u00e4lle ajanjaksolle, ota meihin yhteytt\u00e4 ja pyyd\u00e4 tarjousta! <\/p>\n\n\n\n<p class=\"has-text-align-center\">Jos tarvitset kotihoitoa koirille tai muille el\u00e4imille, voit olla meihin rohkeasti yhteyksiss\u00e4 niin katsotaan, miten voisimme olla avuksi! <\/p>\n\n\n\n<p class=\"has-text-align-center has-black-color has-text-color has-link-color wp-elements-b8ec449ca94091e919d39c5b313b7007\">Tarjoamme el\u00e4inten kotihoitopalvelua Someron alueella. Tutustu kotihoitopalveluun lis\u00e4\u00e4 <a href=\"https:\/\/elainapupikkutassut.fi\/?page_id=813\" data-type=\"page\" data-id=\"813\">t\u00e4\u00e4lt\u00e4!<\/a><\/p>\n\n\n\n<p class=\"has-text-align-center\">Huom! Yli 3 vuorokautta kest\u00e4vist\u00e4 kotihoitojaksoista perit\u00e4\u00e4n varausmaksu, joka on 25% koko kotihoitojakson hinnasta. Varausmaksu tulee suorittaa viimeist\u00e4\u00e4n kotihoitosopimuksen allekirjoitushetkell\u00e4. <\/p>\n\n\n\n<p class=\"has-text-align-center\">Mik\u00e4li hoitopaikassa on hoidettavina el\u00e4imin\u00e4 sek\u00e4 kissoja \/ kaneja ett\u00e4 pieni\u00e4 jyrsij\u00f6it\u00e4, laskutus tapahtuu kanien ja kissojen kotihoidon hinnaston mukaisesti. <\/p>\n\n\n<div class=\"wp-block-image\">\n<figure class=\"aligncenter size-large is-resized\"><img loading=\"lazy\" decoding=\"async\" width=\"819\" height=\"1024\" src=\"https:\/\/elainapupikkutassut.fi\/wp-content\/uploads\/2026\/04\/Kotihoitopalvelun-hinnasto-819x1024.jpg\" alt=\"\" class=\"wp-image-822\" style=\"aspect-ratio:0.799820729836416;width:649px;height:auto\" srcset=\"https:\/\/elainapupikkutassut.fi\/wp-content\/uploads\/2026\/04\/Kotihoitopalvelun-hinnasto-819x1024.jpg 819w, https:\/\/elainapupikkutassut.fi\/wp-content\/uploads\/2026\/04\/Kotihoitopalvelun-hinnasto-240x300.jpg 240w, https:\/\/elainapupikkutassut.fi\/wp-content\/uploads\/2026\/04\/Kotihoitopalvelun-hinnasto-768x960.jpg 768w, https:\/\/elainapupikkutassut.fi\/wp-content\/uploads\/2026\/04\/Kotihoitopalvelun-hinnasto.jpg 1080w\" sizes=\"auto, (max-width: 819px) 100vw, 819px\" \/><\/figure>\n<\/div>","protected":false},"excerpt":{"rendered":"<p>Kanien koulutus- ja konsultointipalveluiden hinnasto Alta n\u00e4et t\u00e4m\u00e4nhetkisen hinnastomme kaneille suunnatuista koulutus- ja konsultointipalveluista. Autamme kanien lis\u00e4ksi mielell\u00e4mme my\u00f6s muita el\u00e4imi\u00e4! Mik\u00e4li tarvitset apua jonkin muun el\u00e4imen kuin kanin kanssa, ota meihin rohkeasti yhteytt\u00e4 ja pyyd\u00e4 tarjous! Kaneille suunnattujen palveluiden tarkemmat kuvaukset l\u00f6yd\u00e4t t\u00e4\u00e4lt\u00e4. Webinaarien, luentojen ja kurssien hinnat l\u00f6yd\u00e4t kunkin palvelun esittelyst\u00e4, kurkista ajankohtaiset &hellip; <\/p>\n","protected":false},"author":1,"featured_media":0,"parent":0,"menu_order":0,"comment_status":"closed","ping_status":"closed","template":"","meta":{"footnotes":""},"class_list":["post-380","page","type-page","status-publish","hentry"],"_links":{"self":[{"href":"https:\/\/elainapupikkutassut.fi\/index.php?rest_route=\/wp\/v2\/pages\/380","targetHints":{"allow":["GET"]}}],"collection":[{"href":"https:\/\/elainapupikkutassut.fi\/index.php?rest_route=\/wp\/v2\/pages"}],"about":[{"href":"https:\/\/elainapupikkutassut.fi\/index.php?rest_route=\/wp\/v2\/types\/page"}],"author":[{"embeddable":true,"href":"https:\/\/elainapupikkutassut.fi\/index.php?rest_route=\/wp\/v2\/users\/1"}],"replies":[{"embeddable":true,"href":"https:\/\/elainapupikkutassut.fi\/index.php?rest_route=%2Fwp%2Fv2%2Fcomments&post=380"}],"version-history":[{"count":8,"href":"https:\/\/elainapupikkutassut.fi\/index.php?rest_route=\/wp\/v2\/pages\/380\/revisions"}],"predecessor-version":[{"id":830,"href":"https:\/\/elainapupikkutassut.fi\/index.php?rest_route=\/wp\/v2\/pages\/380\/revisions\/830"}],"wp:attachment":[{"href":"https:\/\/elainapupikkutassut.fi\/index.php?rest_route=%2Fwp%2Fv2%2Fmedia&parent=380"}],"curies":[{"name":"wp","href":"https:\/\/api.w.org\/{rel}","templated":true}]}}