{"id":36,"date":"2026-02-08T13:38:40","date_gmt":"2026-02-08T13:38:40","guid":{"rendered":"https:\/\/elainapupikkutassut.fi\/?page_id=36"},"modified":"2026-03-06T13:18:17","modified_gmt":"2026-03-06T13:18:17","slug":"contact","status":"publish","type":"page","link":"https:\/\/elainapupikkutassut.fi\/?page_id=36","title":{"rendered":"Ota yhteytt\u00e4!"},"content":{"rendered":"<div class=\"wp-block-image\">\n<figure class=\"aligncenter size-large is-resized\"><img loading=\"lazy\" decoding=\"async\" width=\"1024\" height=\"683\" src=\"https:\/\/elainapupikkutassut.fi\/wp-content\/uploads\/2026\/02\/DSCF9473-1024x683.jpg\" alt=\"\" class=\"wp-image-130\" style=\"aspect-ratio:1.4993156571283064;width:729px;height:auto\" srcset=\"https:\/\/elainapupikkutassut.fi\/wp-content\/uploads\/2026\/02\/DSCF9473-1024x683.jpg 1024w, https:\/\/elainapupikkutassut.fi\/wp-content\/uploads\/2026\/02\/DSCF9473-300x200.jpg 300w, https:\/\/elainapupikkutassut.fi\/wp-content\/uploads\/2026\/02\/DSCF9473-768x512.jpg 768w, https:\/\/elainapupikkutassut.fi\/wp-content\/uploads\/2026\/02\/DSCF9473-1536x1024.jpg 1536w, https:\/\/elainapupikkutassut.fi\/wp-content\/uploads\/2026\/02\/DSCF9473-2048x1365.jpg 2048w\" sizes=\"auto, (max-width: 1024px) 100vw, 1024px\" \/><\/figure>\n<\/div>\n\n\n<p><\/p>\n\n\n\n<p class=\"has-text-align-center\">Onko sinulla jotakin kysytt\u00e4v\u00e4\u00e4 palveluistamme tai kaipaisitko apua el\u00e4imesi kanssa?&nbsp;&nbsp;<\/p>\n\n\n\n<p class=\"has-text-align-center\">Ota rohkeasti yhteytt\u00e4! Vastaan viesteihin parin arkip\u00e4iv\u00e4n kuluessa.&nbsp;<\/p>\n\n\n\n<p class=\"has-text-align-center\">Tavoitat minut puhelimitse arkisin klo:11-19 sek\u00e4 lauantaisin klo: 11-16&nbsp;<\/p>\n\n\n\n<p class=\"has-text-align-center\">Voit laittaa yksityisviesti\u00e4 my\u00f6s somekanavissa! My\u00f6s somen kautta tulleisiin yhteydenottoihin vastaan viimeist\u00e4\u00e4n parin arkip\u00e4iv\u00e4n kuluessa.&nbsp;<\/p>\n\n\n\n<p>&nbsp;<\/p>\n\n\n\n<p class=\"has-text-align-center\"><b>El\u00e4inapu Pikkutassut&nbsp;<\/b><\/p>\n\n\n\n<p class=\"has-text-align-center\">Riina Aapio&nbsp;<\/p>\n\n\n\n<p class=\"has-text-align-center\">Somero&nbsp;<\/p>\n\n\n\n<p class=\"has-text-align-center\">Y-tunnus:&nbsp;3458382-2<\/p>\n\n\n\n<p class=\"has-text-align-center\">riina@elainapupikkutassut.fi&nbsp;<\/p>\n\n\n\n<p class=\"has-text-align-center\">045-78301168 (my\u00f6s tekstari\/WhatsApp)&nbsp;<\/p>\n\n\n\n<p class=\"has-text-align-center\"><\/p>\n\n\n\n<p>&nbsp;<\/p>\n\n\n\n<p>&nbsp;<\/p>\n","protected":false},"excerpt":{"rendered":"<p>Onko sinulla jotakin kysytt\u00e4v\u00e4\u00e4 palveluistamme tai kaipaisitko apua el\u00e4imesi kanssa?&nbsp;&nbsp; Ota rohkeasti yhteytt\u00e4! Vastaan viesteihin parin arkip\u00e4iv\u00e4n kuluessa.&nbsp; Tavoitat minut puhelimitse arkisin klo:11-19 sek\u00e4 lauantaisin klo: 11-16&nbsp; Voit laittaa yksityisviesti\u00e4 my\u00f6s somekanavissa! My\u00f6s somen kautta tulleisiin yhteydenottoihin vastaan viimeist\u00e4\u00e4n parin arkip\u00e4iv\u00e4n kuluessa.&nbsp; &nbsp; El\u00e4inapu Pikkutassut&nbsp; Riina Aapio&nbsp; Somero&nbsp; Y-tunnus:&nbsp;3458382-2 riina@elainapupikkutassut.fi&nbsp; 045-78301168 (my\u00f6s tekstari\/WhatsApp)&nbsp; &nbsp; &nbsp;<\/p>\n","protected":false},"author":1,"featured_media":0,"parent":0,"menu_order":0,"comment_status":"closed","ping_status":"closed","template":"","meta":{"footnotes":""},"class_list":["post-36","page","type-page","status-publish","hentry"],"_links":{"self":[{"href":"https:\/\/elainapupikkutassut.fi\/index.php?rest_route=\/wp\/v2\/pages\/36","targetHints":{"allow":["GET"]}}],"collection":[{"href":"https:\/\/elainapupikkutassut.fi\/index.php?rest_route=\/wp\/v2\/pages"}],"about":[{"href":"https:\/\/elainapupikkutassut.fi\/index.php?rest_route=\/wp\/v2\/types\/page"}],"author":[{"embeddable":true,"href":"https:\/\/elainapupikkutassut.fi\/index.php?rest_route=\/wp\/v2\/users\/1"}],"replies":[{"embeddable":true,"href":"https:\/\/elainapupikkutassut.fi\/index.php?rest_route=%2Fwp%2Fv2%2Fcomments&post=36"}],"version-history":[{"count":10,"href":"https:\/\/elainapupikkutassut.fi\/index.php?rest_route=\/wp\/v2\/pages\/36\/revisions"}],"predecessor-version":[{"id":594,"href":"https:\/\/elainapupikkutassut.fi\/index.php?rest_route=\/wp\/v2\/pages\/36\/revisions\/594"}],"wp:attachment":[{"href":"https:\/\/elainapupikkutassut.fi\/index.php?rest_route=%2Fwp%2Fv2%2Fmedia&parent=36"}],"curies":[{"name":"wp","href":"https:\/\/api.w.org\/{rel}","templated":true}]}}