{"id":35,"date":"2026-02-08T13:38:40","date_gmt":"2026-02-08T13:38:40","guid":{"rendered":"https:\/\/elainapupikkutassut.fi\/?page_id=35"},"modified":"2026-04-20T13:31:26","modified_gmt":"2026-04-20T13:31:26","slug":"home","status":"publish","type":"page","link":"https:\/\/elainapupikkutassut.fi\/","title":{"rendered":"Etusivu"},"content":{"rendered":"<div class=\"wp-block-image\">\n<figure class=\"aligncenter size-large\"><img loading=\"lazy\" decoding=\"async\" width=\"1024\" height=\"576\" src=\"https:\/\/elainapupikkutassut.fi\/wp-content\/uploads\/2026\/02\/photo_2025-12-01_13-22-32-1024x576.jpg\" alt=\"\" class=\"wp-image-44\" srcset=\"https:\/\/elainapupikkutassut.fi\/wp-content\/uploads\/2026\/02\/photo_2025-12-01_13-22-32-1024x576.jpg 1024w, https:\/\/elainapupikkutassut.fi\/wp-content\/uploads\/2026\/02\/photo_2025-12-01_13-22-32-300x169.jpg 300w, https:\/\/elainapupikkutassut.fi\/wp-content\/uploads\/2026\/02\/photo_2025-12-01_13-22-32-768x432.jpg 768w, https:\/\/elainapupikkutassut.fi\/wp-content\/uploads\/2026\/02\/photo_2025-12-01_13-22-32.jpg 1280w\" sizes=\"auto, (max-width: 1024px) 100vw, 1024px\" \/><\/figure>\n<\/div>\n\n\n<p><\/p>\n\n\n\n<p>Etsitk\u00f6 mielek\u00e4st\u00e4 yhteist\u00e4 tekemist\u00e4 vai tarvitsetko apua el\u00e4inyst\u00e4viesi kanssa erilaisissa arjen haasteissa? Tai haluatko kenties oppia lis\u00e4\u00e4 el\u00e4inten k\u00e4ytt\u00e4ytymisest\u00e4 ja kokonaisvaltaisesta hyvinvoinnista? <\/p>\n\n\n\n<p><strong>El\u00e4inapu Pikkutassut <\/strong>tarjoaa el\u00e4inten kouluttamisen- ja hyvinvoinnin palveluita sek\u00e4 kotik\u00e4yntein\u00e4 ett\u00e4 et\u00e4konsultaationa valtakunnallisesti asuinpaikasta riippumatta! Pikkutassut on erikoistunut <strong>kanien kouluttamiseen ja hyvinvoinnin edist\u00e4miseen. <\/strong><\/p>\n\n\n\n<p>Palveluihin kuuluvat my\u00f6s erilaiset kaniaiheiset luennot ja webinaarit. <\/p>\n\n\n\n<h2 class=\"wp-block-heading has-text-align-center\">Tutustu palveluihimme! <\/h2>\n\n\n\n<div class=\"wp-block-columns is-layout-flex wp-container-core-columns-is-layout-9d6595d7 wp-block-columns-is-layout-flex\">\n<div class=\"wp-block-column is-layout-flow wp-block-column-is-layout-flow\" style=\"flex-basis:100%\">\n<div class=\"wp-block-group\"><div class=\"wp-block-group__inner-container is-layout-constrained wp-block-group-is-layout-constrained\">\n<div class=\"wp-block-group\"><div class=\"wp-block-group__inner-container is-layout-constrained wp-block-group-is-layout-constrained\">\n<div class=\"wp-block-cover aligncenter\"><img loading=\"lazy\" decoding=\"async\" width=\"1024\" height=\"683\" class=\"wp-block-cover__image-background wp-image-207 size-large\" alt=\"\" src=\"https:\/\/elainapupikkutassut.fi\/wp-content\/uploads\/2026\/02\/DSCF9500-1024x683.jpg\" style=\"object-position:36% 59%\" data-object-fit=\"cover\" data-object-position=\"36% 59%\" srcset=\"https:\/\/elainapupikkutassut.fi\/wp-content\/uploads\/2026\/02\/DSCF9500-1024x683.jpg 1024w, https:\/\/elainapupikkutassut.fi\/wp-content\/uploads\/2026\/02\/DSCF9500-300x200.jpg 300w, https:\/\/elainapupikkutassut.fi\/wp-content\/uploads\/2026\/02\/DSCF9500-768x512.jpg 768w, https:\/\/elainapupikkutassut.fi\/wp-content\/uploads\/2026\/02\/DSCF9500-1536x1024.jpg 1536w, https:\/\/elainapupikkutassut.fi\/wp-content\/uploads\/2026\/02\/DSCF9500-2048x1365.jpg 2048w\" sizes=\"auto, (max-width: 1024px) 100vw, 1024px\" \/><span aria-hidden=\"true\" class=\"wp-block-cover__background has-background-dim\" style=\"background-color:#80787f\"><\/span><div class=\"wp-block-cover__inner-container is-layout-constrained wp-block-cover-is-layout-constrained\">\n<p class=\"has-text-align-center has-theme-palette-9-color has-text-color has-link-color has-large-font-size wp-elements-156ac8282d6eff62d266476f636bd0c7\"><strong><a href=\"https:\/\/elainapupikkutassut.fi\/?page_id=235\" data-type=\"page\" data-id=\"235\">Kanien konsultointi- ja koulutuspalvelut <\/a><\/strong><\/p>\n<\/div><\/div>\n<\/div><\/div>\n<\/div><\/div>\n<\/div>\n<\/div>\n\n\n\n<div class=\"wp-block-cover aligncenter\" style=\"min-height:430px;aspect-ratio:unset;\"><img loading=\"lazy\" decoding=\"async\" width=\"1024\" height=\"576\" class=\"wp-block-cover__image-background wp-image-259 size-large\" alt=\"\" src=\"https:\/\/elainapupikkutassut.fi\/wp-content\/uploads\/2026\/02\/photo_2025-12-01_13-22-32-2-1024x576.jpg\" data-object-fit=\"cover\" srcset=\"https:\/\/elainapupikkutassut.fi\/wp-content\/uploads\/2026\/02\/photo_2025-12-01_13-22-32-2-1024x576.jpg 1024w, https:\/\/elainapupikkutassut.fi\/wp-content\/uploads\/2026\/02\/photo_2025-12-01_13-22-32-2-300x169.jpg 300w, https:\/\/elainapupikkutassut.fi\/wp-content\/uploads\/2026\/02\/photo_2025-12-01_13-22-32-2-768x432.jpg 768w, https:\/\/elainapupikkutassut.fi\/wp-content\/uploads\/2026\/02\/photo_2025-12-01_13-22-32-2.jpg 1280w\" sizes=\"auto, (max-width: 1024px) 100vw, 1024px\" \/><span aria-hidden=\"true\" class=\"wp-block-cover__background has-background-dim\" style=\"background-color:#86776f\"><\/span><div class=\"wp-block-cover__inner-container is-layout-constrained wp-block-cover-is-layout-constrained\">\n<p class=\"has-text-align-center has-theme-palette-9-color has-text-color has-link-color has-large-font-size wp-elements-7f041c4b1c129ccb258739f37e1f3880\"><strong><a href=\"https:\/\/elainapupikkutassut.fi\/?page_id=238\" data-type=\"page\" data-id=\"238\">Palvelupaketit <\/a><\/strong><\/p>\n<\/div><\/div>\n\n\n\n<p><\/p>\n\n\n\n<div class=\"wp-block-cover aligncenter is-light\"><img loading=\"lazy\" decoding=\"async\" width=\"2560\" height=\"1441\" class=\"wp-block-cover__image-background wp-image-591 size-full\" alt=\"\" src=\"https:\/\/elainapupikkutassut.fi\/wp-content\/uploads\/2026\/03\/Jalo-2-scaled.jpg\" data-object-fit=\"cover\" srcset=\"https:\/\/elainapupikkutassut.fi\/wp-content\/uploads\/2026\/03\/Jalo-2-scaled.jpg 2560w, https:\/\/elainapupikkutassut.fi\/wp-content\/uploads\/2026\/03\/Jalo-2-300x169.jpg 300w, https:\/\/elainapupikkutassut.fi\/wp-content\/uploads\/2026\/03\/Jalo-2-1024x576.jpg 1024w, https:\/\/elainapupikkutassut.fi\/wp-content\/uploads\/2026\/03\/Jalo-2-768x432.jpg 768w, https:\/\/elainapupikkutassut.fi\/wp-content\/uploads\/2026\/03\/Jalo-2-1536x864.jpg 1536w, https:\/\/elainapupikkutassut.fi\/wp-content\/uploads\/2026\/03\/Jalo-2-2048x1153.jpg 2048w\" sizes=\"auto, (max-width: 2560px) 100vw, 2560px\" \/><span aria-hidden=\"true\" class=\"wp-block-cover__background has-background-dim\" style=\"background-color:#848480\"><\/span><div class=\"wp-block-cover__inner-container is-layout-constrained wp-block-cover-is-layout-constrained\">\n<p class=\"has-text-align-center has-white-color has-text-color has-link-color has-large-font-size wp-elements-27d6b3e42aa5daaaec2842573ba800ab\"><strong><a href=\"https:\/\/elainapupikkutassut.fi\/?page_id=274\" data-type=\"page\" data-id=\"274\">Verkkokurssit <\/a><\/strong><\/p>\n<\/div><\/div>\n\n\n\n<p><\/p>\n\n\n\n<div class=\"wp-block-cover\"><img loading=\"lazy\" decoding=\"async\" width=\"1024\" height=\"780\" class=\"wp-block-cover__image-background wp-image-475 size-large\" alt=\"\" src=\"https:\/\/elainapupikkutassut.fi\/wp-content\/uploads\/2026\/03\/DSC06886-1024x780.jpg\" data-object-fit=\"cover\" srcset=\"https:\/\/elainapupikkutassut.fi\/wp-content\/uploads\/2026\/03\/DSC06886-1024x780.jpg 1024w, https:\/\/elainapupikkutassut.fi\/wp-content\/uploads\/2026\/03\/DSC06886-300x228.jpg 300w, https:\/\/elainapupikkutassut.fi\/wp-content\/uploads\/2026\/03\/DSC06886-768x585.jpg 768w, https:\/\/elainapupikkutassut.fi\/wp-content\/uploads\/2026\/03\/DSC06886-1536x1169.jpg 1536w, https:\/\/elainapupikkutassut.fi\/wp-content\/uploads\/2026\/03\/DSC06886-2048x1559.jpg 2048w\" sizes=\"auto, (max-width: 1024px) 100vw, 1024px\" \/><span aria-hidden=\"true\" class=\"wp-block-cover__background has-background-dim\" style=\"background-color:#79726c\"><\/span><div class=\"wp-block-cover__inner-container is-layout-constrained wp-block-cover-is-layout-constrained\">\n<p class=\"has-text-align-center has-white-color has-text-color has-link-color has-large-font-size wp-elements-2da683a18911e247b0790bf5db384d49\"><strong><a href=\"https:\/\/elainapupikkutassut.fi\/?page_id=230\" data-type=\"page\" data-id=\"230\">Muille el\u00e4imille <\/a><\/strong><\/p>\n<\/div><\/div>\n\n\n\n<p><\/p>\n\n\n<div class=\"wp-block-image\">\n<figure class=\"aligncenter size-large is-resized\"><img loading=\"lazy\" decoding=\"async\" width=\"1024\" height=\"683\" src=\"https:\/\/elainapupikkutassut.fi\/wp-content\/uploads\/2026\/02\/DSCF9502-1024x683.jpg\" alt=\"\" class=\"wp-image-132\" style=\"width:594px;height:auto\" srcset=\"https:\/\/elainapupikkutassut.fi\/wp-content\/uploads\/2026\/02\/DSCF9502-1024x683.jpg 1024w, https:\/\/elainapupikkutassut.fi\/wp-content\/uploads\/2026\/02\/DSCF9502-300x200.jpg 300w, https:\/\/elainapupikkutassut.fi\/wp-content\/uploads\/2026\/02\/DSCF9502-768x512.jpg 768w, https:\/\/elainapupikkutassut.fi\/wp-content\/uploads\/2026\/02\/DSCF9502-1536x1024.jpg 1536w, https:\/\/elainapupikkutassut.fi\/wp-content\/uploads\/2026\/02\/DSCF9502-2048x1365.jpg 2048w\" sizes=\"auto, (max-width: 1024px) 100vw, 1024px\" \/><\/figure>\n<\/div>\n\n\n<h2 class=\"wp-block-heading has-text-align-center\">Kaniakin kannattaa kouluttaa! <\/h2>\n\n\n\n<div class=\"wp-block-buttons is-content-justification-center is-layout-flex wp-container-core-buttons-is-layout-16018d1d wp-block-buttons-is-layout-flex\">\n<div class=\"wp-block-button\"><a class=\"wp-block-button__link has-background wp-element-button\" href=\"https:\/\/elainapupikkutassut.fi\/?page_id=136\" style=\"background-color:#fc980d\">Lue lis\u00e4\u00e4 kanien kouluttamisesta! <\/a><\/div>\n<\/div>\n\n\n<div class=\"wp-block-image\">\n<figure class=\"aligncenter size-full is-resized\"><img loading=\"lazy\" decoding=\"async\" width=\"1045\" height=\"396\" src=\"https:\/\/elainapupikkutassut.fi\/wp-content\/uploads\/2026\/02\/suomen_elaintenkouluttajat_jasen_transparent_web-copy_1045px.png\" alt=\"\" class=\"wp-image-341\" style=\"aspect-ratio:2.638916159434518;width:542px;height:auto\" srcset=\"https:\/\/elainapupikkutassut.fi\/wp-content\/uploads\/2026\/02\/suomen_elaintenkouluttajat_jasen_transparent_web-copy_1045px.png 1045w, https:\/\/elainapupikkutassut.fi\/wp-content\/uploads\/2026\/02\/suomen_elaintenkouluttajat_jasen_transparent_web-copy_1045px-300x114.png 300w, https:\/\/elainapupikkutassut.fi\/wp-content\/uploads\/2026\/02\/suomen_elaintenkouluttajat_jasen_transparent_web-copy_1045px-1024x388.png 1024w, https:\/\/elainapupikkutassut.fi\/wp-content\/uploads\/2026\/02\/suomen_elaintenkouluttajat_jasen_transparent_web-copy_1045px-768x291.png 768w\" sizes=\"auto, (max-width: 1045px) 100vw, 1045px\" \/><figcaption class=\"wp-element-caption\"><em>El\u00e4inapu Pikkutassut on Suomen El\u00e4intenkouluttajat ry:n j\u00e4senkouluttaja. <\/em><\/figcaption><\/figure>\n<\/div>\n\n\n<p><\/p>\n\n\n\n<div class=\"wp-block-columns is-layout-flex wp-container-core-columns-is-layout-9d6595d7 wp-block-columns-is-layout-flex\">\n<div class=\"wp-block-column is-layout-flow wp-block-column-is-layout-flow\"><div class=\"wp-block-image\">\n<figure class=\"aligncenter size-full is-resized\"><a href=\"https:\/\/tuulispaa.org\"><img loading=\"lazy\" decoding=\"async\" width=\"300\" height=\"300\" src=\"https:\/\/elainapupikkutassut.fi\/wp-content\/uploads\/2026\/03\/Tuulispaa_logo_-300x300-1.jpg\" alt=\"\" class=\"wp-image-456\" style=\"width:260px;height:auto\" srcset=\"https:\/\/elainapupikkutassut.fi\/wp-content\/uploads\/2026\/03\/Tuulispaa_logo_-300x300-1.jpg 300w, https:\/\/elainapupikkutassut.fi\/wp-content\/uploads\/2026\/03\/Tuulispaa_logo_-300x300-1-150x150.jpg 150w\" sizes=\"auto, (max-width: 300px) 100vw, 300px\" \/><\/a><figcaption class=\"wp-element-caption\"><em>El\u00e4inapu Pikkutassut toimii El\u00e4insuojelukeskus Tuulisp\u00e4\u00e4n kanien kummina. <\/em><\/figcaption><\/figure>\n<\/div><\/div>\n\n\n\n<div class=\"wp-block-column is-layout-flow wp-block-column-is-layout-flow\"><div class=\"wp-block-image\">\n<figure class=\"aligncenter size-full is-resized\"><img loading=\"lazy\" decoding=\"async\" width=\"386\" height=\"378\" src=\"https:\/\/elainapupikkutassut.fi\/wp-content\/uploads\/2026\/02\/photo_2026-02-17_17-41-53.jpg\" alt=\"\" class=\"wp-image-346\" style=\"aspect-ratio:1.021206506073708;width:299px;height:auto\" srcset=\"https:\/\/elainapupikkutassut.fi\/wp-content\/uploads\/2026\/02\/photo_2026-02-17_17-41-53.jpg 386w, https:\/\/elainapupikkutassut.fi\/wp-content\/uploads\/2026\/02\/photo_2026-02-17_17-41-53-300x294.jpg 300w\" sizes=\"auto, (max-width: 386px) 100vw, 386px\" \/><figcaption class=\"wp-element-caption\"><em>El\u00e4inapu Pikkutassut on Kiva K\u00e4sittelij\u00e4- kouluttaja. <\/em><\/figcaption><\/figure>\n<\/div><\/div>\n<\/div>\n\n\n\n<p><\/p>\n\n\n\n<h2 class=\"wp-block-heading has-text-align-center\">Yhteisty\u00f6kumppanit <\/h2>\n\n\n\n<div class=\"wp-block-columns is-layout-flex wp-container-core-columns-is-layout-9d6595d7 wp-block-columns-is-layout-flex\">\n<div class=\"wp-block-column is-layout-flow wp-block-column-is-layout-flow\">\n<div class=\"wp-block-columns is-layout-flex wp-container-core-columns-is-layout-9d6595d7 wp-block-columns-is-layout-flex\">\n<div class=\"wp-block-column is-layout-flow wp-block-column-is-layout-flow\"><div class=\"wp-block-image\">\n<figure class=\"aligncenter size-full\"><a href=\"https:\/\/elainkouluvalkky.fi\"><img loading=\"lazy\" decoding=\"async\" width=\"600\" height=\"259\" src=\"https:\/\/elainapupikkutassut.fi\/wp-content\/uploads\/2026\/02\/elainkoulu-valkky-vaaka-600.png\" alt=\"\" class=\"wp-image-385\" srcset=\"https:\/\/elainapupikkutassut.fi\/wp-content\/uploads\/2026\/02\/elainkoulu-valkky-vaaka-600.png 600w, https:\/\/elainapupikkutassut.fi\/wp-content\/uploads\/2026\/02\/elainkoulu-valkky-vaaka-600-300x130.png 300w\" sizes=\"auto, (max-width: 600px) 100vw, 600px\" \/><\/a><figcaption class=\"wp-element-caption\"><em>El\u00e4inkoulu V\u00e4lkky <\/em><\/figcaption><\/figure>\n<\/div><\/div>\n\n\n\n<div class=\"wp-block-column is-layout-flow wp-block-column-is-layout-flow\"><div class=\"wp-block-image\">\n<figure class=\"aligncenter size-full is-resized\"><a href=\"https:\/\/www.lemmikkikanit.com\"><img loading=\"lazy\" decoding=\"async\" width=\"826\" height=\"960\" src=\"https:\/\/elainapupikkutassut.fi\/wp-content\/uploads\/2026\/02\/1000030299.jpg\" alt=\"\" class=\"wp-image-366\" style=\"aspect-ratio:0.8604432939653778;width:278px;height:auto\" srcset=\"https:\/\/elainapupikkutassut.fi\/wp-content\/uploads\/2026\/02\/1000030299.jpg 826w, https:\/\/elainapupikkutassut.fi\/wp-content\/uploads\/2026\/02\/1000030299-258x300.jpg 258w, https:\/\/elainapupikkutassut.fi\/wp-content\/uploads\/2026\/02\/1000030299-768x893.jpg 768w\" sizes=\"auto, (max-width: 826px) 100vw, 826px\" \/><\/a><figcaption class=\"wp-element-caption\"><em>Suomen Lemmikkikanit ry <\/em><\/figcaption><\/figure>\n<\/div><\/div>\n<\/div>\n<\/div>\n<\/div>\n\n\n\n<div class=\"wp-block-columns is-layout-flex wp-container-core-columns-is-layout-9d6595d7 wp-block-columns-is-layout-flex\">\n<div class=\"wp-block-column is-layout-flow wp-block-column-is-layout-flow\"><div class=\"wp-block-image\">\n<figure class=\"aligncenter size-full is-resized\"><a href=\"https:\/\/www.kaniopas.fi\"><img loading=\"lazy\" decoding=\"async\" width=\"709\" height=\"801\" src=\"https:\/\/elainapupikkutassut.fi\/wp-content\/uploads\/2026\/03\/UUSI-Kanipostaus-KAIKKI-1080-x-1350-px-24-2.png\" alt=\"\" class=\"wp-image-709\" style=\"aspect-ratio:0.8851607749151188;width:312px;height:auto\" srcset=\"https:\/\/elainapupikkutassut.fi\/wp-content\/uploads\/2026\/03\/UUSI-Kanipostaus-KAIKKI-1080-x-1350-px-24-2.png 709w, https:\/\/elainapupikkutassut.fi\/wp-content\/uploads\/2026\/03\/UUSI-Kanipostaus-KAIKKI-1080-x-1350-px-24-2-266x300.png 266w\" sizes=\"auto, (max-width: 709px) 100vw, 709px\" \/><\/a><figcaption class=\"wp-element-caption\"><em>Kaniopas <\/em><\/figcaption><\/figure>\n<\/div><\/div>\n\n\n\n<div class=\"wp-block-column is-layout-flow wp-block-column-is-layout-flow\"><div class=\"wp-block-image\">\n<figure class=\"aligncenter size-large is-resized\"><a href=\"https:\/\/www.facebook.com\/tanskalansijaiskotikanila\/\"><img loading=\"lazy\" decoding=\"async\" width=\"1024\" height=\"1024\" src=\"https:\/\/elainapupikkutassut.fi\/wp-content\/uploads\/2026\/04\/Nimeton-malli-1024x1024.jpeg\" alt=\"\" class=\"wp-image-848\" style=\"width:336px;height:auto\" srcset=\"https:\/\/elainapupikkutassut.fi\/wp-content\/uploads\/2026\/04\/Nimeton-malli-1024x1024.jpeg 1024w, https:\/\/elainapupikkutassut.fi\/wp-content\/uploads\/2026\/04\/Nimeton-malli-300x300.jpeg 300w, https:\/\/elainapupikkutassut.fi\/wp-content\/uploads\/2026\/04\/Nimeton-malli-150x150.jpeg 150w, https:\/\/elainapupikkutassut.fi\/wp-content\/uploads\/2026\/04\/Nimeton-malli-768x768.jpeg 768w, https:\/\/elainapupikkutassut.fi\/wp-content\/uploads\/2026\/04\/Nimeton-malli-1536x1536.jpeg 1536w, https:\/\/elainapupikkutassut.fi\/wp-content\/uploads\/2026\/04\/Nimeton-malli-435x435.jpeg 435w, https:\/\/elainapupikkutassut.fi\/wp-content\/uploads\/2026\/04\/Nimeton-malli.jpeg 2000w\" sizes=\"auto, (max-width: 1024px) 100vw, 1024px\" \/><\/a><figcaption class=\"wp-element-caption\"><em>Tanskalan sijaiskoti-kanila <\/em><\/figcaption><\/figure>\n<\/div><\/div>\n<\/div>\n","protected":false},"excerpt":{"rendered":"<p>Etsitk\u00f6 mielek\u00e4st\u00e4 yhteist\u00e4 tekemist\u00e4 vai tarvitsetko apua el\u00e4inyst\u00e4viesi kanssa erilaisissa arjen haasteissa? Tai haluatko kenties oppia lis\u00e4\u00e4 el\u00e4inten k\u00e4ytt\u00e4ytymisest\u00e4 ja kokonaisvaltaisesta hyvinvoinnista? El\u00e4inapu Pikkutassut tarjoaa el\u00e4inten kouluttamisen- ja hyvinvoinnin palveluita sek\u00e4 kotik\u00e4yntein\u00e4 ett\u00e4 et\u00e4konsultaationa valtakunnallisesti asuinpaikasta riippumatta! Pikkutassut on erikoistunut kanien kouluttamiseen ja hyvinvoinnin edist\u00e4miseen. Palveluihin kuuluvat my\u00f6s erilaiset kaniaiheiset luennot ja webinaarit. Tutustu palveluihimme! &hellip; <\/p>\n","protected":false},"author":1,"featured_media":0,"parent":0,"menu_order":0,"comment_status":"closed","ping_status":"closed","template":"","meta":{"footnotes":""},"class_list":["post-35","page","type-page","status-publish","hentry"],"_links":{"self":[{"href":"https:\/\/elainapupikkutassut.fi\/index.php?rest_route=\/wp\/v2\/pages\/35","targetHints":{"allow":["GET"]}}],"collection":[{"href":"https:\/\/elainapupikkutassut.fi\/index.php?rest_route=\/wp\/v2\/pages"}],"about":[{"href":"https:\/\/elainapupikkutassut.fi\/index.php?rest_route=\/wp\/v2\/types\/page"}],"author":[{"embeddable":true,"href":"https:\/\/elainapupikkutassut.fi\/index.php?rest_route=\/wp\/v2\/users\/1"}],"replies":[{"embeddable":true,"href":"https:\/\/elainapupikkutassut.fi\/index.php?rest_route=%2Fwp%2Fv2%2Fcomments&post=35"}],"version-history":[{"count":68,"href":"https:\/\/elainapupikkutassut.fi\/index.php?rest_route=\/wp\/v2\/pages\/35\/revisions"}],"predecessor-version":[{"id":850,"href":"https:\/\/elainapupikkutassut.fi\/index.php?rest_route=\/wp\/v2\/pages\/35\/revisions\/850"}],"wp:attachment":[{"href":"https:\/\/elainapupikkutassut.fi\/index.php?rest_route=%2Fwp%2Fv2%2Fmedia&parent=35"}],"curies":[{"name":"wp","href":"https:\/\/api.w.org\/{rel}","templated":true}]}}