{"id":286,"date":"2026-02-27T13:01:12","date_gmt":"2026-02-27T13:01:12","guid":{"rendered":"https:\/\/elainapupikkutassut.fi\/?page_id=286"},"modified":"2026-03-06T13:19:14","modified_gmt":"2026-03-06T13:19:14","slug":"pupuakatemia-oppivainen-kani-3","status":"publish","type":"page","link":"https:\/\/elainapupikkutassut.fi\/?page_id=286","title":{"rendered":"Pupuakatemia &#8211; Oppivainen kani!"},"content":{"rendered":"<div class=\"wp-block-image\">\n<figure class=\"aligncenter size-full is-resized\"><img loading=\"lazy\" decoding=\"async\" width=\"984\" height=\"553\" src=\"https:\/\/elainapupikkutassut.fi\/wp-content\/uploads\/2026\/02\/Tiedosto_000-28-2.jpeg\" alt=\"\" class=\"wp-image-256\" style=\"aspect-ratio:1.7794253938832252;width:685px;height:auto\" srcset=\"https:\/\/elainapupikkutassut.fi\/wp-content\/uploads\/2026\/02\/Tiedosto_000-28-2.jpeg 984w, https:\/\/elainapupikkutassut.fi\/wp-content\/uploads\/2026\/02\/Tiedosto_000-28-2-300x169.jpeg 300w, https:\/\/elainapupikkutassut.fi\/wp-content\/uploads\/2026\/02\/Tiedosto_000-28-2-768x432.jpeg 768w\" sizes=\"auto, (max-width: 984px) 100vw, 984px\" \/><figcaption class=\"wp-element-caption\"><em>Kuva: Sari Alisaari\/El\u00e4inkoulu V\u00e4lkky <\/em><\/figcaption><\/figure>\n<\/div>\n\n\n<p><\/p>\n\n\n\n<p class=\"has-text-align-center\">Kanit ovat puuhakkaita ja \u00e4lykk\u00e4it\u00e4 el\u00e4imi\u00e4, joille kouluttaminen tarjoaa loistavaa virikett\u00e4. T\u00e4ll\u00e4 kurssilla saat kattavasti ohjeita kanin koulutuksen aloittamiseen sek\u00e4 erilaisten hauskojen teht\u00e4vien harjoitteluun! Kurssilla opit, miten kouluttamisesta saadaan kanin silmiss\u00e4 aidosti motivoivaa ja hauskaa. Lis\u00e4ksi opit kurssilla t\u00e4rkeit\u00e4 asioita kanien eleist\u00e4 ja kommunikoinnista sek\u00e4 saat vinkkej\u00e4 kanien virikkeist\u00e4miseen!<\/p>\n\n\n\n<p>T\u00e4ll\u00e4 kurssilla p\u00e4\u00e4set harjoittelemaan kanisi kanssa muun muassa: <\/p>\n\n\n\n<ul class=\"wp-block-list\">\n<li>Nen\u00e4- ja tassukohteet<\/li>\n\n\n\n<li>Kohteen mukana kulkeminen<\/li>\n\n\n\n<li>Tasohyppely<\/li>\n\n\n\n<li>Tunnelitemppu<\/li>\n\n\n\n<li>Kuljetuskoppa kivaksi<\/li>\n\n\n\n<li>\u201dKurre\u201d- temppu<\/li>\n\n\n\n<li>Ymp\u00e4rimeno<\/li>\n<\/ul>\n\n\n\n<p class=\"has-text-align-center\">Kurssi sopii kaiken ik\u00e4isille kaneille juniorista senioriin! Et tarvitse aikaisempaa kokemusta kouluttamisesta, sill\u00e4 kurssi sis\u00e4lt\u00e4\u00e4 kattavat kirjalliset koulutusohjeet sek\u00e4 videomateriaalit, joissa teht\u00e4vien kouluttaminen n\u00e4ytet\u00e4\u00e4n alusta asti vaihe vaiheelta. Voit k\u00e4yd\u00e4 verkkokurssia l\u00e4pi rauhassa t\u00e4ysin omaan tahtiisi, sill\u00e4 kurssin materiaalit ovat k\u00e4yt\u00f6ss\u00e4si vuoden ajan.<\/p>\n\n\n\n<p class=\"has-text-align-center\">Verkkokurssi on toteutettu yhteisty\u00f6ss\u00e4 <strong><a href=\"https:\/\/elainkouluvalkky.fi\" data-type=\"link\" data-id=\"https:\/\/elainkouluvalkky.fi\">El\u00e4inkoulu V\u00e4lkyn<\/a> <\/strong>kanssa.<\/p>\n\n\n\n<p class=\"has-text-align-center\">Jokaisesta myydyst\u00e4 kanikurssista lahjoitamme 5% <strong><a href=\"https:\/\/tuulispaa.org\" data-type=\"link\" data-id=\"https:\/\/tuulispaa.org\">El\u00e4insuojelukeskus Tuulisp\u00e4\u00e4lle.<\/a><\/strong><\/p>\n\n\n\n<p class=\"has-text-align-center\">Hinta 48\u20ac\u00a0<\/p>\n\n\n\n<p class=\"has-text-align-center\"><strong>Hypp\u00e4\u00e4 mukaan Pupuakatemiaan <a href=\"https:\/\/elainkoulu-valkky.campwire.com\/checkout\/pupuakatemia-oppivainen-kani-368152e3?c=1\" data-type=\"link\" data-id=\"https:\/\/elainkoulu-valkky.campwire.com\/checkout\/pupuakatemia-oppivainen-kani-368152e3?c=1\">t\u00e4st\u00e4! <\/a><\/strong><\/p>\n\n\n\n<p><\/p>\n","protected":false},"excerpt":{"rendered":"<p>Kanit ovat puuhakkaita ja \u00e4lykk\u00e4it\u00e4 el\u00e4imi\u00e4, joille kouluttaminen tarjoaa loistavaa virikett\u00e4. T\u00e4ll\u00e4 kurssilla saat kattavasti ohjeita kanin koulutuksen aloittamiseen sek\u00e4 erilaisten hauskojen teht\u00e4vien harjoitteluun! Kurssilla opit, miten kouluttamisesta saadaan kanin silmiss\u00e4 aidosti motivoivaa ja hauskaa. Lis\u00e4ksi opit kurssilla t\u00e4rkeit\u00e4 asioita kanien eleist\u00e4 ja kommunikoinnista sek\u00e4 saat vinkkej\u00e4 kanien virikkeist\u00e4miseen! T\u00e4ll\u00e4 kurssilla p\u00e4\u00e4set harjoittelemaan kanisi kanssa &hellip; <\/p>\n","protected":false},"author":1,"featured_media":0,"parent":0,"menu_order":0,"comment_status":"closed","ping_status":"closed","template":"","meta":{"footnotes":""},"class_list":["post-286","page","type-page","status-publish","hentry"],"_links":{"self":[{"href":"https:\/\/elainapupikkutassut.fi\/index.php?rest_route=\/wp\/v2\/pages\/286","targetHints":{"allow":["GET"]}}],"collection":[{"href":"https:\/\/elainapupikkutassut.fi\/index.php?rest_route=\/wp\/v2\/pages"}],"about":[{"href":"https:\/\/elainapupikkutassut.fi\/index.php?rest_route=\/wp\/v2\/types\/page"}],"author":[{"embeddable":true,"href":"https:\/\/elainapupikkutassut.fi\/index.php?rest_route=\/wp\/v2\/users\/1"}],"replies":[{"embeddable":true,"href":"https:\/\/elainapupikkutassut.fi\/index.php?rest_route=%2Fwp%2Fv2%2Fcomments&post=286"}],"version-history":[{"count":9,"href":"https:\/\/elainapupikkutassut.fi\/index.php?rest_route=\/wp\/v2\/pages\/286\/revisions"}],"predecessor-version":[{"id":551,"href":"https:\/\/elainapupikkutassut.fi\/index.php?rest_route=\/wp\/v2\/pages\/286\/revisions\/551"}],"wp:attachment":[{"href":"https:\/\/elainapupikkutassut.fi\/index.php?rest_route=%2Fwp%2Fv2%2Fmedia&parent=286"}],"curies":[{"name":"wp","href":"https:\/\/api.w.org\/{rel}","templated":true}]}}