{"id":274,"date":"2026-02-10T13:02:34","date_gmt":"2026-02-10T13:02:34","guid":{"rendered":"https:\/\/elainapupikkutassut.fi\/?page_id=274"},"modified":"2026-03-06T13:19:38","modified_gmt":"2026-03-06T13:19:38","slug":"verkkokurssit-2","status":"publish","type":"page","link":"https:\/\/elainapupikkutassut.fi\/?page_id=274","title":{"rendered":"Verkkokurssit"},"content":{"rendered":"\n<div class=\"wp-block-media-text is-stacked-on-mobile\"><figure class=\"wp-block-media-text__media\"><img loading=\"lazy\" decoding=\"async\" width=\"984\" height=\"553\" src=\"https:\/\/elainapupikkutassut.fi\/wp-content\/uploads\/2026\/02\/Tiedosto_000-28-2.jpeg\" alt=\"\" class=\"wp-image-256 size-full\" srcset=\"https:\/\/elainapupikkutassut.fi\/wp-content\/uploads\/2026\/02\/Tiedosto_000-28-2.jpeg 984w, https:\/\/elainapupikkutassut.fi\/wp-content\/uploads\/2026\/02\/Tiedosto_000-28-2-300x169.jpeg 300w, https:\/\/elainapupikkutassut.fi\/wp-content\/uploads\/2026\/02\/Tiedosto_000-28-2-768x432.jpeg 768w\" sizes=\"auto, (max-width: 984px) 100vw, 984px\" \/><\/figure><div class=\"wp-block-media-text__content\">\n<h2 class=\"wp-block-heading\">Pupuakatemia &#8211; Oppivainen kani! <\/h2>\n\n\n\n<p>Hypp\u00e4\u00e4 mukaan kanien kouluttamisen kiehtovaan maailmaan! <a href=\"https:\/\/elainapupikkutassut.fi\/?page_id=286\" data-type=\"page\" data-id=\"286\">Tutustu lis\u00e4\u00e4! <\/a><\/p>\n<\/div><\/div>\n","protected":false},"excerpt":{"rendered":"<p>Pupuakatemia &#8211; Oppivainen kani! Hypp\u00e4\u00e4 mukaan kanien kouluttamisen kiehtovaan maailmaan! Tutustu lis\u00e4\u00e4!<\/p>\n","protected":false},"author":1,"featured_media":0,"parent":0,"menu_order":0,"comment_status":"closed","ping_status":"closed","template":"","meta":{"footnotes":""},"class_list":["post-274","page","type-page","status-publish","hentry"],"_links":{"self":[{"href":"https:\/\/elainapupikkutassut.fi\/index.php?rest_route=\/wp\/v2\/pages\/274","targetHints":{"allow":["GET"]}}],"collection":[{"href":"https:\/\/elainapupikkutassut.fi\/index.php?rest_route=\/wp\/v2\/pages"}],"about":[{"href":"https:\/\/elainapupikkutassut.fi\/index.php?rest_route=\/wp\/v2\/types\/page"}],"author":[{"embeddable":true,"href":"https:\/\/elainapupikkutassut.fi\/index.php?rest_route=\/wp\/v2\/users\/1"}],"replies":[{"embeddable":true,"href":"https:\/\/elainapupikkutassut.fi\/index.php?rest_route=%2Fwp%2Fv2%2Fcomments&post=274"}],"version-history":[{"count":4,"href":"https:\/\/elainapupikkutassut.fi\/index.php?rest_route=\/wp\/v2\/pages\/274\/revisions"}],"predecessor-version":[{"id":287,"href":"https:\/\/elainapupikkutassut.fi\/index.php?rest_route=\/wp\/v2\/pages\/274\/revisions\/287"}],"wp:attachment":[{"href":"https:\/\/elainapupikkutassut.fi\/index.php?rest_route=%2Fwp%2Fv2%2Fmedia&parent=274"}],"curies":[{"name":"wp","href":"https:\/\/api.w.org\/{rel}","templated":true}]}}