{"id":271,"date":"2026-02-11T11:13:26","date_gmt":"2026-02-11T11:13:26","guid":{"rendered":"https:\/\/elainapupikkutassut.fi\/?page_id=271"},"modified":"2026-03-29T13:45:14","modified_gmt":"2026-03-29T13:45:14","slug":"kapalat-kohti-yhteiseloa","status":"publish","type":"page","link":"https:\/\/elainapupikkutassut.fi\/?page_id=271","title":{"rendered":"K\u00e4p\u00e4l\u00e4t kohti yhteiseloa!"},"content":{"rendered":"<div class=\"wp-block-image\">\n<figure class=\"aligncenter size-large is-resized\"><img loading=\"lazy\" decoding=\"async\" width=\"1024\" height=\"576\" src=\"https:\/\/elainapupikkutassut.fi\/wp-content\/uploads\/2026\/02\/photo_2025-12-01_13-22-32-2-1024x576.jpg\" alt=\"\" class=\"wp-image-259\" style=\"width:634px;height:auto\" srcset=\"https:\/\/elainapupikkutassut.fi\/wp-content\/uploads\/2026\/02\/photo_2025-12-01_13-22-32-2-1024x576.jpg 1024w, https:\/\/elainapupikkutassut.fi\/wp-content\/uploads\/2026\/02\/photo_2025-12-01_13-22-32-2-300x169.jpg 300w, https:\/\/elainapupikkutassut.fi\/wp-content\/uploads\/2026\/02\/photo_2025-12-01_13-22-32-2-768x432.jpg 768w, https:\/\/elainapupikkutassut.fi\/wp-content\/uploads\/2026\/02\/photo_2025-12-01_13-22-32-2.jpg 1280w\" sizes=\"auto, (max-width: 1024px) 100vw, 1024px\" \/><\/figure>\n<\/div>\n\n\n<p><\/p>\n\n\n\n<p class=\"has-text-align-center\">Aiheuttaako kanien yhdist\u00e4minen sinulle suurta p\u00e4\u00e4nvaivaa? Oletko yritt\u00e4nyt etsi\u00e4 tietoa kanien oikeaoppisesta yhdist\u00e4misest\u00e4 netin sy\u00f6vereist\u00e4, mutta et oikein tied\u00e4, mik\u00e4 olisi oikea tapa toimia? Vai onko kanien yhdist\u00e4minen sinulle t\u00e4ysin uutta tai oletko kenties yritt\u00e4nyt jo yhdist\u00e4\u00e4 kanejasi useampaan otteeseen ilman toivottua lopputulosta?<\/p>\n\n\n\n<p class=\"has-text-align-center\">Jos vastasit johonkin edell\u00e4 olevista kysymyksist\u00e4 &#8221;Kyll\u00e4&#8221;, \u00e4l\u00e4 huoli &#8211; et todellakaan ole yksin t\u00e4m\u00e4n asian kanssa!<\/p>\n\n\n\n<p class=\"has-text-align-center\"><strong>K\u00e4p\u00e4l\u00e4t kohti yhteiseloa<\/strong> on palvelukokonaisuus, josta saat apua ja neuvoja kanien onnistuneeseen yhdist\u00e4miseen. Palveluun sis\u00e4ltyy alkukartoitus, kaksi et\u00e4tapaamista Pikkutassujen kouluttajan kanssa (1 x tunnin aika + 1 x 30 minuutin aika) sek\u00e4 kattavat kirjalliset ohjeet kanien yhdist\u00e4miseen. Lis\u00e4ksi saat n\u00e4ht\u00e4v\u00e4ksesi videoita aidoista kanien yhdist\u00e4mistilanteista sek\u00e4 virikevinkkej\u00e4, jotka tarjoavat kaneille mielek\u00e4st\u00e4 ja rentouttavaa tekemist\u00e4. Kouluttajan et\u00e4apu ja tuki ovat my\u00f6s k\u00e4yt\u00f6ss\u00e4si koko yhdist\u00e4misprosessin ajan. <\/p>\n\n\n\n<p class=\"has-text-align-center\">Palvelupaketin hinta 82\u20ac. <\/p>\n\n\n\n<p class=\"has-text-align-center has-black-color has-text-color has-link-color wp-elements-f2cf4b0c712dcee371a85bee772c62be\">Varaa &amp; osta aikasi <a href=\"https:\/\/slotti.fi\/booking\/elainapupikkutassut\/#\/\">ajanvarauskalenterista<\/a> tai ota yhteytt\u00e4 s\u00e4hk\u00f6postitse\/puhelimitse!<\/p>\n\n\n\n<p class=\"has-text-align-center\">Konsultaatiot voidaan toteuttaa my\u00f6s kotik\u00e4yntin\u00e4 Somerolla sek\u00e4 Someron naapurikunnissa. Kotik\u00e4ynneist\u00e4 laskutetaan my\u00f6s mahdolliset kilometrikorvaukset (0,50\u20ac\/km). <\/p>\n\n\n\n<p><\/p>\n\n\n\n<p><\/p>\n\n\n\n<p><\/p>\n","protected":false},"excerpt":{"rendered":"<p>Aiheuttaako kanien yhdist\u00e4minen sinulle suurta p\u00e4\u00e4nvaivaa? Oletko yritt\u00e4nyt etsi\u00e4 tietoa kanien oikeaoppisesta yhdist\u00e4misest\u00e4 netin sy\u00f6vereist\u00e4, mutta et oikein tied\u00e4, mik\u00e4 olisi oikea tapa toimia? Vai onko kanien yhdist\u00e4minen sinulle t\u00e4ysin uutta tai oletko kenties yritt\u00e4nyt jo yhdist\u00e4\u00e4 kanejasi useampaan otteeseen ilman toivottua lopputulosta? Jos vastasit johonkin edell\u00e4 olevista kysymyksist\u00e4 &#8221;Kyll\u00e4&#8221;, \u00e4l\u00e4 huoli &#8211; et todellakaan &hellip; <\/p>\n","protected":false},"author":1,"featured_media":0,"parent":0,"menu_order":0,"comment_status":"closed","ping_status":"closed","template":"","meta":{"footnotes":""},"class_list":["post-271","page","type-page","status-publish","hentry"],"_links":{"self":[{"href":"https:\/\/elainapupikkutassut.fi\/index.php?rest_route=\/wp\/v2\/pages\/271","targetHints":{"allow":["GET"]}}],"collection":[{"href":"https:\/\/elainapupikkutassut.fi\/index.php?rest_route=\/wp\/v2\/pages"}],"about":[{"href":"https:\/\/elainapupikkutassut.fi\/index.php?rest_route=\/wp\/v2\/types\/page"}],"author":[{"embeddable":true,"href":"https:\/\/elainapupikkutassut.fi\/index.php?rest_route=\/wp\/v2\/users\/1"}],"replies":[{"embeddable":true,"href":"https:\/\/elainapupikkutassut.fi\/index.php?rest_route=%2Fwp%2Fv2%2Fcomments&post=271"}],"version-history":[{"count":10,"href":"https:\/\/elainapupikkutassut.fi\/index.php?rest_route=\/wp\/v2\/pages\/271\/revisions"}],"predecessor-version":[{"id":772,"href":"https:\/\/elainapupikkutassut.fi\/index.php?rest_route=\/wp\/v2\/pages\/271\/revisions\/772"}],"wp:attachment":[{"href":"https:\/\/elainapupikkutassut.fi\/index.php?rest_route=%2Fwp%2Fv2%2Fmedia&parent=271"}],"curies":[{"name":"wp","href":"https:\/\/api.w.org\/{rel}","templated":true}]}}