{"id":266,"date":"2026-02-10T12:54:12","date_gmt":"2026-02-10T12:54:12","guid":{"rendered":"https:\/\/elainapupikkutassut.fi\/?page_id=266"},"modified":"2026-03-06T13:15:44","modified_gmt":"2026-03-06T13:15:44","slug":"kaneille","status":"publish","type":"page","link":"https:\/\/elainapupikkutassut.fi\/?page_id=266","title":{"rendered":"Kaneille"},"content":{"rendered":"\n<p>Onko haaveenasi aloittaa kanisi kanssa jokin kiva yhteinen harrastus? Toivoisitko, ett\u00e4 kynsienleikkuu ei olisi pelkk\u00e4\u00e4 pakkopullaa? Haaveiletko kanien hankkimisesta tai onko sinulla edess\u00e4si ensimm\u00e4inen kanien yhdist\u00e4minen? <\/p>\n\n\n\n<p>Meilt\u00e4 saat kattavasti apua niin pienempiin kuin suurempiinkin pupuasioihin. Tutustu eri vaihtoehtoihin alta! <\/p>\n\n\n\n<p>Etk\u00f6 tied\u00e4, mink\u00e4lainen palvelu olisi teid\u00e4n tilanteeseen paras? Ota rohkeasti yhteytt\u00e4 niin mietit\u00e4\u00e4n yhdess\u00e4, mik\u00e4 olisi paras ratkaisu juuri teid\u00e4n tilanteeseen! <\/p>\n\n\n\n<div class=\"wp-block-media-text is-stacked-on-mobile is-image-fill-element\"><figure class=\"wp-block-media-text__media\"><img loading=\"lazy\" decoding=\"async\" width=\"1024\" height=\"683\" src=\"https:\/\/elainapupikkutassut.fi\/wp-content\/uploads\/2026\/02\/DSCF9500-1024x683.jpg\" alt=\"\" class=\"wp-image-207 size-full\" style=\"object-position:50% 50%\" srcset=\"https:\/\/elainapupikkutassut.fi\/wp-content\/uploads\/2026\/02\/DSCF9500-1024x683.jpg 1024w, https:\/\/elainapupikkutassut.fi\/wp-content\/uploads\/2026\/02\/DSCF9500-300x200.jpg 300w, https:\/\/elainapupikkutassut.fi\/wp-content\/uploads\/2026\/02\/DSCF9500-768x512.jpg 768w, https:\/\/elainapupikkutassut.fi\/wp-content\/uploads\/2026\/02\/DSCF9500-1536x1024.jpg 1536w, https:\/\/elainapupikkutassut.fi\/wp-content\/uploads\/2026\/02\/DSCF9500-2048x1365.jpg 2048w\" sizes=\"auto, (max-width: 1024px) 100vw, 1024px\" \/><\/figure><div class=\"wp-block-media-text__content\">\n<p><\/p>\n\n\n\n<h2 class=\"wp-block-heading has-black-color has-text-color has-link-color wp-elements-8a2aa184f12c05f56e92d94ce8310109\"><a href=\"https:\/\/elainapupikkutassut.fi\/?page_id=235\" data-type=\"page\" data-id=\"235\">Konsultointi- ja koulutuspalvelut<\/a><\/h2>\n<\/div><\/div>\n\n\n\n<div class=\"wp-block-media-text is-stacked-on-mobile is-image-fill-element\"><figure class=\"wp-block-media-text__media\"><img loading=\"lazy\" decoding=\"async\" width=\"1024\" height=\"576\" src=\"https:\/\/elainapupikkutassut.fi\/wp-content\/uploads\/2026\/02\/photo_2025-12-01_13-22-32-2-1024x576.jpg\" alt=\"\" class=\"wp-image-259 size-full\" style=\"object-position:50% 50%\" srcset=\"https:\/\/elainapupikkutassut.fi\/wp-content\/uploads\/2026\/02\/photo_2025-12-01_13-22-32-2-1024x576.jpg 1024w, https:\/\/elainapupikkutassut.fi\/wp-content\/uploads\/2026\/02\/photo_2025-12-01_13-22-32-2-300x169.jpg 300w, https:\/\/elainapupikkutassut.fi\/wp-content\/uploads\/2026\/02\/photo_2025-12-01_13-22-32-2-768x432.jpg 768w, https:\/\/elainapupikkutassut.fi\/wp-content\/uploads\/2026\/02\/photo_2025-12-01_13-22-32-2.jpg 1280w\" sizes=\"auto, (max-width: 1024px) 100vw, 1024px\" \/><\/figure><div class=\"wp-block-media-text__content\">\n<p><\/p>\n\n\n\n<h2 class=\"wp-block-heading has-black-color has-text-color has-link-color wp-elements-1c1199ffa9ba8ca2af220cafc222369f\"><a href=\"https:\/\/elainapupikkutassut.fi\/?page_id=238\" data-type=\"page\" data-id=\"238\">Palvelupaketit<\/a><\/h2>\n<\/div><\/div>\n\n\n\n<div class=\"wp-block-media-text is-stacked-on-mobile is-image-fill-element\"><figure class=\"wp-block-media-text__media\"><img loading=\"lazy\" decoding=\"async\" width=\"1024\" height=\"576\" src=\"https:\/\/elainapupikkutassut.fi\/wp-content\/uploads\/2026\/03\/Jalo-2-1024x576.jpg\" alt=\"\" class=\"wp-image-591 size-full\" style=\"object-position:50% 50%\" srcset=\"https:\/\/elainapupikkutassut.fi\/wp-content\/uploads\/2026\/03\/Jalo-2-1024x576.jpg 1024w, https:\/\/elainapupikkutassut.fi\/wp-content\/uploads\/2026\/03\/Jalo-2-300x169.jpg 300w, https:\/\/elainapupikkutassut.fi\/wp-content\/uploads\/2026\/03\/Jalo-2-768x432.jpg 768w, https:\/\/elainapupikkutassut.fi\/wp-content\/uploads\/2026\/03\/Jalo-2-1536x864.jpg 1536w, https:\/\/elainapupikkutassut.fi\/wp-content\/uploads\/2026\/03\/Jalo-2-2048x1153.jpg 2048w\" sizes=\"auto, (max-width: 1024px) 100vw, 1024px\" \/><\/figure><div class=\"wp-block-media-text__content\">\n<p><\/p>\n\n\n\n<h2 class=\"wp-block-heading has-black-color has-text-color has-link-color wp-elements-cd8e77d1de49a63f601548c1e7d38c34\"><a href=\"https:\/\/elainapupikkutassut.fi\/?page_id=274\" data-type=\"page\" data-id=\"274\">Verkkokurssit<\/a><\/h2>\n<\/div><\/div>\n\n\n\n<div class=\"wp-block-media-text is-stacked-on-mobile is-image-fill-element\"><figure class=\"wp-block-media-text__media\"><img loading=\"lazy\" decoding=\"async\" width=\"1024\" height=\"785\" src=\"https:\/\/elainapupikkutassut.fi\/wp-content\/uploads\/2026\/03\/photo_2026-03-04_16-24-39-1024x785.jpg\" alt=\"\" class=\"wp-image-504 size-full\" style=\"object-position:52% 0%\" srcset=\"https:\/\/elainapupikkutassut.fi\/wp-content\/uploads\/2026\/03\/photo_2026-03-04_16-24-39-1024x785.jpg 1024w, https:\/\/elainapupikkutassut.fi\/wp-content\/uploads\/2026\/03\/photo_2026-03-04_16-24-39-300x230.jpg 300w, https:\/\/elainapupikkutassut.fi\/wp-content\/uploads\/2026\/03\/photo_2026-03-04_16-24-39-768x589.jpg 768w, https:\/\/elainapupikkutassut.fi\/wp-content\/uploads\/2026\/03\/photo_2026-03-04_16-24-39.jpg 1280w\" sizes=\"auto, (max-width: 1024px) 100vw, 1024px\" \/><\/figure><div class=\"wp-block-media-text__content\">\n<p><\/p>\n\n\n\n<h2 class=\"wp-block-heading has-black-color has-text-color has-link-color wp-elements-17489ed51f1a625f90c5834d936244e0\"><a href=\"https:\/\/elainapupikkutassut.fi\/?page_id=417\" data-type=\"page\" data-id=\"417\">Luennot &amp; Webinaarit <\/a><\/h2>\n<\/div><\/div>\n","protected":false},"excerpt":{"rendered":"<p>Onko haaveenasi aloittaa kanisi kanssa jokin kiva yhteinen harrastus? Toivoisitko, ett\u00e4 kynsienleikkuu ei olisi pelkk\u00e4\u00e4 pakkopullaa? Haaveiletko kanien hankkimisesta tai onko sinulla edess\u00e4si ensimm\u00e4inen kanien yhdist\u00e4minen? Meilt\u00e4 saat kattavasti apua niin pienempiin kuin suurempiinkin pupuasioihin. Tutustu eri vaihtoehtoihin alta! Etk\u00f6 tied\u00e4, mink\u00e4lainen palvelu olisi teid\u00e4n tilanteeseen paras? Ota rohkeasti yhteytt\u00e4 niin mietit\u00e4\u00e4n yhdess\u00e4, mik\u00e4 olisi &hellip; <\/p>\n","protected":false},"author":1,"featured_media":0,"parent":0,"menu_order":0,"comment_status":"closed","ping_status":"closed","template":"","meta":{"footnotes":""},"class_list":["post-266","page","type-page","status-publish","hentry"],"_links":{"self":[{"href":"https:\/\/elainapupikkutassut.fi\/index.php?rest_route=\/wp\/v2\/pages\/266","targetHints":{"allow":["GET"]}}],"collection":[{"href":"https:\/\/elainapupikkutassut.fi\/index.php?rest_route=\/wp\/v2\/pages"}],"about":[{"href":"https:\/\/elainapupikkutassut.fi\/index.php?rest_route=\/wp\/v2\/types\/page"}],"author":[{"embeddable":true,"href":"https:\/\/elainapupikkutassut.fi\/index.php?rest_route=\/wp\/v2\/users\/1"}],"replies":[{"embeddable":true,"href":"https:\/\/elainapupikkutassut.fi\/index.php?rest_route=%2Fwp%2Fv2%2Fcomments&post=266"}],"version-history":[{"count":7,"href":"https:\/\/elainapupikkutassut.fi\/index.php?rest_route=\/wp\/v2\/pages\/266\/revisions"}],"predecessor-version":[{"id":593,"href":"https:\/\/elainapupikkutassut.fi\/index.php?rest_route=\/wp\/v2\/pages\/266\/revisions\/593"}],"wp:attachment":[{"href":"https:\/\/elainapupikkutassut.fi\/index.php?rest_route=%2Fwp%2Fv2%2Fmedia&parent=266"}],"curies":[{"name":"wp","href":"https:\/\/api.w.org\/{rel}","templated":true}]}}