{"id":240,"date":"2026-02-10T12:19:03","date_gmt":"2026-02-10T12:19:03","guid":{"rendered":"https:\/\/elainapupikkutassut.fi\/?page_id=240"},"modified":"2026-04-04T14:35:27","modified_gmt":"2026-04-04T14:35:27","slug":"tapahtumat","status":"publish","type":"page","link":"https:\/\/elainapupikkutassut.fi\/?page_id=240","title":{"rendered":"Ajankohtaista"},"content":{"rendered":"\n<p class=\"has-text-align-center\">T\u00e4lt\u00e4 sivulta l\u00f6yd\u00e4t kaikki kiinnostavat ajankohtaiset tapahtumat, kurssit ja webinaarit. <\/p>\n\n\n\n<p><\/p>\n\n\n\n<div class=\"wp-block-media-text is-stacked-on-mobile\"><figure class=\"wp-block-media-text__media\"><img loading=\"lazy\" decoding=\"async\" width=\"819\" height=\"1024\" src=\"https:\/\/elainapupikkutassut.fi\/wp-content\/uploads\/2026\/03\/pikkutassut-819x1024.png\" alt=\"\" class=\"wp-image-668 size-full\" srcset=\"https:\/\/elainapupikkutassut.fi\/wp-content\/uploads\/2026\/03\/pikkutassut-819x1024.png 819w, https:\/\/elainapupikkutassut.fi\/wp-content\/uploads\/2026\/03\/pikkutassut-240x300.png 240w, https:\/\/elainapupikkutassut.fi\/wp-content\/uploads\/2026\/03\/pikkutassut-768x960.png 768w, https:\/\/elainapupikkutassut.fi\/wp-content\/uploads\/2026\/03\/pikkutassut.png 1080w\" sizes=\"auto, (max-width: 819px) 100vw, 819px\" \/><\/figure><div class=\"wp-block-media-text__content\">\n<h2 class=\"wp-block-heading\">El\u00e4inten lomamessut Turussa! <\/h2>\n\n\n\n<p>La 18.4. klo: 9-16 <\/p>\n\n\n\n<p class=\"has-black-color has-text-color has-link-color wp-elements-af000aa7656b67ec88b504f7e4ed9054\"><a href=\"https:\/\/elainapupikkutassut.fi\/?page_id=758\" data-type=\"page\" data-id=\"758\">Tutustu lis\u00e4\u00e4!<\/a><\/p>\n<\/div><\/div>\n\n\n\n<div class=\"wp-block-media-text is-stacked-on-mobile\"><figure class=\"wp-block-media-text__media\"><img loading=\"lazy\" decoding=\"async\" width=\"1024\" height=\"576\" src=\"https:\/\/elainapupikkutassut.fi\/wp-content\/uploads\/2026\/02\/photo_2025-12-01_13-22-32-2-1024x576.jpg\" alt=\"\" class=\"wp-image-259 size-full\" srcset=\"https:\/\/elainapupikkutassut.fi\/wp-content\/uploads\/2026\/02\/photo_2025-12-01_13-22-32-2-1024x576.jpg 1024w, https:\/\/elainapupikkutassut.fi\/wp-content\/uploads\/2026\/02\/photo_2025-12-01_13-22-32-2-300x169.jpg 300w, https:\/\/elainapupikkutassut.fi\/wp-content\/uploads\/2026\/02\/photo_2025-12-01_13-22-32-2-768x432.jpg 768w, https:\/\/elainapupikkutassut.fi\/wp-content\/uploads\/2026\/02\/photo_2025-12-01_13-22-32-2.jpg 1280w\" sizes=\"auto, (max-width: 1024px) 100vw, 1024px\" \/><\/figure><div class=\"wp-block-media-text__content\">\n<h2 class=\"wp-block-heading\">Loikkien kohti yst\u00e4vyytt\u00e4- webinaari <\/h2>\n\n\n\n<p>Ma 20.4. klo:18 <\/p>\n\n\n\n<p class=\"has-black-color has-text-color has-link-color wp-elements-33379803f02e8c31c001041b5f27f79b\"><a href=\"https:\/\/elainapupikkutassut.fi\/?page_id=780\" data-type=\"page\" data-id=\"780\">Tutustu lis\u00e4\u00e4!<\/a> <\/p>\n<\/div><\/div>\n\n\n\n<div class=\"wp-block-media-text is-stacked-on-mobile\"><figure class=\"wp-block-media-text__media\"><img loading=\"lazy\" decoding=\"async\" width=\"1024\" height=\"683\" src=\"https:\/\/elainapupikkutassut.fi\/wp-content\/uploads\/2026\/03\/photo_2026-03-30_19-57-56-1024x683.jpg\" alt=\"\" class=\"wp-image-783 size-full\" srcset=\"https:\/\/elainapupikkutassut.fi\/wp-content\/uploads\/2026\/03\/photo_2026-03-30_19-57-56-1024x683.jpg 1024w, https:\/\/elainapupikkutassut.fi\/wp-content\/uploads\/2026\/03\/photo_2026-03-30_19-57-56-300x200.jpg 300w, https:\/\/elainapupikkutassut.fi\/wp-content\/uploads\/2026\/03\/photo_2026-03-30_19-57-56-768x512.jpg 768w, https:\/\/elainapupikkutassut.fi\/wp-content\/uploads\/2026\/03\/photo_2026-03-30_19-57-56-450x300.jpg 450w, https:\/\/elainapupikkutassut.fi\/wp-content\/uploads\/2026\/03\/photo_2026-03-30_19-57-56.jpg 1079w\" sizes=\"auto, (max-width: 1024px) 100vw, 1024px\" \/><\/figure><div class=\"wp-block-media-text__content\">\n<h2 class=\"wp-block-heading\">Kanin koulutuksen ABC- webinaari <\/h2>\n\n\n\n<p>To 23.4. klo: 18 <\/p>\n\n\n\n<p class=\"has-black-color has-text-color has-link-color wp-elements-a6cadb58f0dfc093ebe1a6be9da16edc\"><a href=\"https:\/\/elainapupikkutassut.fi\/?page_id=782\" data-type=\"page\" data-id=\"782\">Tutustu lis\u00e4\u00e4!<\/a> <\/p>\n<\/div><\/div>\n\n\n\n<div class=\"wp-block-media-text is-stacked-on-mobile\"><figure class=\"wp-block-media-text__media\"><img loading=\"lazy\" decoding=\"async\" width=\"1024\" height=\"682\" src=\"https:\/\/elainapupikkutassut.fi\/wp-content\/uploads\/2026\/03\/photo_2026-03-30_20-10-39-1024x682.jpg\" alt=\"\" class=\"wp-image-786 size-full\" srcset=\"https:\/\/elainapupikkutassut.fi\/wp-content\/uploads\/2026\/03\/photo_2026-03-30_20-10-39-1024x682.jpg 1024w, https:\/\/elainapupikkutassut.fi\/wp-content\/uploads\/2026\/03\/photo_2026-03-30_20-10-39-300x200.jpg 300w, https:\/\/elainapupikkutassut.fi\/wp-content\/uploads\/2026\/03\/photo_2026-03-30_20-10-39-768x512.jpg 768w, https:\/\/elainapupikkutassut.fi\/wp-content\/uploads\/2026\/03\/photo_2026-03-30_20-10-39-450x300.jpg 450w, https:\/\/elainapupikkutassut.fi\/wp-content\/uploads\/2026\/03\/photo_2026-03-30_20-10-39.jpg 1280w\" sizes=\"auto, (max-width: 1024px) 100vw, 1024px\" \/><\/figure><div class=\"wp-block-media-text__content\">\n<h2 class=\"wp-block-heading\">K\u00e4sittely kanille kivaksi- webinaari <\/h2>\n\n\n\n<p>Ti 5.5. klo: 18 <\/p>\n\n\n\n<p class=\"has-black-color has-text-color has-link-color wp-elements-4769715581287c8d2f08338adf620883\"><a href=\"https:\/\/elainapupikkutassut.fi\/?page_id=785\" data-type=\"page\" data-id=\"785\">Tutustu lis\u00e4\u00e4!<\/a> <\/p>\n<\/div><\/div>\n\n\n\n<div class=\"wp-block-media-text is-stacked-on-mobile\"><figure class=\"wp-block-media-text__media\"><img loading=\"lazy\" decoding=\"async\" width=\"1024\" height=\"576\" src=\"https:\/\/elainapupikkutassut.fi\/wp-content\/uploads\/2026\/03\/photo_2026-03-30_20-16-23-1024x576.jpg\" alt=\"\" class=\"wp-image-789 size-full\" srcset=\"https:\/\/elainapupikkutassut.fi\/wp-content\/uploads\/2026\/03\/photo_2026-03-30_20-16-23-1024x576.jpg 1024w, https:\/\/elainapupikkutassut.fi\/wp-content\/uploads\/2026\/03\/photo_2026-03-30_20-16-23-300x169.jpg 300w, https:\/\/elainapupikkutassut.fi\/wp-content\/uploads\/2026\/03\/photo_2026-03-30_20-16-23-768x432.jpg 768w, https:\/\/elainapupikkutassut.fi\/wp-content\/uploads\/2026\/03\/photo_2026-03-30_20-16-23.jpg 1280w\" sizes=\"auto, (max-width: 1024px) 100vw, 1024px\" \/><\/figure><div class=\"wp-block-media-text__content\">\n<h2 class=\"wp-block-heading\">Huonosti k\u00e4ytt\u00e4ytyv\u00e4t kanit- webinaari <\/h2>\n\n\n\n<p>Ti 12.5. klo: 18 <\/p>\n\n\n\n<p class=\"has-black-color has-text-color has-link-color wp-elements-7906da65be65ddd76ed45c0a853ad62a\"><a href=\"https:\/\/elainapupikkutassut.fi\/?page_id=788\" data-type=\"page\" data-id=\"788\">Tutustu lis\u00e4\u00e4!<\/a> <\/p>\n<\/div><\/div>\n\n\n\n<p><\/p>\n","protected":false},"excerpt":{"rendered":"<p>T\u00e4lt\u00e4 sivulta l\u00f6yd\u00e4t kaikki kiinnostavat ajankohtaiset tapahtumat, kurssit ja webinaarit. El\u00e4inten lomamessut Turussa! La 18.4. klo: 9-16 Tutustu lis\u00e4\u00e4! Loikkien kohti yst\u00e4vyytt\u00e4- webinaari Ma 20.4. klo:18 Tutustu lis\u00e4\u00e4! Kanin koulutuksen ABC- webinaari To 23.4. klo: 18 Tutustu lis\u00e4\u00e4! K\u00e4sittely kanille kivaksi- webinaari Ti 5.5. klo: 18 Tutustu lis\u00e4\u00e4! Huonosti k\u00e4ytt\u00e4ytyv\u00e4t kanit- webinaari Ti 12.5. klo: &hellip; <\/p>\n","protected":false},"author":1,"featured_media":0,"parent":0,"menu_order":0,"comment_status":"closed","ping_status":"closed","template":"","meta":{"footnotes":""},"class_list":["post-240","page","type-page","status-publish","hentry"],"_links":{"self":[{"href":"https:\/\/elainapupikkutassut.fi\/index.php?rest_route=\/wp\/v2\/pages\/240","targetHints":{"allow":["GET"]}}],"collection":[{"href":"https:\/\/elainapupikkutassut.fi\/index.php?rest_route=\/wp\/v2\/pages"}],"about":[{"href":"https:\/\/elainapupikkutassut.fi\/index.php?rest_route=\/wp\/v2\/types\/page"}],"author":[{"embeddable":true,"href":"https:\/\/elainapupikkutassut.fi\/index.php?rest_route=\/wp\/v2\/users\/1"}],"replies":[{"embeddable":true,"href":"https:\/\/elainapupikkutassut.fi\/index.php?rest_route=%2Fwp%2Fv2%2Fcomments&post=240"}],"version-history":[{"count":20,"href":"https:\/\/elainapupikkutassut.fi\/index.php?rest_route=\/wp\/v2\/pages\/240\/revisions"}],"predecessor-version":[{"id":827,"href":"https:\/\/elainapupikkutassut.fi\/index.php?rest_route=\/wp\/v2\/pages\/240\/revisions\/827"}],"wp:attachment":[{"href":"https:\/\/elainapupikkutassut.fi\/index.php?rest_route=%2Fwp%2Fv2%2Fmedia&parent=240"}],"curies":[{"name":"wp","href":"https:\/\/api.w.org\/{rel}","templated":true}]}}