{"id":235,"date":"2026-02-10T12:19:03","date_gmt":"2026-02-10T12:19:03","guid":{"rendered":"https:\/\/elainapupikkutassut.fi\/?page_id=235"},"modified":"2026-03-06T13:16:36","modified_gmt":"2026-03-06T13:16:36","slug":"konsultointi-ja-koulutuspalvelut","status":"publish","type":"page","link":"https:\/\/elainapupikkutassut.fi\/?page_id=235","title":{"rendered":"Konsultointi- ja koulutuspalvelut"},"content":{"rendered":"\n<div class=\"wp-block-columns is-layout-flex wp-container-core-columns-is-layout-9d6595d7 wp-block-columns-is-layout-flex\">\n<div class=\"wp-block-column is-layout-flow wp-block-column-is-layout-flow\" style=\"flex-basis:50%\">\n<figure class=\"wp-block-image\"><img loading=\"lazy\" decoding=\"async\" width=\"1024\" height=\"683\" src=\"https:\/\/elainapupikkutassut.fi\/wp-content\/uploads\/2026\/02\/DSCF9500-1024x683.jpg\" alt=\"\" class=\"wp-image-207\" srcset=\"https:\/\/elainapupikkutassut.fi\/wp-content\/uploads\/2026\/02\/DSCF9500-1024x683.jpg 1024w, https:\/\/elainapupikkutassut.fi\/wp-content\/uploads\/2026\/02\/DSCF9500-300x200.jpg 300w, https:\/\/elainapupikkutassut.fi\/wp-content\/uploads\/2026\/02\/DSCF9500-768x512.jpg 768w, https:\/\/elainapupikkutassut.fi\/wp-content\/uploads\/2026\/02\/DSCF9500-1536x1024.jpg 1536w, https:\/\/elainapupikkutassut.fi\/wp-content\/uploads\/2026\/02\/DSCF9500-2048x1365.jpg 2048w\" sizes=\"auto, (max-width: 1024px) 100vw, 1024px\" \/><\/figure>\n<\/div>\n\n\n\n<div class=\"wp-block-column is-layout-flow wp-block-column-is-layout-flow\" style=\"flex-basis:50%\">\n<h2 class=\"wp-block-heading\">Et\u00e4konsultaatio <\/h2>\n\n\n\n<p>Apua niin suurempiin kuin pienempiin haasteisiin asuinpaikasta riippumatta! <a href=\"https:\/\/elainapupikkutassut.fi\/?page_id=208\" data-type=\"page\" data-id=\"208\">Tutustu lis\u00e4\u00e4! <\/a><\/p>\n<\/div>\n<\/div>\n\n\n\n<div class=\"wp-block-columns is-layout-flex wp-container-core-columns-is-layout-9d6595d7 wp-block-columns-is-layout-flex\">\n<div class=\"wp-block-column is-layout-flow wp-block-column-is-layout-flow\" style=\"flex-basis:50%\">\n<figure class=\"wp-block-image\"><img loading=\"lazy\" decoding=\"async\" width=\"1024\" height=\"683\" src=\"https:\/\/elainapupikkutassut.fi\/wp-content\/uploads\/2026\/02\/DSCF9527-1024x683.jpg\" alt=\"\" class=\"wp-image-108\" srcset=\"https:\/\/elainapupikkutassut.fi\/wp-content\/uploads\/2026\/02\/DSCF9527-1024x683.jpg 1024w, https:\/\/elainapupikkutassut.fi\/wp-content\/uploads\/2026\/02\/DSCF9527-300x200.jpg 300w, https:\/\/elainapupikkutassut.fi\/wp-content\/uploads\/2026\/02\/DSCF9527-768x512.jpg 768w, https:\/\/elainapupikkutassut.fi\/wp-content\/uploads\/2026\/02\/DSCF9527-1536x1024.jpg 1536w, https:\/\/elainapupikkutassut.fi\/wp-content\/uploads\/2026\/02\/DSCF9527-2048x1365.jpg 2048w\" sizes=\"auto, (max-width: 1024px) 100vw, 1024px\" \/><\/figure>\n<\/div>\n\n\n\n<div class=\"wp-block-column is-layout-flow wp-block-column-is-layout-flow\" style=\"flex-basis:50%\">\n<h2 class=\"wp-block-heading\">Kotik\u00e4ynnit<\/h2>\n\n\n\n<p>Toteutettavissa Somerolla ja sen naapurikunnissa. <a href=\"https:\/\/elainapupikkutassut.fi\/?page_id=210\" data-type=\"page\" data-id=\"210\">Tutustu lis\u00e4\u00e4! <\/a><\/p>\n<\/div>\n<\/div>\n\n\n\n<div class=\"wp-block-columns is-layout-flex wp-container-core-columns-is-layout-9d6595d7 wp-block-columns-is-layout-flex\">\n<div class=\"wp-block-column is-layout-flow wp-block-column-is-layout-flow\" style=\"flex-basis:50%\">\n<figure class=\"wp-block-image\"><img loading=\"lazy\" decoding=\"async\" width=\"1024\" height=\"1024\" src=\"https:\/\/elainapupikkutassut.fi\/wp-content\/uploads\/2026\/02\/photo_2026-01-31_16-28-20-1024x1024.jpg\" alt=\"\" class=\"wp-image-211\" srcset=\"https:\/\/elainapupikkutassut.fi\/wp-content\/uploads\/2026\/02\/photo_2026-01-31_16-28-20-1024x1024.jpg 1024w, https:\/\/elainapupikkutassut.fi\/wp-content\/uploads\/2026\/02\/photo_2026-01-31_16-28-20-300x300.jpg 300w, https:\/\/elainapupikkutassut.fi\/wp-content\/uploads\/2026\/02\/photo_2026-01-31_16-28-20-150x150.jpg 150w, https:\/\/elainapupikkutassut.fi\/wp-content\/uploads\/2026\/02\/photo_2026-01-31_16-28-20-768x768.jpg 768w, https:\/\/elainapupikkutassut.fi\/wp-content\/uploads\/2026\/02\/photo_2026-01-31_16-28-20.jpg 1280w\" sizes=\"auto, (max-width: 1024px) 100vw, 1024px\" \/><\/figure>\n<\/div>\n\n\n\n<div class=\"wp-block-column is-layout-flow wp-block-column-is-layout-flow\" style=\"flex-basis:50%\">\n<h2 class=\"wp-block-heading\">Pulmapuhelu<\/h2>\n\n\n\n<p>Matalan kynnyksen palvelu pikkupulmien l\u00e4pik\u00e4ymiseen! <a href=\"https:\/\/elainapupikkutassut.fi\/?page_id=212\" data-type=\"page\" data-id=\"212\">Tutustu lis\u00e4\u00e4! <\/a><\/p>\n<\/div>\n<\/div>\n\n\n\n<p><\/p>\n","protected":false},"excerpt":{"rendered":"<p>Et\u00e4konsultaatio Apua niin suurempiin kuin pienempiin haasteisiin asuinpaikasta riippumatta! Tutustu lis\u00e4\u00e4! Kotik\u00e4ynnit Toteutettavissa Somerolla ja sen naapurikunnissa. Tutustu lis\u00e4\u00e4! Pulmapuhelu Matalan kynnyksen palvelu pikkupulmien l\u00e4pik\u00e4ymiseen! Tutustu lis\u00e4\u00e4!<\/p>\n","protected":false},"author":1,"featured_media":0,"parent":0,"menu_order":0,"comment_status":"closed","ping_status":"closed","template":"","meta":{"footnotes":""},"class_list":["post-235","page","type-page","status-publish","hentry"],"_links":{"self":[{"href":"https:\/\/elainapupikkutassut.fi\/index.php?rest_route=\/wp\/v2\/pages\/235","targetHints":{"allow":["GET"]}}],"collection":[{"href":"https:\/\/elainapupikkutassut.fi\/index.php?rest_route=\/wp\/v2\/pages"}],"about":[{"href":"https:\/\/elainapupikkutassut.fi\/index.php?rest_route=\/wp\/v2\/types\/page"}],"author":[{"embeddable":true,"href":"https:\/\/elainapupikkutassut.fi\/index.php?rest_route=\/wp\/v2\/users\/1"}],"replies":[{"embeddable":true,"href":"https:\/\/elainapupikkutassut.fi\/index.php?rest_route=%2Fwp%2Fv2%2Fcomments&post=235"}],"version-history":[{"count":5,"href":"https:\/\/elainapupikkutassut.fi\/index.php?rest_route=\/wp\/v2\/pages\/235\/revisions"}],"predecessor-version":[{"id":302,"href":"https:\/\/elainapupikkutassut.fi\/index.php?rest_route=\/wp\/v2\/pages\/235\/revisions\/302"}],"wp:attachment":[{"href":"https:\/\/elainapupikkutassut.fi\/index.php?rest_route=%2Fwp%2Fv2%2Fmedia&parent=235"}],"curies":[{"name":"wp","href":"https:\/\/api.w.org\/{rel}","templated":true}]}}