{"id":230,"date":"2026-02-10T12:07:39","date_gmt":"2026-02-10T12:07:39","guid":{"rendered":"https:\/\/elainapupikkutassut.fi\/?page_id=230"},"modified":"2026-03-06T13:18:04","modified_gmt":"2026-03-06T13:18:04","slug":"muille-elaimille","status":"publish","type":"page","link":"https:\/\/elainapupikkutassut.fi\/?page_id=230","title":{"rendered":"Muille el\u00e4imille"},"content":{"rendered":"\n<p>Onko tavoitteenasi saada tehty\u00e4 hoitotoimenpiteet el\u00e4imelle stressitt\u00f6m\u00e4sti? Kaipaatko vinkkej\u00e4 el\u00e4imen arjen virikkeist\u00e4miseen tai kiinnostaako kenties hauskojen temppujen harjoittelu? <\/p>\n\n\n\n<p>Tarjoamme koulutuspalveluita my\u00f6s muille el\u00e4imille! Ota yhteytt\u00e4 ja pyyd\u00e4 tarjous &#8211; l\u00e4hdet\u00e4\u00e4n yhdess\u00e4 miettim\u00e4\u00e4n sopivaa palvelukokonaisuutta juuri teid\u00e4n tilanteeseen! <\/p>\n\n\n<div class=\"wp-block-image\">\n<figure class=\"aligncenter size-large is-resized\"><img loading=\"lazy\" decoding=\"async\" width=\"1024\" height=\"683\" src=\"https:\/\/elainapupikkutassut.fi\/wp-content\/uploads\/2026\/02\/DSC06973-1024x683.jpg\" alt=\"\" class=\"wp-image-425\" style=\"aspect-ratio:1.499330655957162;width:594px;height:auto\" srcset=\"https:\/\/elainapupikkutassut.fi\/wp-content\/uploads\/2026\/02\/DSC06973-1024x683.jpg 1024w, https:\/\/elainapupikkutassut.fi\/wp-content\/uploads\/2026\/02\/DSC06973-300x200.jpg 300w, https:\/\/elainapupikkutassut.fi\/wp-content\/uploads\/2026\/02\/DSC06973-768x512.jpg 768w, https:\/\/elainapupikkutassut.fi\/wp-content\/uploads\/2026\/02\/DSC06973-1536x1024.jpg 1536w, https:\/\/elainapupikkutassut.fi\/wp-content\/uploads\/2026\/02\/DSC06973-2048x1365.jpg 2048w, https:\/\/elainapupikkutassut.fi\/wp-content\/uploads\/2026\/02\/DSC06973-450x300.jpg 450w\" sizes=\"auto, (max-width: 1024px) 100vw, 1024px\" \/><figcaption class=\"wp-element-caption\"><em>Aila- vuohen virikehetki. Kuva: Johanna Toivanen <\/em><\/figcaption><\/figure>\n<\/div>\n\n<div class=\"wp-block-image\">\n<figure class=\"aligncenter size-large is-resized\"><img loading=\"lazy\" decoding=\"async\" width=\"1024\" height=\"693\" src=\"https:\/\/elainapupikkutassut.fi\/wp-content\/uploads\/2026\/03\/Lumi1-1024x693.jpg\" alt=\"\" class=\"wp-image-512\" style=\"aspect-ratio:1.4776537848386564;width:605px;height:auto\" srcset=\"https:\/\/elainapupikkutassut.fi\/wp-content\/uploads\/2026\/03\/Lumi1-1024x693.jpg 1024w, https:\/\/elainapupikkutassut.fi\/wp-content\/uploads\/2026\/03\/Lumi1-300x203.jpg 300w, https:\/\/elainapupikkutassut.fi\/wp-content\/uploads\/2026\/03\/Lumi1-768x520.jpg 768w, https:\/\/elainapupikkutassut.fi\/wp-content\/uploads\/2026\/03\/Lumi1-1536x1039.jpg 1536w, https:\/\/elainapupikkutassut.fi\/wp-content\/uploads\/2026\/03\/Lumi1.jpg 1920w\" sizes=\"auto, (max-width: 1024px) 100vw, 1024px\" \/><figcaption class=\"wp-element-caption\"><em>Kynsienleikkuun tukitaidon harjoittelua Lumi- naalin kanssa. Kuva: Sari Alisaari\/El\u00e4inkoulu V\u00e4lkky <\/em><\/figcaption><\/figure>\n<\/div>","protected":false},"excerpt":{"rendered":"<p>Onko tavoitteenasi saada tehty\u00e4 hoitotoimenpiteet el\u00e4imelle stressitt\u00f6m\u00e4sti? Kaipaatko vinkkej\u00e4 el\u00e4imen arjen virikkeist\u00e4miseen tai kiinnostaako kenties hauskojen temppujen harjoittelu? Tarjoamme koulutuspalveluita my\u00f6s muille el\u00e4imille! Ota yhteytt\u00e4 ja pyyd\u00e4 tarjous &#8211; l\u00e4hdet\u00e4\u00e4n yhdess\u00e4 miettim\u00e4\u00e4n sopivaa palvelukokonaisuutta juuri teid\u00e4n tilanteeseen!<\/p>\n","protected":false},"author":1,"featured_media":0,"parent":0,"menu_order":0,"comment_status":"closed","ping_status":"closed","template":"","meta":{"footnotes":""},"class_list":["post-230","page","type-page","status-publish","hentry"],"_links":{"self":[{"href":"https:\/\/elainapupikkutassut.fi\/index.php?rest_route=\/wp\/v2\/pages\/230","targetHints":{"allow":["GET"]}}],"collection":[{"href":"https:\/\/elainapupikkutassut.fi\/index.php?rest_route=\/wp\/v2\/pages"}],"about":[{"href":"https:\/\/elainapupikkutassut.fi\/index.php?rest_route=\/wp\/v2\/types\/page"}],"author":[{"embeddable":true,"href":"https:\/\/elainapupikkutassut.fi\/index.php?rest_route=\/wp\/v2\/users\/1"}],"replies":[{"embeddable":true,"href":"https:\/\/elainapupikkutassut.fi\/index.php?rest_route=%2Fwp%2Fv2%2Fcomments&post=230"}],"version-history":[{"count":4,"href":"https:\/\/elainapupikkutassut.fi\/index.php?rest_route=\/wp\/v2\/pages\/230\/revisions"}],"predecessor-version":[{"id":516,"href":"https:\/\/elainapupikkutassut.fi\/index.php?rest_route=\/wp\/v2\/pages\/230\/revisions\/516"}],"wp:attachment":[{"href":"https:\/\/elainapupikkutassut.fi\/index.php?rest_route=%2Fwp%2Fv2%2Fmedia&parent=230"}],"curies":[{"name":"wp","href":"https:\/\/api.w.org\/{rel}","templated":true}]}}