{"id":228,"date":"2026-02-10T12:07:39","date_gmt":"2026-02-10T12:07:39","guid":{"rendered":"https:\/\/elainapupikkutassut.fi\/?page_id=228"},"modified":"2026-03-06T13:18:39","modified_gmt":"2026-03-06T13:18:39","slug":"palvelut","status":"publish","type":"page","link":"https:\/\/elainapupikkutassut.fi\/?page_id=228","title":{"rendered":"Palvelut"},"content":{"rendered":"\n<p class=\"has-text-align-left\">Toivoisitko, ett\u00e4 hoitotoimenpiteet sujuisivat mukavasti sek\u00e4 sinulle ett\u00e4 el\u00e4imellesi? Kiinnostaako harjoitella hauskoja ja hy\u00f6dyllisi\u00e4 temppuja tai muita arkea helpottavia taitoja? Vai haluatko kenties syvent\u00e4\u00e4 omaa osaamistasi mielenkiintoisten webinaariemme avulla? <\/p>\n\n\n\n<p class=\"has-text-align-left\">Tarjoamme kattavasti erilaisia palveluita kaneille ja muille el\u00e4imille &#8211; tutustu lis\u00e4\u00e4! <\/p>\n\n\n\n<p class=\"has-text-align-left has-black-color has-text-color has-link-color wp-elements-139fdf6d9748001eb76995d4079a6175\">Kaikki ajankohtaiset kurssit, webinaarit &amp; muut tapahtumat l\u00f6yd\u00e4t <a href=\"https:\/\/elainapupikkutassut.fi\/?page_id=240\" data-type=\"page\" data-id=\"240\">ajankohtaista<\/a>&#8211; sivulta!<\/p>\n\n\n\n<div class=\"wp-block-media-text is-stacked-on-mobile is-image-fill-element\"><figure class=\"wp-block-media-text__media\"><img loading=\"lazy\" decoding=\"async\" width=\"1024\" height=\"683\" src=\"https:\/\/elainapupikkutassut.fi\/wp-content\/uploads\/2026\/02\/DSCF9518-1024x683.jpg\" alt=\"\" class=\"wp-image-126 size-full\" style=\"object-position:50% 50%\" srcset=\"https:\/\/elainapupikkutassut.fi\/wp-content\/uploads\/2026\/02\/DSCF9518-1024x683.jpg 1024w, https:\/\/elainapupikkutassut.fi\/wp-content\/uploads\/2026\/02\/DSCF9518-300x200.jpg 300w, https:\/\/elainapupikkutassut.fi\/wp-content\/uploads\/2026\/02\/DSCF9518-768x512.jpg 768w, https:\/\/elainapupikkutassut.fi\/wp-content\/uploads\/2026\/02\/DSCF9518-1536x1024.jpg 1536w, https:\/\/elainapupikkutassut.fi\/wp-content\/uploads\/2026\/02\/DSCF9518-2048x1365.jpg 2048w\" sizes=\"auto, (max-width: 1024px) 100vw, 1024px\" \/><\/figure><div class=\"wp-block-media-text__content\">\n<h2 class=\"wp-block-heading has-black-color has-text-color has-link-color wp-elements-57054a65ed5916140627f9a2e2155706\"><a href=\"https:\/\/elainapupikkutassut.fi\/?page_id=266\" data-type=\"page\" data-id=\"266\">Palvelut kaneille<\/a><\/h2>\n<\/div><\/div>\n\n\n\n<div class=\"wp-block-media-text is-stacked-on-mobile is-image-fill-element\"><figure class=\"wp-block-media-text__media\"><img loading=\"lazy\" decoding=\"async\" width=\"768\" height=\"1024\" src=\"https:\/\/elainapupikkutassut.fi\/wp-content\/uploads\/2026\/03\/Luna1-768x1024.jpg\" alt=\"\" class=\"wp-image-473 size-full\" style=\"object-position:60% 59%\" srcset=\"https:\/\/elainapupikkutassut.fi\/wp-content\/uploads\/2026\/03\/Luna1-768x1024.jpg 768w, https:\/\/elainapupikkutassut.fi\/wp-content\/uploads\/2026\/03\/Luna1-225x300.jpg 225w, https:\/\/elainapupikkutassut.fi\/wp-content\/uploads\/2026\/03\/Luna1.jpg 960w\" sizes=\"auto, (max-width: 768px) 100vw, 768px\" \/><\/figure><div class=\"wp-block-media-text__content\">\n<p><\/p>\n\n\n\n<h2 class=\"wp-block-heading has-black-color has-text-color has-link-color wp-elements-91ac5ec314c1fc1d4cf0c63cbafbc95c\"><a href=\"https:\/\/elainapupikkutassut.fi\/?page_id=230\" data-type=\"page\" data-id=\"230\">Palvelut muille el\u00e4imille<\/a><\/h2>\n<\/div><\/div>\n\n\n\n<p><\/p>\n","protected":false},"excerpt":{"rendered":"<p>Toivoisitko, ett\u00e4 hoitotoimenpiteet sujuisivat mukavasti sek\u00e4 sinulle ett\u00e4 el\u00e4imellesi? Kiinnostaako harjoitella hauskoja ja hy\u00f6dyllisi\u00e4 temppuja tai muita arkea helpottavia taitoja? Vai haluatko kenties syvent\u00e4\u00e4 omaa osaamistasi mielenkiintoisten webinaariemme avulla? Tarjoamme kattavasti erilaisia palveluita kaneille ja muille el\u00e4imille &#8211; tutustu lis\u00e4\u00e4! Kaikki ajankohtaiset kurssit, webinaarit &amp; muut tapahtumat l\u00f6yd\u00e4t ajankohtaista&#8211; sivulta! Palvelut kaneille Palvelut muille el\u00e4imille<\/p>\n","protected":false},"author":1,"featured_media":0,"parent":0,"menu_order":0,"comment_status":"closed","ping_status":"closed","template":"","meta":{"footnotes":""},"class_list":["post-228","page","type-page","status-publish","hentry"],"_links":{"self":[{"href":"https:\/\/elainapupikkutassut.fi\/index.php?rest_route=\/wp\/v2\/pages\/228","targetHints":{"allow":["GET"]}}],"collection":[{"href":"https:\/\/elainapupikkutassut.fi\/index.php?rest_route=\/wp\/v2\/pages"}],"about":[{"href":"https:\/\/elainapupikkutassut.fi\/index.php?rest_route=\/wp\/v2\/types\/page"}],"author":[{"embeddable":true,"href":"https:\/\/elainapupikkutassut.fi\/index.php?rest_route=\/wp\/v2\/users\/1"}],"replies":[{"embeddable":true,"href":"https:\/\/elainapupikkutassut.fi\/index.php?rest_route=%2Fwp%2Fv2%2Fcomments&post=228"}],"version-history":[{"count":11,"href":"https:\/\/elainapupikkutassut.fi\/index.php?rest_route=\/wp\/v2\/pages\/228\/revisions"}],"predecessor-version":[{"id":503,"href":"https:\/\/elainapupikkutassut.fi\/index.php?rest_route=\/wp\/v2\/pages\/228\/revisions\/503"}],"wp:attachment":[{"href":"https:\/\/elainapupikkutassut.fi\/index.php?rest_route=%2Fwp%2Fv2%2Fmedia&parent=228"}],"curies":[{"name":"wp","href":"https:\/\/api.w.org\/{rel}","templated":true}]}}