{"id":212,"date":"2026-02-10T17:25:34","date_gmt":"2026-02-10T17:25:34","guid":{"rendered":"https:\/\/elainapupikkutassut.fi\/?page_id=212"},"modified":"2026-03-29T13:47:09","modified_gmt":"2026-03-29T13:47:09","slug":"pulmapuhelu","status":"publish","type":"page","link":"https:\/\/elainapupikkutassut.fi\/?page_id=212","title":{"rendered":"Pulmapuhelu"},"content":{"rendered":"<div class=\"wp-block-image\">\n<figure class=\"aligncenter size-large is-resized\"><img loading=\"lazy\" decoding=\"async\" width=\"1024\" height=\"1024\" src=\"https:\/\/elainapupikkutassut.fi\/wp-content\/uploads\/2026\/02\/photo_2026-01-31_16-28-20-1024x1024.jpg\" alt=\"\" class=\"wp-image-211\" style=\"width:578px;height:auto\" srcset=\"https:\/\/elainapupikkutassut.fi\/wp-content\/uploads\/2026\/02\/photo_2026-01-31_16-28-20-1024x1024.jpg 1024w, https:\/\/elainapupikkutassut.fi\/wp-content\/uploads\/2026\/02\/photo_2026-01-31_16-28-20-300x300.jpg 300w, https:\/\/elainapupikkutassut.fi\/wp-content\/uploads\/2026\/02\/photo_2026-01-31_16-28-20-150x150.jpg 150w, https:\/\/elainapupikkutassut.fi\/wp-content\/uploads\/2026\/02\/photo_2026-01-31_16-28-20-768x768.jpg 768w, https:\/\/elainapupikkutassut.fi\/wp-content\/uploads\/2026\/02\/photo_2026-01-31_16-28-20.jpg 1280w\" sizes=\"auto, (max-width: 1024px) 100vw, 1024px\" \/><\/figure>\n<\/div>\n\n\n<p><\/p>\n\n\n\n<p class=\"has-text-align-center\">Tarvitsetko apuja ja neuvoja pienten pupupulmien kanssa?<\/p>\n\n\n\n<p class=\"has-text-align-center\"><strong>Pulmapuhelu <\/strong>on mainio palvelu erilaisten pikkupulmien l\u00e4pik\u00e4ymiseen! T\u00e4m\u00e4 on my\u00f6s erinomainen vaihtoehto tutustua palveluihimme, jos esimerkiksi et\u00e4konsultaatioajan varaaminen viel\u00e4 mietitytt\u00e4\u00e4. <\/p>\n\n\n\n<p>Pulmapuhelussa voidaan keskustella esimerkiksi: <\/p>\n\n\n\n<ul class=\"wp-block-list\">\n<li>kanien virikkeist\u00e4misest\u00e4 <\/li>\n\n\n\n<li>kanien yhdist\u00e4mistilanteeseen liittyvist\u00e4 jutuista <\/li>\n\n\n\n<li>kanin kokonaisvaltaiseen hyvinvointiin vaikuttavista tekij\u00f6ist\u00e4 <\/li>\n\n\n\n<li>kanien hankkimisesta ja siihen liittyvist\u00e4 mielt\u00e4 askarruttavista asioista <\/li>\n\n\n\n<li>arkitaitojen opetteluun ja harjoitteluun liittyvist\u00e4 asioista <\/li>\n<\/ul>\n\n\n\n<p class=\"has-text-align-center\">Pulmapuhelun kesto on 30 minuuttia. Ennen varsinaista puhelua asiakas saa s\u00e4hk\u00f6postitse t\u00e4ytett\u00e4v\u00e4ksi pienen esitietolomakkeen, joka tulee t\u00e4ytt\u00e4\u00e4 ennen varsinaista pulmapuhelua. Pulmapuhelu voidaan toteuttaa normaalina puhelinsoittona tai esimerkiksi WhatsAppin videopuheluna (my\u00f6s keskustelu Teamsin tai Google Meetin kautta mahdollista). Pulmapuheluun ei sis\u00e4lly kirjallisia jatko-ohjeita. <\/p>\n\n\n\n<p class=\"has-text-align-center\">Pulmapuhelun hinta 35\u20ac.<\/p>\n\n\n\n<p class=\"has-text-align-center has-black-color has-text-color has-link-color wp-elements-84ce221d4b991d98fed582ace937f2cb\">Varaa &amp; osta aika pulmapuheluun <a href=\"https:\/\/slotti.fi\/booking\/elainapupikkutassut\/#\/\">ajanvarauskalenterista<\/a> tai ota yhteytt\u00e4 s\u00e4hk\u00f6postitse\/puhelimitse!<\/p>\n\n\n\n<p><\/p>\n","protected":false},"excerpt":{"rendered":"<p>Tarvitsetko apuja ja neuvoja pienten pupupulmien kanssa? Pulmapuhelu on mainio palvelu erilaisten pikkupulmien l\u00e4pik\u00e4ymiseen! T\u00e4m\u00e4 on my\u00f6s erinomainen vaihtoehto tutustua palveluihimme, jos esimerkiksi et\u00e4konsultaatioajan varaaminen viel\u00e4 mietitytt\u00e4\u00e4. Pulmapuhelussa voidaan keskustella esimerkiksi: Pulmapuhelun kesto on 30 minuuttia. Ennen varsinaista puhelua asiakas saa s\u00e4hk\u00f6postitse t\u00e4ytett\u00e4v\u00e4ksi pienen esitietolomakkeen, joka tulee t\u00e4ytt\u00e4\u00e4 ennen varsinaista pulmapuhelua. Pulmapuhelu voidaan toteuttaa normaalina &hellip; <\/p>\n","protected":false},"author":1,"featured_media":0,"parent":0,"menu_order":0,"comment_status":"closed","ping_status":"closed","template":"","meta":{"footnotes":""},"class_list":["post-212","page","type-page","status-publish","hentry"],"_links":{"self":[{"href":"https:\/\/elainapupikkutassut.fi\/index.php?rest_route=\/wp\/v2\/pages\/212","targetHints":{"allow":["GET"]}}],"collection":[{"href":"https:\/\/elainapupikkutassut.fi\/index.php?rest_route=\/wp\/v2\/pages"}],"about":[{"href":"https:\/\/elainapupikkutassut.fi\/index.php?rest_route=\/wp\/v2\/types\/page"}],"author":[{"embeddable":true,"href":"https:\/\/elainapupikkutassut.fi\/index.php?rest_route=\/wp\/v2\/users\/1"}],"replies":[{"embeddable":true,"href":"https:\/\/elainapupikkutassut.fi\/index.php?rest_route=%2Fwp%2Fv2%2Fcomments&post=212"}],"version-history":[{"count":7,"href":"https:\/\/elainapupikkutassut.fi\/index.php?rest_route=\/wp\/v2\/pages\/212\/revisions"}],"predecessor-version":[{"id":777,"href":"https:\/\/elainapupikkutassut.fi\/index.php?rest_route=\/wp\/v2\/pages\/212\/revisions\/777"}],"wp:attachment":[{"href":"https:\/\/elainapupikkutassut.fi\/index.php?rest_route=%2Fwp%2Fv2%2Fmedia&parent=212"}],"curies":[{"name":"wp","href":"https:\/\/api.w.org\/{rel}","templated":true}]}}