{"id":210,"date":"2026-02-10T17:13:08","date_gmt":"2026-02-10T17:13:08","guid":{"rendered":"https:\/\/elainapupikkutassut.fi\/?page_id=210"},"modified":"2026-03-29T13:46:31","modified_gmt":"2026-03-29T13:46:31","slug":"kotikaynnit","status":"publish","type":"page","link":"https:\/\/elainapupikkutassut.fi\/?page_id=210","title":{"rendered":"Kotik\u00e4ynnit"},"content":{"rendered":"<div class=\"wp-block-image\">\n<figure class=\"aligncenter size-large is-resized\"><img loading=\"lazy\" decoding=\"async\" width=\"1024\" height=\"683\" src=\"https:\/\/elainapupikkutassut.fi\/wp-content\/uploads\/2026\/02\/DSCF9527-1-1024x683.jpg\" alt=\"\" class=\"wp-image-111\" style=\"aspect-ratio:1.499330655957162;width:695px;height:auto\" srcset=\"https:\/\/elainapupikkutassut.fi\/wp-content\/uploads\/2026\/02\/DSCF9527-1-1024x683.jpg 1024w, https:\/\/elainapupikkutassut.fi\/wp-content\/uploads\/2026\/02\/DSCF9527-1-300x200.jpg 300w, https:\/\/elainapupikkutassut.fi\/wp-content\/uploads\/2026\/02\/DSCF9527-1-768x512.jpg 768w, https:\/\/elainapupikkutassut.fi\/wp-content\/uploads\/2026\/02\/DSCF9527-1-1536x1024.jpg 1536w, https:\/\/elainapupikkutassut.fi\/wp-content\/uploads\/2026\/02\/DSCF9527-1-2048x1365.jpg 2048w\" sizes=\"auto, (max-width: 1024px) 100vw, 1024px\" \/><\/figure>\n<\/div>\n\n\n<p><\/p>\n\n\n\n<p class=\"has-text-align-center\">Vinkkej\u00e4 kanin virikkeist\u00e4miseen, apua k\u00e4sittelyhaasteisiin &#8211; vaiko kenties tukea ja neuvoja kaneista haaveilevalle?<\/p>\n\n\n\n<p class=\"has-text-align-center\"><strong>Kotik\u00e4ynneill\u00e4 <\/strong>voidaan perehty\u00e4 hyvin moniin mielt\u00e4 askarruttaviin pupuasioihin, oli tavoitteenasi sitten rento ja sujuva arki kanien kanssa, hoitotoimenpiteiden tekeminen stressitt\u00f6m\u00e4sti tai haluat vain pohdiskella kanien virikkeist\u00e4miseen ja hyvinvointiin liittyvi\u00e4 asioita. <\/p>\n\n\n\n<p class=\"has-text-align-center\">Kotik\u00e4ynneiss\u00e4 Pikkutassujen kouluttaja saapuu asiakkaan luokse, kanien ei koskaan tarvitse matkustaa kouluttajan luokse. Kotik\u00e4ynnit toteutetaan aina kanil\u00e4ht\u00f6isesti, kaneja ja asiakasta kuunnellen.<\/p>\n\n\n\n<p>Kotik\u00e4ynneill\u00e4 voidaan k\u00e4yd\u00e4 l\u00e4pi esimerkiksi: <\/p>\n\n\n\n<ul class=\"wp-block-list\">\n<li>kanin k\u00e4yt\u00f6shaasteita <\/li>\n\n\n\n<li>kanien yhdist\u00e4miseen liittyvi\u00e4 asioita <\/li>\n\n\n\n<li>kanien virikkeist\u00e4miseen liittyvi\u00e4 juttuja <\/li>\n\n\n\n<li>hoitotoimenpiteiden tekemist\u00e4 kanille stressitt\u00f6m\u00e4sti <\/li>\n\n\n\n<li>erilaisten temppujen harjoittelemista <\/li>\n\n\n\n<li>sujuvien arkitaitojen harjoittelua <\/li>\n\n\n\n<li>kanien hankkimiseen liittyvi\u00e4 huomioita ja seikkoja <\/li>\n\n\n\n<li>kanien elekieleen ja kommunikointiin liittyvi\u00e4 juttuja <\/li>\n\n\n\n<li>kanien eri ik\u00e4kausia ja niiden tuomia haasteita <\/li>\n<\/ul>\n\n\n\n<p class=\"has-text-align-center\">Yksi kotik\u00e4ynti on kestoltaan yhden tunnin mittainen. Saatavana on my\u00f6s kolmen kerran kotik\u00e4yntipaketti, joka on hyv\u00e4 vaihtoehto esimerkiksi pidempiin koulutusprojekteihin tai silloin, kun k\u00e4sitelt\u00e4vi\u00e4 asioita on paljon. <\/p>\n\n\n\n<p class=\"has-text-align-center\">Kotik\u00e4ynti sis\u00e4lt\u00e4\u00e4 alkukartoituksen, kotik\u00e4ynnin sek\u00e4 kirjalliset jatko-ohjeet, jotka r\u00e4\u00e4t\u00e4l\u00f6id\u00e4\u00e4n yksil\u00f6llisesti asiakkaan tarpeisiin sopiviksi. <\/p>\n\n\n\n<p class=\"has-text-align-center\">Hinta 60\u20ac\/h. Kolmen kerran paketin hinta 153\u20ac. Kotik\u00e4yntien hintaan lis\u00e4t\u00e4\u00e4n my\u00f6s mahdolliset matkakulut (0,50\u20ac\/km, kun yhdensuuntainen matka on yli 10km).<\/p>\n\n\n\n<p class=\"has-text-align-center has-black-color has-text-color has-link-color wp-elements-13dd40801326ff643311d6cb346052a7\">Varaa &amp; osta aika kotik\u00e4yntiin <a href=\"https:\/\/slotti.fi\/booking\/elainapupikkutassut\/#\/\">ajanvarauskalenterista<\/a> tai ota yhteytt\u00e4 s\u00e4hk\u00f6postitse\/puhelimitse! (mahdolliset km- korvaukset laskutetaan erikseen).<\/p>\n\n\n\n<p class=\"has-text-align-center\">Kotik\u00e4yntej\u00e4 tehd\u00e4\u00e4n Somerolla sek\u00e4 kaikissa Someron naapurikunnissa. Jos et ole varma, onnistuuko kotik\u00e4ynti sinun luoksesi, ota yhteytt\u00e4!<\/p>\n","protected":false},"excerpt":{"rendered":"<p>Vinkkej\u00e4 kanin virikkeist\u00e4miseen, apua k\u00e4sittelyhaasteisiin &#8211; vaiko kenties tukea ja neuvoja kaneista haaveilevalle? Kotik\u00e4ynneill\u00e4 voidaan perehty\u00e4 hyvin moniin mielt\u00e4 askarruttaviin pupuasioihin, oli tavoitteenasi sitten rento ja sujuva arki kanien kanssa, hoitotoimenpiteiden tekeminen stressitt\u00f6m\u00e4sti tai haluat vain pohdiskella kanien virikkeist\u00e4miseen ja hyvinvointiin liittyvi\u00e4 asioita. Kotik\u00e4ynneiss\u00e4 Pikkutassujen kouluttaja saapuu asiakkaan luokse, kanien ei koskaan tarvitse matkustaa kouluttajan &hellip; <\/p>\n","protected":false},"author":1,"featured_media":0,"parent":0,"menu_order":0,"comment_status":"closed","ping_status":"closed","template":"","meta":{"footnotes":""},"class_list":["post-210","page","type-page","status-publish","hentry"],"_links":{"self":[{"href":"https:\/\/elainapupikkutassut.fi\/index.php?rest_route=\/wp\/v2\/pages\/210","targetHints":{"allow":["GET"]}}],"collection":[{"href":"https:\/\/elainapupikkutassut.fi\/index.php?rest_route=\/wp\/v2\/pages"}],"about":[{"href":"https:\/\/elainapupikkutassut.fi\/index.php?rest_route=\/wp\/v2\/types\/page"}],"author":[{"embeddable":true,"href":"https:\/\/elainapupikkutassut.fi\/index.php?rest_route=\/wp\/v2\/users\/1"}],"replies":[{"embeddable":true,"href":"https:\/\/elainapupikkutassut.fi\/index.php?rest_route=%2Fwp%2Fv2%2Fcomments&post=210"}],"version-history":[{"count":8,"href":"https:\/\/elainapupikkutassut.fi\/index.php?rest_route=\/wp\/v2\/pages\/210\/revisions"}],"predecessor-version":[{"id":776,"href":"https:\/\/elainapupikkutassut.fi\/index.php?rest_route=\/wp\/v2\/pages\/210\/revisions\/776"}],"wp:attachment":[{"href":"https:\/\/elainapupikkutassut.fi\/index.php?rest_route=%2Fwp%2Fv2%2Fmedia&parent=210"}],"curies":[{"name":"wp","href":"https:\/\/api.w.org\/{rel}","templated":true}]}}