{"id":208,"date":"2026-02-10T16:51:50","date_gmt":"2026-02-10T16:51:50","guid":{"rendered":"https:\/\/elainapupikkutassut.fi\/?page_id=208"},"modified":"2026-03-29T13:45:37","modified_gmt":"2026-03-29T13:45:37","slug":"etakonsultaatio","status":"publish","type":"page","link":"https:\/\/elainapupikkutassut.fi\/?page_id=208","title":{"rendered":"Et\u00e4konsultaatio"},"content":{"rendered":"<div class=\"wp-block-image\">\n<figure class=\"aligncenter size-large is-resized\"><img loading=\"lazy\" decoding=\"async\" width=\"1024\" height=\"683\" src=\"https:\/\/elainapupikkutassut.fi\/wp-content\/uploads\/2026\/02\/DSCF9500-1024x683.jpg\" alt=\"\" class=\"wp-image-207\" style=\"aspect-ratio:1.499330655957162;width:648px;height:auto\" srcset=\"https:\/\/elainapupikkutassut.fi\/wp-content\/uploads\/2026\/02\/DSCF9500-1024x683.jpg 1024w, https:\/\/elainapupikkutassut.fi\/wp-content\/uploads\/2026\/02\/DSCF9500-300x200.jpg 300w, https:\/\/elainapupikkutassut.fi\/wp-content\/uploads\/2026\/02\/DSCF9500-768x512.jpg 768w, https:\/\/elainapupikkutassut.fi\/wp-content\/uploads\/2026\/02\/DSCF9500-1536x1024.jpg 1536w, https:\/\/elainapupikkutassut.fi\/wp-content\/uploads\/2026\/02\/DSCF9500-2048x1365.jpg 2048w\" sizes=\"auto, (max-width: 1024px) 100vw, 1024px\" \/><\/figure>\n<\/div>\n\n\n<p><\/p>\n\n\n\n<p class=\"has-text-align-center\">Tarvitsetko apua kanien k\u00e4yt\u00f6shaasteiden ratkomiseen? Tuottaako kanien yhdist\u00e4minen harmaita hiuksia? Haluaisitko tehd\u00e4 hoitotoimenpiteist\u00e4 kanille miellytt\u00e4v\u00e4mpi\u00e4 tai kenties harjoitella hauskoja temppuja kanisi kanssa?<\/p>\n\n\n\n<p class=\"has-text-align-center\"><strong>Et\u00e4konsultaatio <\/strong>on mainio palvelu hyvin monenlaisten pupuasioiden l\u00e4pik\u00e4ymiseen, ja se on erityisen hyv\u00e4 vaihtoehto aroille ja herkemmille kaneille. Et\u00e4yhteyden kautta tapahtuvaan konsultaatioon voit my\u00f6s osallistua mist\u00e4 p\u00e4in tahansa asuinpaikastasi riippumatta! <\/p>\n\n\n\n<p class=\"has-text-align-left\">Konsultaatiosta saat apua esimerkiksi: <\/p>\n\n\n\n<ul class=\"wp-block-list\">\n<li>Kanin k\u00e4yt\u00f6shaasteiden ratkomiseen<\/li>\n\n\n\n<li>Kanien yhdist\u00e4mishaasteisiin<\/li>\n\n\n\n<li>Neuvoja ja vinkkej\u00e4 kanien virikkeist\u00e4miseen<\/li>\n\n\n\n<li>Sujuvien arkitaitojen harjoittelemiseen<\/li>\n\n\n\n<li>Hoitotoimenpiteiden harjoitteluun<\/li>\n\n\n\n<li>Erilaisten hauskojen temppujen harjoitteluun<\/li>\n\n\n\n<li>Tukea ja neuvontaa kanien hankkimista harkitseville<\/li>\n\n\n\n<li>Kanien elekielen ja kommunikaation tulkintaan<\/li>\n\n\n\n<li>Vinkkej\u00e4 ja neuvoja kanien eri ik\u00e4kausiin ja niiden tuomiin haasteisiin<\/li>\n<\/ul>\n\n\n\n<p class=\"has-text-align-center\">Yhteen et\u00e4konsultaatioon varataan aikaa yksi tunti. Saatavana on my\u00f6s kolmen kerran et\u00e4konsultointipaketti, joka on hyv\u00e4 vaihtoehto esimerkiksi pidempiin koulutusprojekteihin. Kolmen kerran paketti sopii my\u00f6s tilanteisiin, joissa l\u00e4pik\u00e4yt\u00e4vi\u00e4 pupuasioita on paljon. <\/p>\n\n\n\n<p class=\"has-text-align-center\">Et\u00e4konsultaatio sis\u00e4lt\u00e4\u00e4 alkukartoituksen, et\u00e4yhteydell\u00e4 toteutettavan konsultaatioajan Pikkutassujen kouluttajan kanssa sek\u00e4 kirjalliset jatko-ohjeet, jotka r\u00e4\u00e4t\u00e4l\u00f6id\u00e4\u00e4n yksil\u00f6llisesti asiakkaan tarpeisiin sopivaksi. <\/p>\n\n\n\n<p class=\"has-text-align-center\">Hinta 60\u20ac\/h. Kolmen kerran et\u00e4konsultaatiopaketin hinta 153\u20ac.<\/p>\n\n\n\n<p class=\"has-text-align-center has-black-color has-text-color has-link-color wp-elements-6c4c72832818c17fd41b8a22669ed347\">Varaa &amp; osta aikasi et\u00e4konsultaatioon <a href=\"https:\/\/slotti.fi\/booking\/elainapupikkutassut\/#\/\">ajanvarauskalenterista<\/a> tai ota yhteytt\u00e4 s\u00e4hk\u00f6postitse\/puhelimitse! <\/p>\n\n\n\n<blockquote class=\"wp-block-quote is-layout-flow wp-block-quote-is-layout-flow\">\n<p class=\"has-text-align-center has-medium-font-size\"><em>Olemme todella tyytyv\u00e4isi\u00e4 saamaamme tukeen ja et\u00e4apuun kanien yhdist\u00e4misprosessissa. Vaikka apu tapahtui et\u00e4n\u00e4, kouluttaja ymm\u00e4rsi kertomamme sek\u00e4 l\u00e4hett\u00e4miemme kuvien ja videoiden perusteella antaa tukea ja ohjeita meit\u00e4 mietitytt\u00e4neisiin yhdist\u00e4misen eri vaiheisiin. Kouluttaja my\u00f6s vastasi viesteihimme ilman pitk\u00e4\u00e4 viivett\u00e4.<\/em><\/p>\n\n\n\n<p class=\"has-text-align-center has-small-font-size\"><em>Asiakaspalaute et\u00e4konsultaatiosta <\/em><\/p>\n<\/blockquote>\n","protected":false},"excerpt":{"rendered":"<p>Tarvitsetko apua kanien k\u00e4yt\u00f6shaasteiden ratkomiseen? Tuottaako kanien yhdist\u00e4minen harmaita hiuksia? Haluaisitko tehd\u00e4 hoitotoimenpiteist\u00e4 kanille miellytt\u00e4v\u00e4mpi\u00e4 tai kenties harjoitella hauskoja temppuja kanisi kanssa? Et\u00e4konsultaatio on mainio palvelu hyvin monenlaisten pupuasioiden l\u00e4pik\u00e4ymiseen, ja se on erityisen hyv\u00e4 vaihtoehto aroille ja herkemmille kaneille. Et\u00e4yhteyden kautta tapahtuvaan konsultaatioon voit my\u00f6s osallistua mist\u00e4 p\u00e4in tahansa asuinpaikastasi riippumatta! Konsultaatiosta saat apua &hellip; <\/p>\n","protected":false},"author":1,"featured_media":0,"parent":0,"menu_order":0,"comment_status":"closed","ping_status":"closed","template":"","meta":{"footnotes":""},"class_list":["post-208","page","type-page","status-publish","hentry"],"_links":{"self":[{"href":"https:\/\/elainapupikkutassut.fi\/index.php?rest_route=\/wp\/v2\/pages\/208","targetHints":{"allow":["GET"]}}],"collection":[{"href":"https:\/\/elainapupikkutassut.fi\/index.php?rest_route=\/wp\/v2\/pages"}],"about":[{"href":"https:\/\/elainapupikkutassut.fi\/index.php?rest_route=\/wp\/v2\/types\/page"}],"author":[{"embeddable":true,"href":"https:\/\/elainapupikkutassut.fi\/index.php?rest_route=\/wp\/v2\/users\/1"}],"replies":[{"embeddable":true,"href":"https:\/\/elainapupikkutassut.fi\/index.php?rest_route=%2Fwp%2Fv2%2Fcomments&post=208"}],"version-history":[{"count":16,"href":"https:\/\/elainapupikkutassut.fi\/index.php?rest_route=\/wp\/v2\/pages\/208\/revisions"}],"predecessor-version":[{"id":773,"href":"https:\/\/elainapupikkutassut.fi\/index.php?rest_route=\/wp\/v2\/pages\/208\/revisions\/773"}],"wp:attachment":[{"href":"https:\/\/elainapupikkutassut.fi\/index.php?rest_route=%2Fwp%2Fv2%2Fmedia&parent=208"}],"curies":[{"name":"wp","href":"https:\/\/api.w.org\/{rel}","templated":true}]}}