{"id":173,"date":"2026-02-09T15:33:46","date_gmt":"2026-02-09T15:33:46","guid":{"rendered":"https:\/\/elainapupikkutassut.fi\/?page_id=173"},"modified":"2026-03-06T13:19:27","modified_gmt":"2026-03-06T13:19:27","slug":"toimintafilosofia","status":"publish","type":"page","link":"https:\/\/elainapupikkutassut.fi\/?page_id=173","title":{"rendered":"Toimintafilosofia"},"content":{"rendered":"<div class=\"wp-block-image\">\n<figure class=\"aligncenter size-large is-resized\"><img loading=\"lazy\" decoding=\"async\" width=\"1024\" height=\"683\" src=\"https:\/\/elainapupikkutassut.fi\/wp-content\/uploads\/2026\/02\/Kuva-5-1024x683.jpg\" alt=\"\" class=\"wp-image-331\" style=\"aspect-ratio:1.499330655957162;width:766px;height:auto\" srcset=\"https:\/\/elainapupikkutassut.fi\/wp-content\/uploads\/2026\/02\/Kuva-5-1024x683.jpg 1024w, https:\/\/elainapupikkutassut.fi\/wp-content\/uploads\/2026\/02\/Kuva-5-300x200.jpg 300w, https:\/\/elainapupikkutassut.fi\/wp-content\/uploads\/2026\/02\/Kuva-5-768x512.jpg 768w, https:\/\/elainapupikkutassut.fi\/wp-content\/uploads\/2026\/02\/Kuva-5-1536x1024.jpg 1536w, https:\/\/elainapupikkutassut.fi\/wp-content\/uploads\/2026\/02\/Kuva-5-2048x1365.jpg 2048w\" sizes=\"auto, (max-width: 1024px) 100vw, 1024px\" \/><\/figure>\n<\/div>\n\n\n<p><\/p>\n\n\n\n<h2 class=\"wp-block-heading has-text-align-center\">Arvot ja toimintaperiaatteet<\/h2>\n\n\n\n<p class=\"has-text-align-center\">El\u00e4imi\u00e4 kouluttaessa k\u00e4yt\u00e4mme nykyaikaisia, tutkittuun tietoon perustuvia koulutusmenetelmi\u00e4. Koulutustavat pohjautuvat <strong>positiivisiin menetelmiin,<\/strong> <strong>joissa emme k\u00e4yt\u00e4 koskaan<\/strong> <strong>fyysist\u00e4 pakottamista tai rankaisemista, painostamista tai pelon ja kivun tuottamista el\u00e4imelle. <\/strong>Koulutusmetodimme perustuvat <strong>positiiviseen vahvistamiseen ja el\u00e4imen palkitsemiseen. <\/strong><\/p>\n\n\n\n<p class=\"has-text-align-center\">Jokainen el\u00e4in- ja ihmisasiakas kohdataan meill\u00e4 aina <strong>yksil\u00f6n\u00e4.<\/strong> Meit\u00e4 voi l\u00e4hesty\u00e4 matalalla kynnyksell\u00e4 ja olemme tukenasi niin pienemmiss\u00e4 kuin suuremmissa haasteissa. Pyrimme aina l\u00f6yt\u00e4m\u00e4\u00e4n tilanteeseenne sellaisia ratkaisuja, jotka sopivat juuri sinulle ja sinun el\u00e4imillesi. Meille el\u00e4inten kokonaisvaltainen hyvinvointi sek\u00e4 el\u00e4inl\u00e4ht\u00f6iset toimintatavat ovat eritt\u00e4in t\u00e4rkeit\u00e4.<\/p>\n\n\n\n<p class=\"has-text-align-center\">Olemme <strong>Suomen El\u00e4intenkouluttajat ry:n <\/strong>j\u00e4senkouluttaja ja olemme t\u00e4ten sitoutuneet noudattamaan yhdistyksen <strong>eettisi\u00e4 s\u00e4\u00e4nt\u00f6j\u00e4. <\/strong>P\u00e4\u00e4set tutustumaan eettisiin s\u00e4\u00e4nt\u00f6ihin <a href=\"https:\/\/www.elaintenkouluttajat.com\/yhdistys\/463-2\/\">t\u00e4\u00e4lt\u00e4. <\/a><\/p>\n\n\n<div class=\"wp-block-image\">\n<figure class=\"aligncenter size-large is-resized\"><img loading=\"lazy\" decoding=\"async\" width=\"1024\" height=\"388\" src=\"https:\/\/elainapupikkutassut.fi\/wp-content\/uploads\/2026\/02\/suomen_elaintenkouluttajat_jasen_transparent_web-copy_1045px-1024x388.png\" alt=\"\" class=\"wp-image-341\" style=\"width:500px;height:auto\" srcset=\"https:\/\/elainapupikkutassut.fi\/wp-content\/uploads\/2026\/02\/suomen_elaintenkouluttajat_jasen_transparent_web-copy_1045px-1024x388.png 1024w, https:\/\/elainapupikkutassut.fi\/wp-content\/uploads\/2026\/02\/suomen_elaintenkouluttajat_jasen_transparent_web-copy_1045px-300x114.png 300w, https:\/\/elainapupikkutassut.fi\/wp-content\/uploads\/2026\/02\/suomen_elaintenkouluttajat_jasen_transparent_web-copy_1045px-768x291.png 768w, https:\/\/elainapupikkutassut.fi\/wp-content\/uploads\/2026\/02\/suomen_elaintenkouluttajat_jasen_transparent_web-copy_1045px.png 1045w\" sizes=\"auto, (max-width: 1024px) 100vw, 1024px\" \/><\/figure>\n<\/div>","protected":false},"excerpt":{"rendered":"<p>Arvot ja toimintaperiaatteet El\u00e4imi\u00e4 kouluttaessa k\u00e4yt\u00e4mme nykyaikaisia, tutkittuun tietoon perustuvia koulutusmenetelmi\u00e4. Koulutustavat pohjautuvat positiivisiin menetelmiin, joissa emme k\u00e4yt\u00e4 koskaan fyysist\u00e4 pakottamista tai rankaisemista, painostamista tai pelon ja kivun tuottamista el\u00e4imelle. Koulutusmetodimme perustuvat positiiviseen vahvistamiseen ja el\u00e4imen palkitsemiseen. Jokainen el\u00e4in- ja ihmisasiakas kohdataan meill\u00e4 aina yksil\u00f6n\u00e4. Meit\u00e4 voi l\u00e4hesty\u00e4 matalalla kynnyksell\u00e4 ja olemme tukenasi niin pienemmiss\u00e4 &hellip; <\/p>\n","protected":false},"author":1,"featured_media":0,"parent":0,"menu_order":0,"comment_status":"closed","ping_status":"closed","template":"","meta":{"footnotes":""},"class_list":["post-173","page","type-page","status-publish","hentry"],"_links":{"self":[{"href":"https:\/\/elainapupikkutassut.fi\/index.php?rest_route=\/wp\/v2\/pages\/173","targetHints":{"allow":["GET"]}}],"collection":[{"href":"https:\/\/elainapupikkutassut.fi\/index.php?rest_route=\/wp\/v2\/pages"}],"about":[{"href":"https:\/\/elainapupikkutassut.fi\/index.php?rest_route=\/wp\/v2\/types\/page"}],"author":[{"embeddable":true,"href":"https:\/\/elainapupikkutassut.fi\/index.php?rest_route=\/wp\/v2\/users\/1"}],"replies":[{"embeddable":true,"href":"https:\/\/elainapupikkutassut.fi\/index.php?rest_route=%2Fwp%2Fv2%2Fcomments&post=173"}],"version-history":[{"count":12,"href":"https:\/\/elainapupikkutassut.fi\/index.php?rest_route=\/wp\/v2\/pages\/173\/revisions"}],"predecessor-version":[{"id":595,"href":"https:\/\/elainapupikkutassut.fi\/index.php?rest_route=\/wp\/v2\/pages\/173\/revisions\/595"}],"wp:attachment":[{"href":"https:\/\/elainapupikkutassut.fi\/index.php?rest_route=%2Fwp%2Fv2%2Fmedia&parent=173"}],"curies":[{"name":"wp","href":"https:\/\/api.w.org\/{rel}","templated":true}]}}