{"id":136,"date":"2026-02-09T14:07:31","date_gmt":"2026-02-09T14:07:31","guid":{"rendered":"https:\/\/elainapupikkutassut.fi\/?page_id=136"},"modified":"2026-03-06T13:15:54","modified_gmt":"2026-03-06T13:15:54","slug":"kanin-kouluttaminen","status":"publish","type":"page","link":"https:\/\/elainapupikkutassut.fi\/?page_id=136","title":{"rendered":"Kanien kouluttaminen"},"content":{"rendered":"\n<figure class=\"wp-block-gallery has-nested-images columns-default is-cropped wp-block-gallery-1 is-layout-flex wp-block-gallery-is-layout-flex\">\n<figure class=\"wp-block-image size-large\"><img loading=\"lazy\" decoding=\"async\" width=\"1024\" height=\"683\" data-id=\"132\" src=\"https:\/\/elainapupikkutassut.fi\/wp-content\/uploads\/2026\/02\/DSCF9502-1024x683.jpg\" alt=\"\" class=\"wp-image-132\" srcset=\"https:\/\/elainapupikkutassut.fi\/wp-content\/uploads\/2026\/02\/DSCF9502-1024x683.jpg 1024w, https:\/\/elainapupikkutassut.fi\/wp-content\/uploads\/2026\/02\/DSCF9502-300x200.jpg 300w, https:\/\/elainapupikkutassut.fi\/wp-content\/uploads\/2026\/02\/DSCF9502-768x512.jpg 768w, https:\/\/elainapupikkutassut.fi\/wp-content\/uploads\/2026\/02\/DSCF9502-1536x1024.jpg 1536w, https:\/\/elainapupikkutassut.fi\/wp-content\/uploads\/2026\/02\/DSCF9502-2048x1365.jpg 2048w\" sizes=\"auto, (max-width: 1024px) 100vw, 1024px\" \/><figcaption class=\"wp-element-caption\"><em>Kouluttamisen avulla voidaan saada eri hoitotoimenpiteist\u00e4 kanille aidosti mielekk\u00e4it\u00e4 tilanteita. <\/em><\/figcaption><\/figure>\n<\/figure>\n\n\n\n<h2 class=\"wp-block-heading\">Kanejakin voidaan kouluttaa! <\/h2>\n\n\n\n<p>Kaneja on pidetty pitk\u00e4\u00e4n h\u00f6lm\u00f6in\u00e4, yksinkertaisina ja v\u00e4h\u00e4\u00e4n tyytyvin\u00e4 el\u00e4imin\u00e4. Todellisuudessa kanit ovat oikeastaan jopa melko vaativiakin lemmikkej\u00e4, jotka tarvitsevat paljon puuhaa ja mahdollisuuksia toteuttaa kaneille t\u00e4rkeit\u00e4 lajityypillisi\u00e4 k\u00e4ytt\u00e4ytymistarpeitaan voidakseen hyvin. Kanit ovat my\u00f6s valtavan \u00e4lykk\u00e4it\u00e4 el\u00e4imi\u00e4, jotka oppivat uusia asioita nopeasti. Kouluttaminen tarjoaakin kaneille todella mielek\u00e4st\u00e4 puuhasteltavaa ja aivojumppaa! Kouluttaminen sopii jokaiselle kanille juniorista senioriin. <\/p>\n\n\n\n<p>Kouluttamisella on paljon kanin hyvinvointiin vaikuttavia tekij\u00f6it\u00e4, sill\u00e4 se mm. <\/p>\n\n\n\n<ul class=\"wp-block-list\">\n<li>kasvattaa kanin itseluottamusta <\/li>\n\n\n\n<li>tarjoaa mielek\u00e4st\u00e4 aivojumppaa <\/li>\n\n\n\n<li>vahvistaa kanin ja ihmisen v\u00e4list\u00e4 sidett\u00e4<\/li>\n\n\n\n<li>voi olla avuksi mm. hoitotoimenpiteiden harjoittelussa <\/li>\n\n\n\n<li>kasvattaa kanin luottamusta ihmist\u00e4 kohtaan <\/li>\n<\/ul>\n\n\n\n<h2 class=\"wp-block-heading\">Kanil\u00e4ht\u00f6ist\u00e4 oppimista <\/h2>\n\n\n\n<p>Jotta kouluttaminen olisi kaneille aidosti motivoivaa ja mielek\u00e4st\u00e4, tulee kouluttamisen tapahtua <strong>kanil\u00e4ht\u00f6isesti.<\/strong> T\u00e4m\u00e4 tarkoittaa sit\u00e4, ett\u00e4 kouluttamisessa edet\u00e4\u00e4n kanien ehdoilla ja kaneja kuunnellen. Kanien kouluttamisessa tulisikin k\u00e4ytt\u00e4\u00e4 <strong>positiivista vahvistamista<\/strong>, joka perustuu halutun k\u00e4yt\u00f6ksen vahvistamiseen.<\/p>\n\n\n\n<p>Uusien taitojen harjoittelun tulisikin olla kaneille ennen kaikkea hauskaa ja mielek\u00e4st\u00e4 puuhaa! Kun kouluttamistilanteeseen liittyy paljon kaneille positiivisia ja mielekk\u00e4it\u00e4 juttuja, on uusien taitojen oppiminenkin helpompaa ja nopeampaa &#8211; ja ennen kaikkea hauskaa! <\/p>\n\n\n<div class=\"wp-block-image\">\n<figure class=\"aligncenter size-full is-resized\"><img loading=\"lazy\" decoding=\"async\" width=\"2560\" height=\"1707\" src=\"https:\/\/elainapupikkutassut.fi\/wp-content\/uploads\/2026\/03\/IMG_0448-scaled.jpg\" alt=\"\" class=\"wp-image-478\" style=\"aspect-ratio:1.779418550992155;width:636px;height:auto\" srcset=\"https:\/\/elainapupikkutassut.fi\/wp-content\/uploads\/2026\/03\/IMG_0448-scaled.jpg 2560w, https:\/\/elainapupikkutassut.fi\/wp-content\/uploads\/2026\/03\/IMG_0448-300x200.jpg 300w, https:\/\/elainapupikkutassut.fi\/wp-content\/uploads\/2026\/03\/IMG_0448-1024x683.jpg 1024w, https:\/\/elainapupikkutassut.fi\/wp-content\/uploads\/2026\/03\/IMG_0448-768x512.jpg 768w, https:\/\/elainapupikkutassut.fi\/wp-content\/uploads\/2026\/03\/IMG_0448-1536x1024.jpg 1536w, https:\/\/elainapupikkutassut.fi\/wp-content\/uploads\/2026\/03\/IMG_0448-2048x1365.jpg 2048w, https:\/\/elainapupikkutassut.fi\/wp-content\/uploads\/2026\/03\/IMG_0448-450x300.jpg 450w\" sizes=\"auto, (max-width: 2560px) 100vw, 2560px\" \/><figcaption class=\"wp-element-caption\"><em>Kania kouluttaessa on t\u00e4rke\u00e4t\u00e4, ett\u00e4 koulutus on kanin silmiss\u00e4 hauskaa ja mielek\u00e4st\u00e4. Kuva: Sari Alisaari\/El\u00e4inkoulu V\u00e4lkky <\/em><\/figcaption><\/figure>\n<\/div>\n\n\n<p><\/p>\n\n\n\n<h2 class=\"wp-block-heading\">Mit\u00e4 kaneille voidaan opettaa? <\/h2>\n\n\n\n<p>Kaneille voidaan opettaa hyvin monenlaisia taitoja, kuten esimerkiksi<\/p>\n\n\n\n<ul class=\"wp-block-list\">\n<li>erilaisia hauskoja temppuja <\/li>\n\n\n\n<li>arkea sujuvoittavia taitoja, kuten vaikkapa kuljetuskoppaan menemist\u00e4 tai luoksetuloa <\/li>\n\n\n\n<li>hoitotoimenpiteiden tekemist\u00e4 kaneille mielekk\u00e4\u00e4ll\u00e4 tavalla <\/li>\n\n\n\n<li>estehypyn tai jonkin muun mieluisan harrastuksen taitoja <\/li>\n<\/ul>\n\n\n\n<p><\/p>\n\n\n\n<h2 class=\"wp-block-heading\">Kiinnostaako kanien kouluttaminen? <\/h2>\n\n\n\n<p>Oli toiveenasi sitten estehyppyharrastuksen aloittaminen, hauskojen temppujen opettaminen tai kanien kynsienleikkuun toteuttaminen kaneille stressitt\u00f6m\u00e4sti, ota rohkeasti yhteytt\u00e4! <\/p>\n\n\n<div class=\"wp-block-image\">\n<figure class=\"aligncenter size-large is-resized\"><img loading=\"lazy\" decoding=\"async\" width=\"684\" height=\"1024\" src=\"https:\/\/elainapupikkutassut.fi\/wp-content\/uploads\/2026\/02\/2-684x1024.jpg\" alt=\"\" class=\"wp-image-170\" style=\"width:480px;height:auto\" srcset=\"https:\/\/elainapupikkutassut.fi\/wp-content\/uploads\/2026\/02\/2-684x1024.jpg 684w, https:\/\/elainapupikkutassut.fi\/wp-content\/uploads\/2026\/02\/2-200x300.jpg 200w, https:\/\/elainapupikkutassut.fi\/wp-content\/uploads\/2026\/02\/2-768x1150.jpg 768w, https:\/\/elainapupikkutassut.fi\/wp-content\/uploads\/2026\/02\/2-1026x1536.jpg 1026w, https:\/\/elainapupikkutassut.fi\/wp-content\/uploads\/2026\/02\/2-1368x2048.jpg 1368w, https:\/\/elainapupikkutassut.fi\/wp-content\/uploads\/2026\/02\/2-scaled.jpg 1709w\" sizes=\"auto, (max-width: 684px) 100vw, 684px\" \/><figcaption class=\"wp-element-caption\"><em>Erilaiset tassukohteet toimivat loistavana tukitaitona esim. erilaisiin hoitotoimenpiteisiin, arkitaitojen opettamiseen tai vaikkapa jumppaamiseen! <\/em><\/figcaption><\/figure>\n<\/div>","protected":false},"excerpt":{"rendered":"<p>Kanejakin voidaan kouluttaa! Kaneja on pidetty pitk\u00e4\u00e4n h\u00f6lm\u00f6in\u00e4, yksinkertaisina ja v\u00e4h\u00e4\u00e4n tyytyvin\u00e4 el\u00e4imin\u00e4. Todellisuudessa kanit ovat oikeastaan jopa melko vaativiakin lemmikkej\u00e4, jotka tarvitsevat paljon puuhaa ja mahdollisuuksia toteuttaa kaneille t\u00e4rkeit\u00e4 lajityypillisi\u00e4 k\u00e4ytt\u00e4ytymistarpeitaan voidakseen hyvin. Kanit ovat my\u00f6s valtavan \u00e4lykk\u00e4it\u00e4 el\u00e4imi\u00e4, jotka oppivat uusia asioita nopeasti. Kouluttaminen tarjoaakin kaneille todella mielek\u00e4st\u00e4 puuhasteltavaa ja aivojumppaa! Kouluttaminen sopii &hellip; <\/p>\n","protected":false},"author":1,"featured_media":0,"parent":0,"menu_order":0,"comment_status":"closed","ping_status":"closed","template":"","meta":{"footnotes":""},"class_list":["post-136","page","type-page","status-publish","hentry"],"_links":{"self":[{"href":"https:\/\/elainapupikkutassut.fi\/index.php?rest_route=\/wp\/v2\/pages\/136","targetHints":{"allow":["GET"]}}],"collection":[{"href":"https:\/\/elainapupikkutassut.fi\/index.php?rest_route=\/wp\/v2\/pages"}],"about":[{"href":"https:\/\/elainapupikkutassut.fi\/index.php?rest_route=\/wp\/v2\/types\/page"}],"author":[{"embeddable":true,"href":"https:\/\/elainapupikkutassut.fi\/index.php?rest_route=\/wp\/v2\/users\/1"}],"replies":[{"embeddable":true,"href":"https:\/\/elainapupikkutassut.fi\/index.php?rest_route=%2Fwp%2Fv2%2Fcomments&post=136"}],"version-history":[{"count":18,"href":"https:\/\/elainapupikkutassut.fi\/index.php?rest_route=\/wp\/v2\/pages\/136\/revisions"}],"predecessor-version":[{"id":484,"href":"https:\/\/elainapupikkutassut.fi\/index.php?rest_route=\/wp\/v2\/pages\/136\/revisions\/484"}],"wp:attachment":[{"href":"https:\/\/elainapupikkutassut.fi\/index.php?rest_route=%2Fwp%2Fv2%2Fmedia&parent=136"}],"curies":[{"name":"wp","href":"https:\/\/api.w.org\/{rel}","templated":true}]}}